{"id":38991,"date":"2015-05-02T19:25:03","date_gmt":"2015-05-02T19:25:03","guid":{"rendered":"https:\/\/www.jacobi.net\/about\/"},"modified":"2025-01-31T14:58:44","modified_gmt":"2025-01-31T14:58:44","slug":"o-nas","status":"publish","type":"page","link":"https:\/\/www.jacobi.net\/pl\/o-nas\/","title":{"rendered":"O nas"},"content":{"rendered":"\t\t<div data-elementor-type=\"wp-page\" data-elementor-id=\"38991\" class=\"elementor elementor-38991 elementor-14870\" data-elementor-post-type=\"page\">\n\t\t\t\t<div class=\"elementor-element elementor-element-1abfe0e2 e-flex e-con-boxed e-con e-parent\" data-id=\"1abfe0e2\" data-element_type=\"container\" data-e-type=\"container\">\n\t\t\t\t\t<div class=\"e-con-inner\">\n\t\t<div class=\"elementor-element elementor-element-db7ebda e-flex e-con-boxed e-con e-child\" data-id=\"db7ebda\" data-element_type=\"container\" data-e-type=\"container\">\n\t\t\t\t\t<div class=\"e-con-inner\">\n\t\t\t\t<div class=\"elementor-element elementor-element-35a72840 elementor-widget elementor-widget-text-editor\" data-id=\"35a72840\" data-element_type=\"widget\" data-e-type=\"widget\" data-widget_type=\"text-editor.default\">\n\t\t\t\t<div class=\"elementor-widget-container\">\n\t\t\t\t\t\t\t\t\t<p>O NAS<\/p>\t\t\t\t\t\t\t\t<\/div>\n\t\t\t\t<\/div>\n\t\t\t\t<div class=\"elementor-element elementor-element-1decaf6a elementor-widget-divider--view-line elementor-widget elementor-widget-divider\" data-id=\"1decaf6a\" data-element_type=\"widget\" data-e-type=\"widget\" data-widget_type=\"divider.default\">\n\t\t\t\t<div class=\"elementor-widget-container\">\n\t\t\t\t\t\t\t<div class=\"elementor-divider\">\n\t\t\t<span class=\"elementor-divider-separator\">\n\t\t\t\t\t\t<\/span>\n\t\t<\/div>\n\t\t\t\t\t\t<\/div>\n\t\t\t\t<\/div>\n\t\t\t\t\t<\/div>\n\t\t\t\t<\/div>\n\t\t\t\t\t<\/div>\n\t\t\t\t<\/div>\n\t\t<div class=\"elementor-element elementor-element-828f64c e-flex e-con-boxed e-con e-parent\" data-id=\"828f64c\" data-element_type=\"container\" data-e-type=\"container\">\n\t\t\t\t\t<div class=\"e-con-inner\">\n\t\t\t\t<div class=\"elementor-element elementor-element-127929bc elementor-widget elementor-widget-image\" data-id=\"127929bc\" data-element_type=\"widget\" data-e-type=\"widget\" data-widget_type=\"image.default\">\n\t\t\t\t<div class=\"elementor-widget-container\">\n\t\t\t\t\t\t\t\t\t\t\t\t\t\t\t<img fetchpriority=\"high\" decoding=\"async\" width=\"1200\" height=\"493\" src=\"https:\/\/www.jacobi.net\/wp-content\/uploads\/2024\/03\/Filters-3-About-Us-page.png\" class=\"attachment-full size-full wp-image-45086\" alt=\"\" srcset=\"https:\/\/www.jacobi.net\/wp-content\/uploads\/2024\/03\/Filters-3-About-Us-page.png 1200w, https:\/\/www.jacobi.net\/wp-content\/uploads\/2024\/03\/Filters-3-About-Us-page-300x123.png 300w, https:\/\/www.jacobi.net\/wp-content\/uploads\/2024\/03\/Filters-3-About-Us-page-1024x421.png 1024w, https:\/\/www.jacobi.net\/wp-content\/uploads\/2024\/03\/Filters-3-About-Us-page-768x316.png 768w\" sizes=\"(max-width: 1200px) 100vw, 1200px\" \/>\t\t\t\t\t\t\t\t\t\t\t\t\t\t\t<\/div>\n\t\t\t\t<\/div>\n\t\t\t\t\t<\/div>\n\t\t\t\t<\/div>\n\t\t<div class=\"elementor-element elementor-element-2bd6fe6a e-flex e-con-boxed e-con e-parent\" data-id=\"2bd6fe6a\" data-element_type=\"container\" data-e-type=\"container\">\n\t\t\t\t\t<div class=\"e-con-inner\">\n\t\t\t\t<div class=\"elementor-element elementor-element-1cc5f175 elementor-widget elementor-widget-heading\" data-id=\"1cc5f175\" data-element_type=\"widget\" data-e-type=\"widget\" data-widget_type=\"heading.default\">\n\t\t\t\t<div class=\"elementor-widget-container\">\n\t\t\t\t\t<h2 class=\"elementor-heading-title elementor-size-default\">Jacobi Group jest\u2026<\/h2>\t\t\t\t<\/div>\n\t\t\t\t<\/div>\n\t\t\t\t\t<\/div>\n\t\t\t\t<\/div>\n\t\t<div class=\"elementor-element elementor-element-43f6fcf4 e-flex e-con-boxed e-con e-parent\" data-id=\"43f6fcf4\" data-element_type=\"container\" data-e-type=\"container\">\n\t\t\t\t\t<div class=\"e-con-inner\">\n\t\t<div class=\"elementor-element elementor-element-3d08af74 e-con-full e-flex e-con e-child\" data-id=\"3d08af74\" data-element_type=\"container\" data-e-type=\"container\">\n\t\t\t\t<div class=\"elementor-element elementor-element-1df761a8 elementor-widget elementor-widget-text-editor\" data-id=\"1df761a8\" data-element_type=\"widget\" data-e-type=\"widget\" data-widget_type=\"text-editor.default\">\n\t\t\t\t<div class=\"elementor-widget-container\">\n\t\t\t\t\t\t\t\t\t<p>\u2026 sp\u00f3\u0142k\u0105 zale\u017cn\u0105 nale\u017c\u0105c\u0105 w ca\u0142o\u015bci do Osaka Gas Chemicals Co., Ltd. (OGC). OGC przej\u0119\u0142o firm\u0119 Jacobi w 2014 roku.<\/p><p>\u2026 jest zobowi\u0105zana do stania si\u0119 najbardziej zr\u00f3wnowa\u017conym dostawc\u0105 w bran\u017cy. Koncentrujemy si\u0119 na bezpiecze\u0144stwie, potrzebach naszych klient\u00f3w, naszych ludzi i spo\u0142eczno\u015bci, w kt\u00f3rych dzia\u0142amy. Podj\u0119cie innowacyjnego podej\u015bcia w celu zaspokojenia przysz\u0142ych potrzeb klient\u00f3w i zmniejszenia naszego wp\u0142ywu na \u015brodowisko.<\/p><p>\u2026najwi\u0119kszy na \u015bwiecie producent w\u0119gla aktywowanego pozyskiwanego z \u0142upin orzecha kokosowego o mocach przerobowych dwa razy wi\u0119kszych ni\u017c jakikolwiek inny producent. Skorupa orzecha kokosowego jest najbardziej zr\u00f3wnowa\u017conym surowcem komercyjnym do produkcji w\u0119gla aktywowanego.<\/p><p>\u2026 jest globaln\u0105 organizacj\u0105 produkcyjn\u0105, posiadaj\u0105c\u0105 20 zak\u0142ad\u00f3w produkcyjnych i przetw\u00f3rczych oraz 2 zak\u0142ady reaktywacji w Europie.<\/p>\t\t\t\t\t\t\t\t<\/div>\n\t\t\t\t<\/div>\n\t\t\t\t<\/div>\n\t\t<div class=\"elementor-element elementor-element-16f6bc0b e-con-full e-flex e-con e-child\" data-id=\"16f6bc0b\" data-element_type=\"container\" data-e-type=\"container\">\n\t\t\t\t<div class=\"elementor-element elementor-element-74cd895f elementor-widget elementor-widget-text-editor\" data-id=\"74cd895f\" data-element_type=\"widget\" data-e-type=\"widget\" data-widget_type=\"text-editor.default\">\n\t\t\t\t<div class=\"elementor-widget-container\">\n\t\t\t\t\t\t\t\t\t\u2026 dostawc\u0105 najszerszej gamy w\u0119gli aktywnych w bran\u017cy, w tym w\u0119gli na bazie \u0142upin orzech\u00f3w kokosowych, w\u0119gla bitumicznego, w\u0119gla brunatnego i drewna. Produkty s\u0105 oferowane dla klient\u00f3w w formie sproszkowanej (pylisty w\u0119giel aktywny), granulowanej, wyt\u0142aczanej w formie pelet, sferycznej i w postaci tkanin filcowych. Jacobi oferuje r\u00f3wnie\u017c pe\u0142n\u0105 gam\u0119 uzupe\u0142niaj\u0105cych \u017cywic jonowymiennych i rozwi\u0105za\u0144 w zakresie obs\u0142ugi filtr\u00f3w.\n\n\u2026 firm\u0105, kt\u00f3ra d\u0105\u017cy do bycia najbardziej innowacyjnym graczem przy udziale naszej wiod\u0105cej w bran\u017cy grupy badawczo-rozwojowej z siedzib\u0105 w Japonii.\n\n\u2026 grup\u0105 1850 oddanych, profesjonalnych pracownik\u00f3w.\n\n\u2026 zobowi\u0105zana do jednej prostej misji: by\u0107 preferowanym dostawc\u0105 dlanaszych klient\u00f3w w\u0119gla aktywowanego, \u017cywicy jonowymiennej i rozwi\u0105za\u0144 serwisowych dla filtr\u00f3w wraz z pomoc\u0105 techniczn\u0105 i obs\u0142ug\u0105 klienta, kt\u00f3re nie maj\u0105 sobie r\u00f3wnych.\t\t\t\t\t\t\t\t<\/div>\n\t\t\t\t<\/div>\n\t\t\t\t<\/div>\n\t\t\t\t\t<\/div>\n\t\t\t\t<\/div>\n\t\t<div class=\"elementor-element elementor-element-6bb63ea4 e-flex e-con-boxed e-con e-parent\" data-id=\"6bb63ea4\" data-element_type=\"container\" data-e-type=\"container\">\n\t\t\t\t\t<div class=\"e-con-inner\">\n\t\t<div class=\"elementor-element elementor-element-c74ed56 e-con-full e-flex e-con e-child\" data-id=\"c74ed56\" data-element_type=\"container\" data-e-type=\"container\">\n\t\t\t\t<div class=\"elementor-element elementor-element-4d2e3fd elementor-widget elementor-widget-image\" data-id=\"4d2e3fd\" data-element_type=\"widget\" data-e-type=\"widget\" data-widget_type=\"image.default\">\n\t\t\t\t<div class=\"elementor-widget-container\">\n\t\t\t\t\t\t\t\t\t\t\t\t\t\t\t<img decoding=\"async\" width=\"800\" height=\"800\" src=\"https:\/\/www.jacobi.net\/wp-content\/uploads\/2020\/07\/About-Us-Page-22-1.jpg\" class=\"attachment-full size-full wp-image-35285\" alt=\"\" srcset=\"https:\/\/www.jacobi.net\/wp-content\/uploads\/2020\/07\/About-Us-Page-22-1.jpg 800w, https:\/\/www.jacobi.net\/wp-content\/uploads\/2020\/07\/About-Us-Page-22-1-300x300.jpg 300w, https:\/\/www.jacobi.net\/wp-content\/uploads\/2020\/07\/About-Us-Page-22-1-150x150.jpg 150w, https:\/\/www.jacobi.net\/wp-content\/uploads\/2020\/07\/About-Us-Page-22-1-768x768.jpg 768w, https:\/\/www.jacobi.net\/wp-content\/uploads\/2020\/07\/About-Us-Page-22-1-595xh.jpg 595w\" sizes=\"(max-width: 800px) 100vw, 800px\" \/>\t\t\t\t\t\t\t\t\t\t\t\t\t\t\t<\/div>\n\t\t\t\t<\/div>\n\t\t\t\t<div class=\"elementor-element elementor-element-33488034 elementor-widget elementor-widget-text-editor\" data-id=\"33488034\" data-element_type=\"widget\" data-e-type=\"widget\" data-widget_type=\"text-editor.default\">\n\t\t\t\t<div class=\"elementor-widget-container\">\n\t\t\t\t\t\t\t\t\t<h3><strong><span style=\"font-size: 14pt;\">Firma jako\u015bciowa<\/span><\/strong><\/h3><p>Jacobi Carbons jest w pe\u0142ni zaanga\u017cowany w kompleksowe podej\u015bcie do jako\u015bci, pocz\u0105wszy od pierwszej rozmowy telefonicznej, id\u0105c do przodu i upewniaj\u0105c si\u0119, \u017ce dostarczony produkt spe\u0142nia i przekracza okre\u015blone wymagania.<\/p><p>Jacobi Carbons to akredytowana organizacja spe\u0142niaj\u0105ca wymogi surowych mi\u0119dzynarodowych standard\u00f3w ISO-9000, posiadaj\u0105ca lokalne akredytacje w kwestii produkcji, dystrybucji i administracji.<\/p><p>Nasze surowe normy jako\u015bci s\u0105 gwarancj\u0105 tego, \u017ce za ka\u017cdym razem otrzymasz produkt wysokiej jako\u015bci w najlepszym na rynku opakowaniu oraz wspania\u0142\u0105 obs\u0142ug\u0119 klienta.<\/p>\t\t\t\t\t\t\t\t<\/div>\n\t\t\t\t<\/div>\n\t\t\t\t<\/div>\n\t\t<div class=\"elementor-element elementor-element-5f704b74 e-con-full e-flex e-con e-child\" data-id=\"5f704b74\" data-element_type=\"container\" data-e-type=\"container\">\n\t\t\t\t<div class=\"elementor-element elementor-element-53876c71 elementor-widget elementor-widget-image\" data-id=\"53876c71\" data-element_type=\"widget\" data-e-type=\"widget\" data-widget_type=\"image.default\">\n\t\t\t\t<div class=\"elementor-widget-container\">\n\t\t\t\t\t\t\t\t\t\t\t\t\t\t\t<img decoding=\"async\" width=\"800\" height=\"800\" src=\"https:\/\/www.jacobi.net\/wp-content\/uploads\/2020\/07\/About-Us-Page-1.jpg\" class=\"attachment-full size-full wp-image-35240\" alt=\"\" srcset=\"https:\/\/www.jacobi.net\/wp-content\/uploads\/2020\/07\/About-Us-Page-1.jpg 800w, https:\/\/www.jacobi.net\/wp-content\/uploads\/2020\/07\/About-Us-Page-1-300x300.jpg 300w, https:\/\/www.jacobi.net\/wp-content\/uploads\/2020\/07\/About-Us-Page-1-150x150.jpg 150w, https:\/\/www.jacobi.net\/wp-content\/uploads\/2020\/07\/About-Us-Page-1-768x768.jpg 768w, https:\/\/www.jacobi.net\/wp-content\/uploads\/2020\/07\/About-Us-Page-1-595xh.jpg 595w\" sizes=\"(max-width: 800px) 100vw, 800px\" \/>\t\t\t\t\t\t\t\t\t\t\t\t\t\t\t<\/div>\n\t\t\t\t<\/div>\n\t\t\t\t<div class=\"elementor-element elementor-element-7d6ae58f elementor-widget elementor-widget-text-editor\" data-id=\"7d6ae58f\" data-element_type=\"widget\" data-e-type=\"widget\" data-widget_type=\"text-editor.default\">\n\t\t\t\t<div class=\"elementor-widget-container\">\n\t\t\t\t\t\t\t\t\t<h3><span style=\"font-size: 14pt;\"><strong>Odpowiedzialna firma<\/strong><\/span><\/h3><p>Jacobi Carbons jest bardzo \u015bwiadomy odpowiedzialno\u015bci, \u017ce du\u017ca korporacja posiada r\u00f3wnomierny dobrobyt i prawa swoich pracownik\u00f3w i zainteresowanych stron. Co wi\u0119cej umiejscowienie wielu zak\u0142ad\u00f3w produkcyjnych w krajach rozwijaj\u0105cych si\u0119 sprawia, \u017ce musimy by\u0107 pewni, \u017ce wp\u0142yw spo\u0142eczny naszych dzia\u0142a\u0144 na regiony, w kt\u00f3rych jeste\u015bmy obecni, jest pozytywny. Jacobi obiema r\u0119koma podpisuje si\u0119 pod podstawowymi za\u0142o\u017ceniami takich organizacji jak SIDA (Szwedzka Agencja ds. Rozwoju Mi\u0119dzynarodowego), kt\u00f3ra wymaga od inwestor\u00f3w zapewnienia ochrony pracownikom oraz ich rodzinom, aktywnego wk\u0142adu w rozw\u00f3j lokalnej spo\u0142eczno\u015bci, a tak\u017ce zabrania im wykorzystywania os\u00f3b m\u0142odych i s\u0142abszych. Jacobi Carbons nie wykorzystuje do pracy dzieci, ani nie \u0142amie przepis\u00f3w dotycz\u0105cych p\u0142acy minimalnej oraz warunk\u00f3w zatrudnienia.<\/p>\t\t\t\t\t\t\t\t<\/div>\n\t\t\t\t<\/div>\n\t\t\t\t<\/div>\n\t\t<div class=\"elementor-element elementor-element-6d81bcc7 e-con-full e-flex e-con e-child\" data-id=\"6d81bcc7\" data-element_type=\"container\" data-e-type=\"container\">\n\t\t\t\t<div class=\"elementor-element elementor-element-4d373333 elementor-widget elementor-widget-image\" data-id=\"4d373333\" data-element_type=\"widget\" data-e-type=\"widget\" data-widget_type=\"image.default\">\n\t\t\t\t<div class=\"elementor-widget-container\">\n\t\t\t\t\t\t\t\t\t\t\t\t\t\t\t<img loading=\"lazy\" decoding=\"async\" width=\"800\" height=\"800\" src=\"https:\/\/www.jacobi.net\/wp-content\/uploads\/2020\/07\/About-Us-Page-3.jpg\" class=\"attachment-full size-full wp-image-35258\" alt=\"\" srcset=\"https:\/\/www.jacobi.net\/wp-content\/uploads\/2020\/07\/About-Us-Page-3.jpg 800w, https:\/\/www.jacobi.net\/wp-content\/uploads\/2020\/07\/About-Us-Page-3-300x300.jpg 300w, https:\/\/www.jacobi.net\/wp-content\/uploads\/2020\/07\/About-Us-Page-3-150x150.jpg 150w, https:\/\/www.jacobi.net\/wp-content\/uploads\/2020\/07\/About-Us-Page-3-768x768.jpg 768w, https:\/\/www.jacobi.net\/wp-content\/uploads\/2020\/07\/About-Us-Page-3-595xh.jpg 595w\" sizes=\"(max-width: 800px) 100vw, 800px\" \/>\t\t\t\t\t\t\t\t\t\t\t\t\t\t\t<\/div>\n\t\t\t\t<\/div>\n\t\t\t\t<div class=\"elementor-element elementor-element-5a0fd7d elementor-widget elementor-widget-text-editor\" data-id=\"5a0fd7d\" data-element_type=\"widget\" data-e-type=\"widget\" data-widget_type=\"text-editor.default\">\n\t\t\t\t<div class=\"elementor-widget-container\">\n\t\t\t\t\t\t\t\t\t<h3><span style=\"font-size: 14pt;\"><strong>Zr\u00f3wnowa\u017cona firma<\/strong><\/span><\/h3><p>Wykorzystywanie naturalnych zasob\u00f3w ziemi jest wa\u017cnym tematem na etapie projektowania zak\u0142ad\u00f3w produkcyjnych Jacobi Carbons. Produkcja w\u0119gla aktywowanego ma wp\u0142yw na \u015brodowisko, jednak mo\u017cna go zmniejszy\u0107 poprzez ostro\u017cne zarz\u0105dzanie procesem, wyb\u00f3r surowc\u00f3w pozyskiwanych w zr\u00f3wnowa\u017cony spos\u00f3b oraz ponowne wykorzystanie produkt\u00f3w ubocznych. Ka\u017cdy z zak\u0142ad\u00f3w Jacobi pos\u0142uguje si\u0119 nowoczesnym, wydajnym sprz\u0119tem. Staramy si\u0119 ponownie wykorzystywa\u0107 produkowane ciep\u0142o oraz wod\u0119, gdy tylko jest to mo\u017cliwe. Wszelka nadwy\u017cka wytworzonej energii jest oddawana do lokalnych sieci.<\/p>\t\t\t\t\t\t\t\t<\/div>\n\t\t\t\t<\/div>\n\t\t\t\t<\/div>\n\t\t\t\t\t<\/div>\n\t\t\t\t<\/div>\n\t\t\t\t<\/div>\n\t\t","protected":false},"excerpt":{"rendered":"<p>O NAS Jacobi Group jest\u2026 \u2026 sp\u00f3\u0142k\u0105 zale\u017cn\u0105 nale\u017c\u0105c\u0105 w ca\u0142o\u015bci do Osaka Gas Chemicals Co., Ltd. (OGC). OGC przej\u0119\u0142o firm\u0119 Jacobi w 2014 roku. \u2026 jest zobowi\u0105zana do stania si\u0119 najbardziej zr\u00f3wnowa\u017conym dostawc\u0105 w bran\u017cy. Koncentrujemy si\u0119 na bezpiecze\u0144stwie, potrzebach naszych klient\u00f3w, naszych ludzi i spo\u0142eczno\u015bci, w kt\u00f3rych dzia\u0142amy. Podj\u0119cie innowacyjnego podej\u015bcia w celu&hellip;<\/p>\n","protected":false},"author":1,"featured_media":46676,"parent":0,"menu_order":0,"comment_status":"closed","ping_status":"closed","template":"","meta":{"_acf_changed":false,"footnotes":""},"class_list":["post-38991","page","type-page","status-publish","has-post-thumbnail","hentry"],"acf":[],"yoast_head":"<!-- This site is optimized with the Yoast SEO Premium plugin v27.3 (Yoast SEO v27.3) - https:\/\/yoast.com\/product\/yoast-seo-premium-wordpress\/ -->\n<title>Jacobi: A Leading Activated Carbon Supplier &amp; Manufacturer<\/title>\n<meta name=\"description\" content=\"Supplier of the broadest array of activated carbons in the industry, including carbons based on coconut shell, bituminous coal, lignite, and wood.\" \/>\n<meta name=\"robots\" content=\"index, follow, max-snippet:-1, max-image-preview:large, max-video-preview:-1\" \/>\n<link rel=\"canonical\" href=\"https:\/\/www.jacobi.net\/pl\/o-nas\/\" \/>\n<meta property=\"og:locale\" content=\"pl_PL\" \/>\n<meta property=\"og:type\" content=\"article\" \/>\n<meta property=\"og:title\" content=\"O nas\" \/>\n<meta property=\"og:description\" content=\"Supplier of the broadest array of activated carbons in the industry, including carbons based on coconut shell, bituminous coal, lignite, and wood.\" \/>\n<meta property=\"og:url\" content=\"https:\/\/www.jacobi.net\/pl\/o-nas\/\" \/>\n<meta property=\"og:site_name\" content=\"Jacobi Group\" \/>\n<meta property=\"article:publisher\" content=\"https:\/\/www.facebook.com\/JacobiCarbonsGroup\" \/>\n<meta property=\"article:modified_time\" content=\"2025-01-31T14:58:44+00:00\" \/>\n<meta property=\"og:image\" content=\"https:\/\/www.jacobi.net\/wp-content\/uploads\/2024\/04\/header.jpg\" \/>\n\t<meta property=\"og:image:width\" content=\"936\" \/>\n\t<meta property=\"og:image:height\" content=\"624\" \/>\n\t<meta property=\"og:image:type\" content=\"image\/jpeg\" \/>\n<meta name=\"twitter:card\" content=\"summary_large_image\" \/>\n<meta name=\"twitter:site\" content=\"@jacobi_carbons\" \/>\n<meta name=\"twitter:label1\" content=\"Szacowany czas czytania\" \/>\n\t<meta name=\"twitter:data1\" content=\"4 minuty\" \/>\n<script type=\"application\/ld+json\" class=\"yoast-schema-graph\">{\"@context\":\"https:\\\/\\\/schema.org\",\"@graph\":[{\"@type\":\"WebPage\",\"@id\":\"https:\\\/\\\/www.jacobi.net\\\/pl\\\/o-nas\\\/\",\"url\":\"https:\\\/\\\/www.jacobi.net\\\/pl\\\/o-nas\\\/\",\"name\":\"Jacobi: A Leading Activated Carbon Supplier & Manufacturer\",\"isPartOf\":{\"@id\":\"https:\\\/\\\/www.jacobi.net\\\/pl\\\/#website\"},\"primaryImageOfPage\":{\"@id\":\"https:\\\/\\\/www.jacobi.net\\\/pl\\\/o-nas\\\/#primaryimage\"},\"image\":{\"@id\":\"https:\\\/\\\/www.jacobi.net\\\/pl\\\/o-nas\\\/#primaryimage\"},\"thumbnailUrl\":\"https:\\\/\\\/www.jacobi.net\\\/wp-content\\\/uploads\\\/2024\\\/04\\\/header.jpg\",\"datePublished\":\"2015-05-02T19:25:03+00:00\",\"dateModified\":\"2025-01-31T14:58:44+00:00\",\"description\":\"Supplier of the broadest array of activated carbons in the industry, including carbons based on coconut shell, bituminous coal, lignite, and wood.\",\"breadcrumb\":{\"@id\":\"https:\\\/\\\/www.jacobi.net\\\/pl\\\/o-nas\\\/#breadcrumb\"},\"inLanguage\":\"pl-PL\",\"potentialAction\":[{\"@type\":\"ReadAction\",\"target\":[\"https:\\\/\\\/www.jacobi.net\\\/pl\\\/o-nas\\\/\"]}]},{\"@type\":\"ImageObject\",\"inLanguage\":\"pl-PL\",\"@id\":\"https:\\\/\\\/www.jacobi.net\\\/pl\\\/o-nas\\\/#primaryimage\",\"url\":\"https:\\\/\\\/www.jacobi.net\\\/wp-content\\\/uploads\\\/2024\\\/04\\\/header.jpg\",\"contentUrl\":\"https:\\\/\\\/www.jacobi.net\\\/wp-content\\\/uploads\\\/2024\\\/04\\\/header.jpg\",\"width\":936,\"height\":624},{\"@type\":\"BreadcrumbList\",\"@id\":\"https:\\\/\\\/www.jacobi.net\\\/pl\\\/o-nas\\\/#breadcrumb\",\"itemListElement\":[{\"@type\":\"ListItem\",\"position\":1,\"name\":\"Home\",\"item\":\"https:\\\/\\\/www.jacobi.net\\\/pl\\\/strona-glowna\\\/\"},{\"@type\":\"ListItem\",\"position\":2,\"name\":\"O nas\"}]},{\"@type\":\"WebSite\",\"@id\":\"https:\\\/\\\/www.jacobi.net\\\/pl\\\/#website\",\"url\":\"https:\\\/\\\/www.jacobi.net\\\/pl\\\/\",\"name\":\"Jacobi Group\",\"description\":\"The Carbon Company\",\"publisher\":{\"@id\":\"https:\\\/\\\/www.jacobi.net\\\/pl\\\/#organization\"},\"potentialAction\":[{\"@type\":\"SearchAction\",\"target\":{\"@type\":\"EntryPoint\",\"urlTemplate\":\"https:\\\/\\\/www.jacobi.net\\\/pl\\\/?s={search_term_string}\"},\"query-input\":{\"@type\":\"PropertyValueSpecification\",\"valueRequired\":true,\"valueName\":\"search_term_string\"}}],\"inLanguage\":\"pl-PL\"},{\"@type\":\"Organization\",\"@id\":\"https:\\\/\\\/www.jacobi.net\\\/pl\\\/#organization\",\"name\":\"Jacobi Group\",\"url\":\"https:\\\/\\\/www.jacobi.net\\\/pl\\\/\",\"logo\":{\"@type\":\"ImageObject\",\"inLanguage\":\"pl-PL\",\"@id\":\"https:\\\/\\\/www.jacobi.net\\\/pl\\\/#\\\/schema\\\/logo\\\/image\\\/\",\"url\":\"https:\\\/\\\/www.jacobi.net\\\/wp-content\\\/uploads\\\/2020\\\/06\\\/jacobi-retina-header.png\",\"contentUrl\":\"https:\\\/\\\/www.jacobi.net\\\/wp-content\\\/uploads\\\/2020\\\/06\\\/jacobi-retina-header.png\",\"width\":196,\"height\":110,\"caption\":\"Jacobi Group\"},\"image\":{\"@id\":\"https:\\\/\\\/www.jacobi.net\\\/pl\\\/#\\\/schema\\\/logo\\\/image\\\/\"},\"sameAs\":[\"https:\\\/\\\/www.facebook.com\\\/JacobiCarbonsGroup\",\"https:\\\/\\\/x.com\\\/jacobi_carbons\",\"https:\\\/\\\/www.linkedin.com\\\/company\\\/jacobi-carbons\\\/\",\"https:\\\/\\\/www.youtube.com\\\/channel\\\/UCLMBd_DgwXBihVLpof8Lixg\",\"https:\\\/\\\/sv.wikipedia.org\\\/wiki\\\/Jacobi_Carbons\"]}]}<\/script>\n<!-- \/ Yoast SEO Premium plugin. -->","yoast_head_json":{"title":"Jacobi: A Leading Activated Carbon Supplier & Manufacturer","description":"Supplier of the broadest array of activated carbons in the industry, including carbons based on coconut shell, bituminous coal, lignite, and wood.","robots":{"index":"index","follow":"follow","max-snippet":"max-snippet:-1","max-image-preview":"max-image-preview:large","max-video-preview":"max-video-preview:-1"},"canonical":"https:\/\/www.jacobi.net\/pl\/o-nas\/","og_locale":"pl_PL","og_type":"article","og_title":"O nas","og_description":"Supplier of the broadest array of activated carbons in the industry, including carbons based on coconut shell, bituminous coal, lignite, and wood.","og_url":"https:\/\/www.jacobi.net\/pl\/o-nas\/","og_site_name":"Jacobi Group","article_publisher":"https:\/\/www.facebook.com\/JacobiCarbonsGroup","article_modified_time":"2025-01-31T14:58:44+00:00","og_image":[{"width":936,"height":624,"url":"https:\/\/www.jacobi.net\/wp-content\/uploads\/2024\/04\/header.jpg","type":"image\/jpeg"}],"twitter_card":"summary_large_image","twitter_site":"@jacobi_carbons","twitter_misc":{"Szacowany czas czytania":"4 minuty"},"schema":{"@context":"https:\/\/schema.org","@graph":[{"@type":"WebPage","@id":"https:\/\/www.jacobi.net\/pl\/o-nas\/","url":"https:\/\/www.jacobi.net\/pl\/o-nas\/","name":"Jacobi: A Leading Activated Carbon Supplier & Manufacturer","isPartOf":{"@id":"https:\/\/www.jacobi.net\/pl\/#website"},"primaryImageOfPage":{"@id":"https:\/\/www.jacobi.net\/pl\/o-nas\/#primaryimage"},"image":{"@id":"https:\/\/www.jacobi.net\/pl\/o-nas\/#primaryimage"},"thumbnailUrl":"https:\/\/www.jacobi.net\/wp-content\/uploads\/2024\/04\/header.jpg","datePublished":"2015-05-02T19:25:03+00:00","dateModified":"2025-01-31T14:58:44+00:00","description":"Supplier of the broadest array of activated carbons in the industry, including carbons based on coconut shell, bituminous coal, lignite, and wood.","breadcrumb":{"@id":"https:\/\/www.jacobi.net\/pl\/o-nas\/#breadcrumb"},"inLanguage":"pl-PL","potentialAction":[{"@type":"ReadAction","target":["https:\/\/www.jacobi.net\/pl\/o-nas\/"]}]},{"@type":"ImageObject","inLanguage":"pl-PL","@id":"https:\/\/www.jacobi.net\/pl\/o-nas\/#primaryimage","url":"https:\/\/www.jacobi.net\/wp-content\/uploads\/2024\/04\/header.jpg","contentUrl":"https:\/\/www.jacobi.net\/wp-content\/uploads\/2024\/04\/header.jpg","width":936,"height":624},{"@type":"BreadcrumbList","@id":"https:\/\/www.jacobi.net\/pl\/o-nas\/#breadcrumb","itemListElement":[{"@type":"ListItem","position":1,"name":"Home","item":"https:\/\/www.jacobi.net\/pl\/strona-glowna\/"},{"@type":"ListItem","position":2,"name":"O nas"}]},{"@type":"WebSite","@id":"https:\/\/www.jacobi.net\/pl\/#website","url":"https:\/\/www.jacobi.net\/pl\/","name":"Jacobi Group","description":"The Carbon Company","publisher":{"@id":"https:\/\/www.jacobi.net\/pl\/#organization"},"potentialAction":[{"@type":"SearchAction","target":{"@type":"EntryPoint","urlTemplate":"https:\/\/www.jacobi.net\/pl\/?s={search_term_string}"},"query-input":{"@type":"PropertyValueSpecification","valueRequired":true,"valueName":"search_term_string"}}],"inLanguage":"pl-PL"},{"@type":"Organization","@id":"https:\/\/www.jacobi.net\/pl\/#organization","name":"Jacobi Group","url":"https:\/\/www.jacobi.net\/pl\/","logo":{"@type":"ImageObject","inLanguage":"pl-PL","@id":"https:\/\/www.jacobi.net\/pl\/#\/schema\/logo\/image\/","url":"https:\/\/www.jacobi.net\/wp-content\/uploads\/2020\/06\/jacobi-retina-header.png","contentUrl":"https:\/\/www.jacobi.net\/wp-content\/uploads\/2020\/06\/jacobi-retina-header.png","width":196,"height":110,"caption":"Jacobi Group"},"image":{"@id":"https:\/\/www.jacobi.net\/pl\/#\/schema\/logo\/image\/"},"sameAs":["https:\/\/www.facebook.com\/JacobiCarbonsGroup","https:\/\/x.com\/jacobi_carbons","https:\/\/www.linkedin.com\/company\/jacobi-carbons\/","https:\/\/www.youtube.com\/channel\/UCLMBd_DgwXBihVLpof8Lixg","https:\/\/sv.wikipedia.org\/wiki\/Jacobi_Carbons"]}]}},"_links":{"self":[{"href":"https:\/\/www.jacobi.net\/pl\/wp-json\/wp\/v2\/pages\/38991","targetHints":{"allow":["GET"]}}],"collection":[{"href":"https:\/\/www.jacobi.net\/pl\/wp-json\/wp\/v2\/pages"}],"about":[{"href":"https:\/\/www.jacobi.net\/pl\/wp-json\/wp\/v2\/types\/page"}],"author":[{"embeddable":true,"href":"https:\/\/www.jacobi.net\/pl\/wp-json\/wp\/v2\/users\/1"}],"replies":[{"embeddable":true,"href":"https:\/\/www.jacobi.net\/pl\/wp-json\/wp\/v2\/comments?post=38991"}],"version-history":[{"count":0,"href":"https:\/\/www.jacobi.net\/pl\/wp-json\/wp\/v2\/pages\/38991\/revisions"}],"wp:featuredmedia":[{"embeddable":true,"href":"https:\/\/www.jacobi.net\/pl\/wp-json\/wp\/v2\/media\/46676"}],"wp:attachment":[{"href":"https:\/\/www.jacobi.net\/pl\/wp-json\/wp\/v2\/media?parent=38991"}],"curies":[{"name":"wp","href":"https:\/\/api.w.org\/{rel}","templated":true}]}}