{"id":38960,"date":"2021-05-12T15:58:55","date_gmt":"2021-05-12T15:58:55","guid":{"rendered":"https:\/\/www.jacobi.net\/?page_id=38960"},"modified":"2022-04-11T12:41:34","modified_gmt":"2022-04-11T12:41:34","slug":"o-aktywnym-weglu","status":"publish","type":"page","link":"https:\/\/www.jacobi.net\/pl\/o-aktywnym-weglu\/","title":{"rendered":"O aktywnym w\u0119glu"},"content":{"rendered":"<p>[vc_row][vc_column][vc_custom_heading text=&#8221;NAJCZ\u0118\u015aCIEJ ZADAWANE PYTANIA&#8221; font_container=&#8221;tag:h1|font_size:16|text_align:left|color:%233a3a3a|line_height:1&#8243; google_fonts=&#8221;font_family:Noto%20Sans%3Aregular%2Citalic%2C700%2C700italic|font_style:400%20regular%3A400%3Anormal&#8221; el_class=&#8221;eg-spaced-title&#8221; css=&#8221;.vc_custom_1604309598228{margin-left: 2px !important;}&#8221;][vc_separator color=&#8221;custom&#8221; css=&#8221;.vc_custom_1594139538869{margin-top: -3px !important;}&#8221; accent_color=&#8221;#3a3a3a&#8221;][ultimate_spacer height=&#8221;20&#8243;][vc_row_inner][vc_column_inner width=&#8221;1\/2&#8243;][vc_toggle title=&#8221;Czym jest w\u0119giel aktywowany?&#8221; style=&#8221;square_outline&#8221;]W\u0119giel aktywowany to przetworzony materia\u0142 naturalny o wysokiej zawarto\u015bci w\u0119gla. Idealnym surowcem do tego celu b\u0119dzie na przyk\u0142ad w\u0119giel kamienny, drewno lub kokos. Produkt ko\u0144cowy cechuje si\u0119 wysokim poziomem porowato\u015bci i jest w stanie adsorbowa\u0107 cz\u0105steczki substancji zanieczyszczaj\u0105cych i zamyka\u0107 je. Dzi\u0119ki temu powietrze, gazy czy p\u0142yny mog\u0105 zosta\u0107 oczyszczone.[\/vc_toggle][ultimate_spacer height=&#8221;5&#8243;][vc_toggle title=&#8221;W jakich formach wyst\u0119puje w\u0119giel aktywowany?&#8221; style=&#8221;square_outline&#8221;]W\u0119giel aktywowany mo\u017ce by\u0107 produkowany w formie granulatu, tabletek lub proszku. W zale\u017cno\u015bci od zastosowania dost\u0119pne s\u0105 r\u00f3\u017cne ich rozmiary. Na przyk\u0142ad, w procesie uzdatniania powietrza lub gaz\u00f3w, wa\u017cne jest ograniczenie ich przep\u0142ywu, wi\u0119c wykorzystywane s\u0105 du\u017ce cz\u0105stki, kt\u00f3re minimalizuj\u0105 utrat\u0119 ci\u015bnienia. W procesie uzdatniania wody, podczas kt\u00f3rego usuwanie zanieczyszcze\u0144 jest wolniejsze, wykorzystywane s\u0105 drobniejsze cz\u0105stki (ziarno) przy\u015bpieszaj\u0105ce proces oczyszczania. [\/vc_toggle][ultimate_spacer height=&#8221;5&#8243;][vc_toggle title=&#8221;Jak dzia\u0142a w\u0119giel aktywowany?&#8221; style=&#8221;square_outline&#8221;]W\u0119giel aktywowany wykorzystuje proces adsorpcji. Jest to przyci\u0105ganie cz\u0105steczki do rozleg\u0142ej powierzchni wewn\u0119trznej w\u0119gla przez s\u0142abe si\u0142y, zwane si\u0142ami londy\u0144skimi. Cz\u0105steczka zatrzymywana jest w konkretnym miejscu i nie mo\u017cna jej usun\u0105\u0107, o ile nie zmieni\u0105 si\u0119 warunki procesu, na przyk\u0142ad temperatura lub ci\u015bnienie. Taka procedura mo\u017ce by\u0107 przydatna, gdy\u017c w\u0119giel aktywowany mo\u017ce by\u0107 wykorzystywany do zebrania materia\u0142u na powierzchni, aby w nast\u0119pnej kolejno\u015bci go usun\u0105\u0107. Jednym z przyk\u0142ad\u00f3w takiej procedury jest wydobycie z\u0142ota.<\/p>\n<p>W niekt\u00f3rych przypadkach w\u0119giel aktywowany jest poddawany obr\u00f3bce chemicznej (impregnacji), aby pozby\u0107 si\u0119 substancji zanieczyszczaj\u0105cych w procesie chemisorpcji. W takim wypadku zwi\u0105zku chemicznego nie mo\u017cna ju\u017c odzyska\u0107.<\/p>\n<p>Powierzchnia w\u0119gla aktywowanego nie jest chemicznie oboj\u0119tna &#8211; dzi\u0119ki rozleg\u0142ej powierzchni wewn\u0119trznej mog\u0105 na niej zaj\u015b\u0107 r\u00f3\u017cne procesy katalityczne.[\/vc_toggle][\/vc_column_inner][vc_column_inner width=&#8221;1\/2&#8243;][vc_toggle title=&#8221;Jak mo\u017cna wykorzysta\u0107 w\u0119giel aktywowany?&#8221; style=&#8221;square_outline&#8221;]Wykorzystanie w\u0119gla aktywowanego zale\u017cy od jego przeznaczenia i formy. Na przyk\u0142ad w\u0119giel aktywowany w proszku (PAC) wykorzystywany jest do uzdatniania wody pitnej poprzez dodanie okre\u015blonej jego ilo\u015bci bezpo\u015brednio do wody. Powsta\u0142a materia (oraz inne cia\u0142a sta\u0142e) jest oddzielana zanim uzdatniona woda trafi do sieci wodoci\u0105gowej. Kontakt z materi\u0105 organiczn\u0105 sprawia, \u017ce rozpoczyna si\u0119 proces adsorpcji oraz oczyszczania wody.<\/p>\n<p>W\u0119gle w granulacie (lub ekstrudowane pelety) wykorzystywane s\u0105 w nieruchomych z\u0142o\u017cach filtruj\u0105cych, przez kt\u00f3re przechodzi powietrze, gaz lub ciecz i przebywa tam przez okre\u015blony czas. Podczas tego czasu niechciane zwi\u0105zki organiczne s\u0105 usuwane, a uzdatniany strumie\u0144 jest oczyszczany.[\/vc_toggle][ultimate_spacer height=&#8221;5&#8243;][vc_toggle title=&#8221;Jak powstaje w\u0119giel aktywowany?&#8221; style=&#8221;square_outline&#8221;]W\u0119giel aktywowany jest wytwarzany z w\u0119gla kamiennego, drewna, \u0142upin lub pestek owoc\u00f3w (g\u0142\u00f3wnie kokosa, ale tak\u017ce orzecha w\u0142oskiego lub brzoskwini) lub pochodnych innych proces\u00f3w (rafinaty gazu). Najpopularniejsze surowce to w\u0119giel kamienny, drewno i kokos.<\/p>\n<p>Produkt wytwarzany jest w procesie obr\u00f3bki termicznej, lecz w przypadku takich surowc\u00f3w jak drewno, wykorzystywany jest promotor (np. kwas), aby osi\u0105gn\u0105\u0107 okre\u015blony poziom porowato\u015bci.<\/p>\n<p>Kolejne procesy krusz\u0105, przesiewaj\u0105, myj\u0105 i\/lub miel\u0105 r\u00f3\u017cnorodne produkty zgodnie z wymaganiami klienta.[\/vc_toggle][ultimate_spacer height=&#8221;5&#8243;][vc_toggle title=&#8221;Gdzie stosuje si\u0119 w\u0119giel aktywowany?&#8221; style=&#8221;square_outline&#8221;]Istniej\u0105 setki zastosowa\u0144 w\u0119gla aktywowanego, od usuwania odor\u00f3w w kuwetach dla kot\u00f3w, po przygotowywanie najnowocze\u015bniejszych farmaceutyk\u00f3w.<\/p>\n<p>W gospodarstwach domowych w\u0119giel aktywowany mo\u017ce by\u0107 wykorzystywany w urz\u0105dzeniach domowych. Pojawi si\u0119 prawdopodobnie w filtrach wody wodoci\u0105gowej, oczyszcza napoje, kt\u00f3re przechowujesz w lod\u00f3wce i jest wykorzystany przy produkcji chemikali\u00f3w, kt\u00f3re z kolei stosuje si\u0119 podczas produkcji elektroniki, mebli i materia\u0142\u00f3w budowlanych.<\/p>\n<p>Gdy spalamy nasze odpady, aby wyprodukowa\u0107 energi\u0119 elektryczn\u0105, powsta\u0142e w ten spos\u00f3b gazy s\u0105 oczyszczane w\u0119glem aktywowanym. W\u0119giel aktywowany wykorzystuje si\u0119 podczas dezodoryzacji powietrza w oczyszczalniach \u015bciek\u00f3w, na wysypiskach odpad\u00f3w, w przepompowniach \u015bciek\u00f3w, kompostowniach. Znacz\u0105cym biznesem jest r\u00f3wnie\u017c wydobycie metali szlachetnych w kopalniach. [\/vc_toggle][ultimate_spacer height=&#8221;5&#8243;][vc_toggle title=&#8221;Jakie korzy\u015bci wynikaj\u0105 ze stosowania w\u0119gla aktywowanego?&#8221; style=&#8221;square_outline&#8221;]Je\u015bli jeszcze nie jest to oczywiste, to nale\u017cy powiedzie\u0107, \u017ce w\u0119giel aktywowany oczyszcza nasz \u015bwiat. Sprawia, \u017ce woda nadaje si\u0119 do picia, powietrze do oddychania, a \u017cywno\u015b\u0107 do jedzenia. Zapewnia nam najlepsz\u0105 ochron\u0119 zdrowia, a tak\u017ce pozwala si\u0119 nam cieszy\u0107 wolno\u015bciami i post\u0119pem technologicznym wsp\u00f3\u0142czesnego \u015bwiata.<\/p>\n<p>Z Jacobi wszyscy mo\u017cemy oczyszcza\u0107 \u015bwiat &#8211; my robimy to ju\u017c od 1916 roku.[\/vc_toggle][\/vc_column_inner][\/vc_row_inner][ultimate_spacer height=&#8221;50&#8243;][\/vc_column][\/vc_row][vc_row margin_top=&#8221;0&#8243; margin_bottom=&#8221;0&#8243; bg_type=&#8221;no_bg&#8221;][vc_column animation=&#8221;&#8221;][vc_custom_heading text=&#8221;O W\u0118GLACH AKTYWOWANYCH&#8221; font_container=&#8221;tag:h1|font_size:16|text_align:left|color:%233a3a3a|line_height:1&#8243; google_fonts=&#8221;font_family:Noto%20Sans%3Aregular%2Citalic%2C700%2C700italic|font_style:400%20regular%3A400%3Anormal&#8221; el_class=&#8221;eg-spaced-title&#8221; css=&#8221;.vc_custom_1594139616934{margin-left: 2px !important;}&#8221;][vc_separator color=&#8221;custom&#8221; css=&#8221;.vc_custom_1594139538869{margin-top: -3px !important;}&#8221; accent_color=&#8221;#3a3a3a&#8221;][ultimate_spacer height=&#8221;20&#8243;][vc_column_text]<\/p>\n<p style=\"text-align: left;\">W\u0119gle aktywowane maj\u0105 wiele zastosowa\u0144, od filtracji do oczyszczania i nie tylko. Tutaj przyjrzymy si\u0119 niekt\u00f3rym z zastosowa\u0144 naszych produkt\u00f3w w\u0119glowych na wielu rynkach, gdzie s\u0105 wykorzystywane i wyja\u015bnimy, jak wszystko dzia\u0142a czy jak \u015bledzi\u0107 kana\u0142 do regularnych aktualizacji na wszystkie rzeczy.<\/p>\n<p>[\/vc_column_text][ultimate_spacer height=&#8221;50&#8243;][\/vc_column][\/vc_row]<\/p>\n","protected":false},"excerpt":{"rendered":"<p>[vc_row][vc_column][vc_custom_heading text=&#8221;NAJCZ\u0118\u015aCIEJ ZADAWANE PYTANIA&#8221; font_container=&#8221;tag:h1|font_size:16|text_align:left|color:%233a3a3a|line_height:1&#8243; google_fonts=&#8221;font_family:Noto%20Sans%3Aregular%2Citalic%2C700%2C700italic|font_style:400%20regular%3A400%3Anormal&#8221; el_class=&#8221;eg-spaced-title&#8221; css=&#8221;.vc_custom_1604309598228{margin-left: 2px !important;}&#8221;][vc_separator color=&#8221;custom&#8221; css=&#8221;.vc_custom_1594139538869{margin-top: -3px !important;}&#8221; accent_color=&#8221;#3a3a3a&#8221;][ultimate_spacer height=&#8221;20&#8243;][vc_row_inner][vc_column_inner width=&#8221;1\/2&#8243;][vc_toggle title=&#8221;Czym jest w\u0119giel aktywowany?&#8221; style=&#8221;square_outline&#8221;]W\u0119giel aktywowany to przetworzony materia\u0142 naturalny o wysokiej zawarto\u015bci w\u0119gla. Idealnym surowcem do tego celu b\u0119dzie na przyk\u0142ad w\u0119giel kamienny, drewno lub kokos. Produkt ko\u0144cowy cechuje si\u0119 wysokim poziomem porowato\u015bci i jest w stanie&hellip;<\/p>\n","protected":false},"author":5,"featured_media":0,"parent":0,"menu_order":0,"comment_status":"closed","ping_status":"closed","template":"","meta":{"_acf_changed":false,"footnotes":""},"class_list":["post-38960","page","type-page","status-publish","hentry"],"acf":[],"yoast_head":"<!-- This site is optimized with the Yoast SEO Premium plugin v27.3 (Yoast SEO v27.3) - https:\/\/yoast.com\/product\/yoast-seo-premium-wordpress\/ -->\n<title>Aktywny w\u0119giel od Jacobi - informacje dotycz\u0105ce r\u00f3\u017cnych aplikacji<\/title>\n<meta name=\"description\" content=\"W\u0119giel aktywny ma wiele zastosowa\u0144, od filtracji do oczyszczania i nie tylko. Sprawd\u017a, jak produkty Jacobi mog\u0105 by\u0107 wykorzystywane na wielu r\u00f3\u017cnych rynkach.\" \/>\n<meta name=\"robots\" content=\"index, follow, max-snippet:-1, max-image-preview:large, max-video-preview:-1\" \/>\n<link rel=\"canonical\" href=\"https:\/\/www.jacobi.net\/pl\/o-aktywnym-weglu\/\" \/>\n<meta property=\"og:locale\" content=\"pl_PL\" \/>\n<meta property=\"og:type\" content=\"article\" \/>\n<meta property=\"og:title\" content=\"O aktywnym w\u0119glu\" \/>\n<meta property=\"og:description\" content=\"W\u0119giel aktywny ma wiele zastosowa\u0144, od filtracji do oczyszczania i nie tylko. Sprawd\u017a, jak produkty Jacobi mog\u0105 by\u0107 wykorzystywane na wielu r\u00f3\u017cnych rynkach.\" \/>\n<meta property=\"og:url\" content=\"https:\/\/www.jacobi.net\/pl\/o-aktywnym-weglu\/\" \/>\n<meta property=\"og:site_name\" content=\"Jacobi Group\" \/>\n<meta property=\"article:publisher\" content=\"https:\/\/www.facebook.com\/JacobiCarbonsGroup\" \/>\n<meta property=\"article:modified_time\" content=\"2022-04-11T12:41:34+00:00\" \/>\n<meta property=\"og:image\" content=\"https:\/\/www.jacobi.net\/wp-content\/uploads\/2020\/04\/jacobi-logo-sttandard-1.png\" \/>\n\t<meta property=\"og:image:width\" content=\"102\" \/>\n\t<meta property=\"og:image:height\" content=\"120\" \/>\n\t<meta property=\"og:image:type\" content=\"image\/png\" \/>\n<meta name=\"twitter:card\" content=\"summary_large_image\" \/>\n<meta name=\"twitter:site\" content=\"@jacobi_carbons\" \/>\n<meta name=\"twitter:label1\" content=\"Szacowany czas czytania\" \/>\n\t<meta name=\"twitter:data1\" content=\"3 minuty\" \/>\n<script type=\"application\/ld+json\" class=\"yoast-schema-graph\">{\"@context\":\"https:\\\/\\\/schema.org\",\"@graph\":[{\"@type\":\"WebPage\",\"@id\":\"https:\\\/\\\/www.jacobi.net\\\/pl\\\/o-aktywnym-weglu\\\/\",\"url\":\"https:\\\/\\\/www.jacobi.net\\\/pl\\\/o-aktywnym-weglu\\\/\",\"name\":\"Aktywny w\u0119giel od Jacobi - informacje dotycz\u0105ce r\u00f3\u017cnych aplikacji\",\"isPartOf\":{\"@id\":\"https:\\\/\\\/www.jacobi.net\\\/pl\\\/#website\"},\"datePublished\":\"2021-05-12T15:58:55+00:00\",\"dateModified\":\"2022-04-11T12:41:34+00:00\",\"description\":\"W\u0119giel aktywny ma wiele zastosowa\u0144, od filtracji do oczyszczania i nie tylko. Sprawd\u017a, jak produkty Jacobi mog\u0105 by\u0107 wykorzystywane na wielu r\u00f3\u017cnych rynkach.\",\"breadcrumb\":{\"@id\":\"https:\\\/\\\/www.jacobi.net\\\/pl\\\/o-aktywnym-weglu\\\/#breadcrumb\"},\"inLanguage\":\"pl-PL\",\"potentialAction\":[{\"@type\":\"ReadAction\",\"target\":[\"https:\\\/\\\/www.jacobi.net\\\/pl\\\/o-aktywnym-weglu\\\/\"]}]},{\"@type\":\"BreadcrumbList\",\"@id\":\"https:\\\/\\\/www.jacobi.net\\\/pl\\\/o-aktywnym-weglu\\\/#breadcrumb\",\"itemListElement\":[{\"@type\":\"ListItem\",\"position\":1,\"name\":\"Home\",\"item\":\"https:\\\/\\\/www.jacobi.net\\\/pl\\\/strona-glowna\\\/\"},{\"@type\":\"ListItem\",\"position\":2,\"name\":\"O aktywnym w\u0119glu\"}]},{\"@type\":\"WebSite\",\"@id\":\"https:\\\/\\\/www.jacobi.net\\\/pl\\\/#website\",\"url\":\"https:\\\/\\\/www.jacobi.net\\\/pl\\\/\",\"name\":\"Jacobi Group\",\"description\":\"The Carbon Company\",\"publisher\":{\"@id\":\"https:\\\/\\\/www.jacobi.net\\\/pl\\\/#organization\"},\"potentialAction\":[{\"@type\":\"SearchAction\",\"target\":{\"@type\":\"EntryPoint\",\"urlTemplate\":\"https:\\\/\\\/www.jacobi.net\\\/pl\\\/?s={search_term_string}\"},\"query-input\":{\"@type\":\"PropertyValueSpecification\",\"valueRequired\":true,\"valueName\":\"search_term_string\"}}],\"inLanguage\":\"pl-PL\"},{\"@type\":\"Organization\",\"@id\":\"https:\\\/\\\/www.jacobi.net\\\/pl\\\/#organization\",\"name\":\"Jacobi Group\",\"url\":\"https:\\\/\\\/www.jacobi.net\\\/pl\\\/\",\"logo\":{\"@type\":\"ImageObject\",\"inLanguage\":\"pl-PL\",\"@id\":\"https:\\\/\\\/www.jacobi.net\\\/pl\\\/#\\\/schema\\\/logo\\\/image\\\/\",\"url\":\"https:\\\/\\\/www.jacobi.net\\\/wp-content\\\/uploads\\\/2020\\\/06\\\/jacobi-retina-header.png\",\"contentUrl\":\"https:\\\/\\\/www.jacobi.net\\\/wp-content\\\/uploads\\\/2020\\\/06\\\/jacobi-retina-header.png\",\"width\":196,\"height\":110,\"caption\":\"Jacobi Group\"},\"image\":{\"@id\":\"https:\\\/\\\/www.jacobi.net\\\/pl\\\/#\\\/schema\\\/logo\\\/image\\\/\"},\"sameAs\":[\"https:\\\/\\\/www.facebook.com\\\/JacobiCarbonsGroup\",\"https:\\\/\\\/x.com\\\/jacobi_carbons\",\"https:\\\/\\\/www.linkedin.com\\\/company\\\/jacobi-carbons\\\/\",\"https:\\\/\\\/www.youtube.com\\\/channel\\\/UCLMBd_DgwXBihVLpof8Lixg\",\"https:\\\/\\\/sv.wikipedia.org\\\/wiki\\\/Jacobi_Carbons\"]}]}<\/script>\n<!-- \/ Yoast SEO Premium plugin. -->","yoast_head_json":{"title":"Aktywny w\u0119giel od Jacobi - informacje dotycz\u0105ce r\u00f3\u017cnych aplikacji","description":"W\u0119giel aktywny ma wiele zastosowa\u0144, od filtracji do oczyszczania i nie tylko. Sprawd\u017a, jak produkty Jacobi mog\u0105 by\u0107 wykorzystywane na wielu r\u00f3\u017cnych rynkach.","robots":{"index":"index","follow":"follow","max-snippet":"max-snippet:-1","max-image-preview":"max-image-preview:large","max-video-preview":"max-video-preview:-1"},"canonical":"https:\/\/www.jacobi.net\/pl\/o-aktywnym-weglu\/","og_locale":"pl_PL","og_type":"article","og_title":"O aktywnym w\u0119glu","og_description":"W\u0119giel aktywny ma wiele zastosowa\u0144, od filtracji do oczyszczania i nie tylko. Sprawd\u017a, jak produkty Jacobi mog\u0105 by\u0107 wykorzystywane na wielu r\u00f3\u017cnych rynkach.","og_url":"https:\/\/www.jacobi.net\/pl\/o-aktywnym-weglu\/","og_site_name":"Jacobi Group","article_publisher":"https:\/\/www.facebook.com\/JacobiCarbonsGroup","article_modified_time":"2022-04-11T12:41:34+00:00","og_image":[{"width":102,"height":120,"url":"https:\/\/www.jacobi.net\/wp-content\/uploads\/2020\/04\/jacobi-logo-sttandard-1.png","type":"image\/png"}],"twitter_card":"summary_large_image","twitter_site":"@jacobi_carbons","twitter_misc":{"Szacowany czas czytania":"3 minuty"},"schema":{"@context":"https:\/\/schema.org","@graph":[{"@type":"WebPage","@id":"https:\/\/www.jacobi.net\/pl\/o-aktywnym-weglu\/","url":"https:\/\/www.jacobi.net\/pl\/o-aktywnym-weglu\/","name":"Aktywny w\u0119giel od Jacobi - informacje dotycz\u0105ce r\u00f3\u017cnych aplikacji","isPartOf":{"@id":"https:\/\/www.jacobi.net\/pl\/#website"},"datePublished":"2021-05-12T15:58:55+00:00","dateModified":"2022-04-11T12:41:34+00:00","description":"W\u0119giel aktywny ma wiele zastosowa\u0144, od filtracji do oczyszczania i nie tylko. Sprawd\u017a, jak produkty Jacobi mog\u0105 by\u0107 wykorzystywane na wielu r\u00f3\u017cnych rynkach.","breadcrumb":{"@id":"https:\/\/www.jacobi.net\/pl\/o-aktywnym-weglu\/#breadcrumb"},"inLanguage":"pl-PL","potentialAction":[{"@type":"ReadAction","target":["https:\/\/www.jacobi.net\/pl\/o-aktywnym-weglu\/"]}]},{"@type":"BreadcrumbList","@id":"https:\/\/www.jacobi.net\/pl\/o-aktywnym-weglu\/#breadcrumb","itemListElement":[{"@type":"ListItem","position":1,"name":"Home","item":"https:\/\/www.jacobi.net\/pl\/strona-glowna\/"},{"@type":"ListItem","position":2,"name":"O aktywnym w\u0119glu"}]},{"@type":"WebSite","@id":"https:\/\/www.jacobi.net\/pl\/#website","url":"https:\/\/www.jacobi.net\/pl\/","name":"Jacobi Group","description":"The Carbon Company","publisher":{"@id":"https:\/\/www.jacobi.net\/pl\/#organization"},"potentialAction":[{"@type":"SearchAction","target":{"@type":"EntryPoint","urlTemplate":"https:\/\/www.jacobi.net\/pl\/?s={search_term_string}"},"query-input":{"@type":"PropertyValueSpecification","valueRequired":true,"valueName":"search_term_string"}}],"inLanguage":"pl-PL"},{"@type":"Organization","@id":"https:\/\/www.jacobi.net\/pl\/#organization","name":"Jacobi Group","url":"https:\/\/www.jacobi.net\/pl\/","logo":{"@type":"ImageObject","inLanguage":"pl-PL","@id":"https:\/\/www.jacobi.net\/pl\/#\/schema\/logo\/image\/","url":"https:\/\/www.jacobi.net\/wp-content\/uploads\/2020\/06\/jacobi-retina-header.png","contentUrl":"https:\/\/www.jacobi.net\/wp-content\/uploads\/2020\/06\/jacobi-retina-header.png","width":196,"height":110,"caption":"Jacobi Group"},"image":{"@id":"https:\/\/www.jacobi.net\/pl\/#\/schema\/logo\/image\/"},"sameAs":["https:\/\/www.facebook.com\/JacobiCarbonsGroup","https:\/\/x.com\/jacobi_carbons","https:\/\/www.linkedin.com\/company\/jacobi-carbons\/","https:\/\/www.youtube.com\/channel\/UCLMBd_DgwXBihVLpof8Lixg","https:\/\/sv.wikipedia.org\/wiki\/Jacobi_Carbons"]}]}},"_links":{"self":[{"href":"https:\/\/www.jacobi.net\/pl\/wp-json\/wp\/v2\/pages\/38960","targetHints":{"allow":["GET"]}}],"collection":[{"href":"https:\/\/www.jacobi.net\/pl\/wp-json\/wp\/v2\/pages"}],"about":[{"href":"https:\/\/www.jacobi.net\/pl\/wp-json\/wp\/v2\/types\/page"}],"author":[{"embeddable":true,"href":"https:\/\/www.jacobi.net\/pl\/wp-json\/wp\/v2\/users\/5"}],"replies":[{"embeddable":true,"href":"https:\/\/www.jacobi.net\/pl\/wp-json\/wp\/v2\/comments?post=38960"}],"version-history":[{"count":0,"href":"https:\/\/www.jacobi.net\/pl\/wp-json\/wp\/v2\/pages\/38960\/revisions"}],"wp:attachment":[{"href":"https:\/\/www.jacobi.net\/pl\/wp-json\/wp\/v2\/media?parent=38960"}],"curies":[{"name":"wp","href":"https:\/\/api.w.org\/{rel}","templated":true}]}}