{"id":46837,"date":"2025-01-31T12:33:30","date_gmt":"2025-01-31T12:33:30","guid":{"rendered":"https:\/\/www.jacobi.net\/company-news\/"},"modified":"2025-02-03T13:37:15","modified_gmt":"2025-02-03T13:37:15","slug":"actualites","status":"publish","type":"page","link":"https:\/\/www.jacobi.net\/fr\/actualites\/","title":{"rendered":"Actualit\u00e9s"},"content":{"rendered":"\t\t<div data-elementor-type=\"wp-page\" data-elementor-id=\"46837\" class=\"elementor elementor-46837 elementor-46806\" data-elementor-post-type=\"page\">\n\t\t\t\t<div class=\"elementor-element elementor-element-d9b428a e-grid e-con-boxed e-con e-parent\" data-id=\"d9b428a\" data-element_type=\"container\" data-e-type=\"container\">\n\t\t\t\t\t<div class=\"e-con-inner\">\n\t\t\t\t<div class=\"elementor-element elementor-element-5a46579 elementor-widget elementor-widget-the7_elements\" data-id=\"5a46579\" data-element_type=\"widget\" data-e-type=\"widget\" data-widget_type=\"the7_elements.default\">\n\t\t\t\t<div class=\"elementor-widget-container\">\n\t\t\t\t\t<div class=\"portfolio-shortcode the7-elementor-widget the7_elements-5a46579 mode-masonry classic-layout-list description-under-image quick-scale-img meta-info-off content-bg-on enable-bg-rollover resize-by-browser-width widget-with-filter loading-effect-none enable-pagination-scroll jquery-filter\" data-padding=\"15px\" data-mobile-columns-num=\"1\" data-tablet-columns-num=\"2\" data-desktop-columns-num=\"3\" data-wide-desktop-columns-num=\"3\" data-post-limit=\"10\" data-pagination-mode=\"pages\" data-scroll-offset=\"0\" aria-live=\"assertive\"><div class=\"iso-filter filter-decorations extras-off filter filter-pointer-default show-filter-categories   filter-bg-decoration\"><div class=\"filter-categories\" data-default-order=\"\" data-default-orderby=\"\"><a href=\"https:\/\/www.jacobi.net\/fr\/actualites\/\" class=\"show-all filter-item act\" data-filter=\"*\" aria-label=\"Apply filter: Voir tout\">Voir tout<\/a><a href=\"https:\/\/www.jacobi.net\/fr\/actualites\/?term=actualites-de-lentreprise\" class=\"filter-item actualites-de-lentreprise\" data-filter=\".category-3349\" aria-label=\"Apply filter: Actualit\u00e9 de l'entreprise\">Actualit\u00e9 de l'entreprise<\/a><a href=\"https:\/\/www.jacobi.net\/fr\/actualites\/?term=personnel\" class=\"filter-item personnel\" data-filter=\".category-3399\" aria-label=\"Apply filter: Personnel\">Personnel<\/a><a href=\"https:\/\/www.jacobi.net\/fr\/actualites\/?term=planete\" class=\"filter-item planete\" data-filter=\".category-3342\" aria-label=\"Apply filter: Plan\u00e8te\">Plan\u00e8te<\/a><\/div><\/div><div class=\"iso-container dt-isotope custom-iso-columns\"><div class=\"visible wf-cell iso-item category-3341 category-3399 category-3342\" data-post-id=\"38837\" data-date=\"2021-03-22T14:15:00+00:00\" data-name=\"La Journ\u00e9e mondiale de l&#039;eau 2021\"><article class=\"post visible post-38837 type-post status-publish format-standard has-post-thumbnail hentry category-durabilite category-personnel category-planete category-3341 category-3399 category-3342 description-off\" data-name=\"La Journ\u00e9e mondiale de l&rsquo;eau 2021\" data-date=\"2021-03-22T14:15:00+00:00\">\n\n\t<div class=\"post-thumbnail-wrap\">\n\t\t<div class=\"post-thumbnail\">\n\n\t\t\t<a class=\"post-thumbnail-rollover img-css-resize-wrapper\" aria-label=\"Post image\" href=\"https:\/\/www.jacobi.net\/fr\/la-journee-mondiale-de-leau-2021\/\"><img fetchpriority=\"high\" decoding=\"async\" width=\"1200\" height=\"800\" src=\"https:\/\/www.jacobi.net\/wp-content\/uploads\/2021\/03\/Jac643-Water-Day-Header-2.png\" class=\"attachment-full size-full preload-me aspect\" alt=\"\" srcset=\"https:\/\/www.jacobi.net\/wp-content\/uploads\/2021\/03\/Jac643-Water-Day-Header-2.png 1200w, https:\/\/www.jacobi.net\/wp-content\/uploads\/2021\/03\/Jac643-Water-Day-Header-2-300x200.png 300w, https:\/\/www.jacobi.net\/wp-content\/uploads\/2021\/03\/Jac643-Water-Day-Header-2-1024x683.png 1024w, https:\/\/www.jacobi.net\/wp-content\/uploads\/2021\/03\/Jac643-Water-Day-Header-2-768x512.png 768w, https:\/\/www.jacobi.net\/wp-content\/uploads\/2021\/03\/Jac643-Water-Day-Header-2-595xh.png 595w\" sizes=\"(max-width: 1200px) 100vw, 1200px\" style=\"--ratio: 1200 \/ 800;\" \/><span class=\"the7-hover-icon\"><svg aria-hidden=\"true\" class=\"e-font-icon-svg e-fas-plus\" viewBox=\"0 0 448 512\" xmlns=\"http:\/\/www.w3.org\/2000\/svg\"><path d=\"M416 208H272V64c0-17.67-14.33-32-32-32h-32c-17.67 0-32 14.33-32 32v144H32c-17.67 0-32 14.33-32 32v32c0 17.67 14.33 32 32 32h144v144c0 17.67 14.33 32 32 32h32c17.67 0 32-14.33 32-32V304h144c17.67 0 32-14.33 32-32v-32c0-17.67-14.33-32-32-32z\"><\/path><\/svg><\/span><\/a>\n\t\t<\/div>\n\t<\/div>\n\n\n<div class=\"post-entry-content\">\n\n\t<h3 class=\"ele-entry-title\"><a href=\"https:\/\/www.jacobi.net\/fr\/la-journee-mondiale-de-leau-2021\/\" rel=\"bookmark\" title=\"La Journ\u00e9e mondiale de l&rsquo;eau 2021\">La Journ\u00e9e mondiale de l&rsquo;eau 2021<\/a><\/h3><div class=\"entry-excerpt\"><p>Depuis 1993, le 22 mars est la Journ\u00e9e mondiale de l&rsquo;eau. L&rsquo;eau est l&rsquo;une des ressources plan\u00e9taires les plus pr\u00e9cieuses et les plus importantes car elle est indispensable \u00e0 la&hellip;<\/p>\n<\/div><a href=\"https:\/\/www.jacobi.net\/fr\/la-journee-mondiale-de-leau-2021\/\" target=\"\" aria-label=\"Read more about La Journ\u00e9e mondiale de l&rsquo;eau 2021\" class=\"box-button elementor-button elementor-size-xs\">En savoir plus<\/a>\n<\/div><\/article><\/div><div class=\"visible wf-cell iso-item category-3341 category-3342\" data-post-id=\"38820\" data-date=\"2020-09-04T14:24:40+00:00\" data-name=\"La noix de coco : une mati\u00e8re premi\u00e8re durable ?\"><article class=\"post visible post-38820 type-post status-publish format-standard has-post-thumbnail hentry category-durabilite category-planete category-3341 category-3342 description-off\" data-name=\"La noix de coco : une mati\u00e8re premi\u00e8re durable ?\" data-date=\"2020-09-04T14:24:40+00:00\">\n\n\t<div class=\"post-thumbnail-wrap\">\n\t\t<div class=\"post-thumbnail\">\n\n\t\t\t<a class=\"post-thumbnail-rollover img-css-resize-wrapper\" aria-label=\"Post image\" href=\"https:\/\/www.jacobi.net\/fr\/la-noix-de-coco-une-matiere-premiere-durable\/\"><img decoding=\"async\" width=\"900\" height=\"600\" src=\"https:\/\/www.jacobi.net\/wp-content\/uploads\/2020\/09\/coconut-post-900x600-1.jpg\" class=\"attachment-full size-full preload-me aspect\" alt=\"\" srcset=\"https:\/\/www.jacobi.net\/wp-content\/uploads\/2020\/09\/coconut-post-900x600-1.jpg 900w, https:\/\/www.jacobi.net\/wp-content\/uploads\/2020\/09\/coconut-post-900x600-1-300x200.jpg 300w, https:\/\/www.jacobi.net\/wp-content\/uploads\/2020\/09\/coconut-post-900x600-1-768x512.jpg 768w, https:\/\/www.jacobi.net\/wp-content\/uploads\/2020\/09\/coconut-post-900x600-1-595xh.jpg 595w\" sizes=\"(max-width: 900px) 100vw, 900px\" style=\"--ratio: 900 \/ 600;\" \/><span class=\"the7-hover-icon\"><svg aria-hidden=\"true\" class=\"e-font-icon-svg e-fas-plus\" viewBox=\"0 0 448 512\" xmlns=\"http:\/\/www.w3.org\/2000\/svg\"><path d=\"M416 208H272V64c0-17.67-14.33-32-32-32h-32c-17.67 0-32 14.33-32 32v144H32c-17.67 0-32 14.33-32 32v32c0 17.67 14.33 32 32 32h144v144c0 17.67 14.33 32 32 32h32c17.67 0 32-14.33 32-32V304h144c17.67 0 32-14.33 32-32v-32c0-17.67-14.33-32-32-32z\"><\/path><\/svg><\/span><\/a>\n\t\t<\/div>\n\t<\/div>\n\n\n<div class=\"post-entry-content\">\n\n\t<h3 class=\"ele-entry-title\"><a href=\"https:\/\/www.jacobi.net\/fr\/la-noix-de-coco-une-matiere-premiere-durable\/\" rel=\"bookmark\" title=\"La noix de coco : une mati\u00e8re premi\u00e8re durable ?\">La noix de coco : une mati\u00e8re premi\u00e8re durable ?<\/a><\/h3><div class=\"entry-excerpt\"><p>Dans le cadre de la Journ\u00e9e mondiale de la noix de coco, il nous paraissait int\u00e9ressant de vous pr\u00e9senter plus en d\u00e9tails certaines informations relatives \u00e0 ce modeste fruit. Lisez\u2026<\/p>\n<\/div><a href=\"https:\/\/www.jacobi.net\/fr\/la-noix-de-coco-une-matiere-premiere-durable\/\" target=\"\" aria-label=\"Read more about La noix de coco : une mati\u00e8re premi\u00e8re durable ?\" class=\"box-button elementor-button elementor-size-xs\">En savoir plus<\/a>\n<\/div><\/article><\/div><div class=\"visible wf-cell iso-item category-3349\" data-post-id=\"38827\" data-date=\"2020-07-07T14:15:26+00:00\" data-name=\"Le groupe Jacobi s&#039;agrandit avec l&#039;acquisition de &quot;Finex&quot;, producteur de r\u00e9sines \u00e9changeuses d&#039;ions finlandais\"><article class=\"post visible post-38827 type-post status-publish format-standard has-post-thumbnail hentry category-actualites-de-lentreprise category-3349 description-off\" data-name=\"Le groupe Jacobi s&rsquo;agrandit avec l&rsquo;acquisition de \u00ab\u00a0Finex\u00a0\u00bb, producteur de r\u00e9sines \u00e9changeuses d&rsquo;ions finlandais\" data-date=\"2020-07-07T14:15:26+00:00\">\n\n\t<div class=\"post-thumbnail-wrap\">\n\t\t<div class=\"post-thumbnail\">\n\n\t\t\t<a class=\"post-thumbnail-rollover img-css-resize-wrapper\" aria-label=\"Post image\" href=\"https:\/\/www.jacobi.net\/fr\/le-groupe-jacobi-sagrandit-avec-lacquisition-de-finex-producteur-de-resines-echangeuses-dions-finlandais\/\"><img decoding=\"async\" width=\"1200\" height=\"800\" src=\"https:\/\/www.jacobi.net\/wp-content\/uploads\/2020\/10\/resinex.jpg\" class=\"attachment-full size-full preload-me aspect\" alt=\"\" srcset=\"https:\/\/www.jacobi.net\/wp-content\/uploads\/2020\/10\/resinex.jpg 1200w, https:\/\/www.jacobi.net\/wp-content\/uploads\/2020\/10\/resinex-300x200.jpg 300w, https:\/\/www.jacobi.net\/wp-content\/uploads\/2020\/10\/resinex-1024x683.jpg 1024w, https:\/\/www.jacobi.net\/wp-content\/uploads\/2020\/10\/resinex-768x512.jpg 768w, https:\/\/www.jacobi.net\/wp-content\/uploads\/2020\/10\/resinex-595xh.jpg 595w\" sizes=\"(max-width: 1200px) 100vw, 1200px\" style=\"--ratio: 1200 \/ 800;\" \/><span class=\"the7-hover-icon\"><svg aria-hidden=\"true\" class=\"e-font-icon-svg e-fas-plus\" viewBox=\"0 0 448 512\" xmlns=\"http:\/\/www.w3.org\/2000\/svg\"><path d=\"M416 208H272V64c0-17.67-14.33-32-32-32h-32c-17.67 0-32 14.33-32 32v144H32c-17.67 0-32 14.33-32 32v32c0 17.67 14.33 32 32 32h144v144c0 17.67 14.33 32 32 32h32c17.67 0 32-14.33 32-32V304h144c17.67 0 32-14.33 32-32v-32c0-17.67-14.33-32-32-32z\"><\/path><\/svg><\/span><\/a>\n\t\t<\/div>\n\t<\/div>\n\n\n<div class=\"post-entry-content\">\n\n\t<h3 class=\"ele-entry-title\"><a href=\"https:\/\/www.jacobi.net\/fr\/le-groupe-jacobi-sagrandit-avec-lacquisition-de-finex-producteur-de-resines-echangeuses-dions-finlandais\/\" rel=\"bookmark\" title=\"Le groupe Jacobi s&rsquo;agrandit avec l&rsquo;acquisition de \u00ab\u00a0Finex\u00a0\u00bb, producteur de r\u00e9sines \u00e9changeuses d&rsquo;ions finlandais\">Le groupe Jacobi s&rsquo;agrandit avec l&rsquo;acquisition de \u00ab\u00a0Finex\u00a0\u00bb, producteur de r\u00e9sines \u00e9changeuses d&rsquo;ions finlandais<\/a><\/h3><div class=\"entry-excerpt\"><p>Aujourd&rsquo;hui, nous sommes fiers d&rsquo;annoncer que Jacobi vient de faire l&rsquo;acquisition de l&rsquo;entreprise finlandaise Finex Oy. Finex produit des r\u00e9sines \u00e9changeuses d&rsquo;ions. Elle sera donc incorpor\u00e9e dans l&rsquo;unit\u00e9 op\u00e9rationnelle Jacobi\u2026<\/p>\n<\/div><a href=\"https:\/\/www.jacobi.net\/fr\/le-groupe-jacobi-sagrandit-avec-lacquisition-de-finex-producteur-de-resines-echangeuses-dions-finlandais\/\" target=\"\" aria-label=\"Read more about Le groupe Jacobi s&rsquo;agrandit avec l&rsquo;acquisition de \u00ab\u00a0Finex\u00a0\u00bb, producteur de r\u00e9sines \u00e9changeuses d&rsquo;ions finlandais\" class=\"box-button elementor-button elementor-size-xs\">En savoir plus<\/a>\n<\/div><\/article><\/div><div class=\"visible wf-cell iso-item category-3341 category-3342\" data-post-id=\"38815\" data-date=\"2020-06-04T14:25:20+00:00\" data-name=\"Le fourneau EcoGreen\"><article class=\"post visible post-38815 type-post status-publish format-standard has-post-thumbnail hentry category-durabilite category-planete category-3341 category-3342 description-off\" data-name=\"Le fourneau EcoGreen\" data-date=\"2020-06-04T14:25:20+00:00\">\n\n\t<div class=\"post-thumbnail-wrap\">\n\t\t<div class=\"post-thumbnail\">\n\n\t\t\t<a class=\"post-thumbnail-rollover img-css-resize-wrapper\" aria-label=\"Post image\" href=\"https:\/\/www.jacobi.net\/fr\/le-fourneau-ecogreen\/\"><img loading=\"lazy\" decoding=\"async\" width=\"1200\" height=\"800\" src=\"https:\/\/www.jacobi.net\/wp-content\/uploads\/2020\/06\/article-ecogreen-v2.jpg\" class=\"attachment-full size-full preload-me aspect\" alt=\"Fourneau EcoGreen\" srcset=\"https:\/\/www.jacobi.net\/wp-content\/uploads\/2020\/06\/article-ecogreen-v2.jpg 1200w, https:\/\/www.jacobi.net\/wp-content\/uploads\/2020\/06\/article-ecogreen-v2-300x200.jpg 300w, https:\/\/www.jacobi.net\/wp-content\/uploads\/2020\/06\/article-ecogreen-v2-1024x683.jpg 1024w, https:\/\/www.jacobi.net\/wp-content\/uploads\/2020\/06\/article-ecogreen-v2-768x512.jpg 768w, https:\/\/www.jacobi.net\/wp-content\/uploads\/2020\/06\/article-ecogreen-v2-595xh.jpg 595w\" sizes=\"(max-width: 1200px) 100vw, 1200px\" style=\"--ratio: 1200 \/ 800;\" \/><span class=\"the7-hover-icon\"><svg aria-hidden=\"true\" class=\"e-font-icon-svg e-fas-plus\" viewBox=\"0 0 448 512\" xmlns=\"http:\/\/www.w3.org\/2000\/svg\"><path d=\"M416 208H272V64c0-17.67-14.33-32-32-32h-32c-17.67 0-32 14.33-32 32v144H32c-17.67 0-32 14.33-32 32v32c0 17.67 14.33 32 32 32h144v144c0 17.67 14.33 32 32 32h32c17.67 0 32-14.33 32-32V304h144c17.67 0 32-14.33 32-32v-32c0-17.67-14.33-32-32-32z\"><\/path><\/svg><\/span><\/a>\n\t\t<\/div>\n\t<\/div>\n\n\n<div class=\"post-entry-content\">\n\n\t<h3 class=\"ele-entry-title\"><a href=\"https:\/\/www.jacobi.net\/fr\/le-fourneau-ecogreen\/\" rel=\"bookmark\" title=\"Le fourneau EcoGreen\">Le fourneau EcoGreen<\/a><\/h3><div class=\"entry-excerpt\"><p>En tant que grande organisation mondiale, Jacobi doit prendre son impact sur la plan\u00e8te tr\u00e8s au s\u00e9rieux. Nous travaillons en coulisse sur nos objectifs de durabilit\u00e9 depuis plusieurs ann\u00e9es maintenant.&hellip;<\/p>\n<\/div><a href=\"https:\/\/www.jacobi.net\/fr\/le-fourneau-ecogreen\/\" target=\"\" aria-label=\"Read more about Le fourneau EcoGreen\" class=\"box-button elementor-button elementor-size-xs\">En savoir plus<\/a>\n<\/div><\/article><\/div><div class=\"visible wf-cell iso-item category-3341 category-3342\" data-post-id=\"38819\" data-date=\"2020-06-04T14:25:00+00:00\" data-name=\"Passage du diesel \u00e0 l&#039;\u00e9lectrique\"><article class=\"post visible post-38819 type-post status-publish format-standard has-post-thumbnail hentry category-durabilite category-planete category-3341 category-3342 description-off\" data-name=\"Passage du diesel \u00e0 l&rsquo;\u00e9lectrique\" data-date=\"2020-06-04T14:25:00+00:00\">\n\n\t<div class=\"post-thumbnail-wrap\">\n\t\t<div class=\"post-thumbnail\">\n\n\t\t\t<a class=\"post-thumbnail-rollover img-css-resize-wrapper\" aria-label=\"Post image\" href=\"https:\/\/www.jacobi.net\/fr\/passage-du-diesel-a-lelectrique\/\"><img loading=\"lazy\" decoding=\"async\" width=\"1200\" height=\"800\" src=\"https:\/\/www.jacobi.net\/wp-content\/uploads\/2020\/06\/article-forklifts-1.jpg\" class=\"attachment-full size-full preload-me aspect\" alt=\"Brand New Electric Forklift\" srcset=\"https:\/\/www.jacobi.net\/wp-content\/uploads\/2020\/06\/article-forklifts-1.jpg 1200w, https:\/\/www.jacobi.net\/wp-content\/uploads\/2020\/06\/article-forklifts-1-300x200.jpg 300w, https:\/\/www.jacobi.net\/wp-content\/uploads\/2020\/06\/article-forklifts-1-1024x683.jpg 1024w, https:\/\/www.jacobi.net\/wp-content\/uploads\/2020\/06\/article-forklifts-1-768x512.jpg 768w, https:\/\/www.jacobi.net\/wp-content\/uploads\/2020\/06\/article-forklifts-1-595xh.jpg 595w\" sizes=\"(max-width: 1200px) 100vw, 1200px\" style=\"--ratio: 1200 \/ 800;\" \/><span class=\"the7-hover-icon\"><svg aria-hidden=\"true\" class=\"e-font-icon-svg e-fas-plus\" viewBox=\"0 0 448 512\" xmlns=\"http:\/\/www.w3.org\/2000\/svg\"><path d=\"M416 208H272V64c0-17.67-14.33-32-32-32h-32c-17.67 0-32 14.33-32 32v144H32c-17.67 0-32 14.33-32 32v32c0 17.67 14.33 32 32 32h144v144c0 17.67 14.33 32 32 32h32c17.67 0 32-14.33 32-32V304h144c17.67 0 32-14.33 32-32v-32c0-17.67-14.33-32-32-32z\"><\/path><\/svg><\/span><\/a>\n\t\t<\/div>\n\t<\/div>\n\n\n<div class=\"post-entry-content\">\n\n\t<h3 class=\"ele-entry-title\"><a href=\"https:\/\/www.jacobi.net\/fr\/passage-du-diesel-a-lelectrique\/\" rel=\"bookmark\" title=\"Passage du diesel \u00e0 l&rsquo;\u00e9lectrique\">Passage du diesel \u00e0 l&rsquo;\u00e9lectrique<\/a><\/h3><div class=\"entry-excerpt\"><p>En 2016, Jacobi Carbons France est devenue la premi\u00e8re filiale du groupe Jacobi Carbons \u00e0 supprimer tous ses chariots \u00e9l\u00e9vateurs au diesel, rempla\u00e7ant ainsi toute sa flotte par huit engins\u2026<\/p>\n<\/div><a href=\"https:\/\/www.jacobi.net\/fr\/passage-du-diesel-a-lelectrique\/\" target=\"\" aria-label=\"Read more about Passage du diesel \u00e0 l&rsquo;\u00e9lectrique\" class=\"box-button elementor-button elementor-size-xs\">En savoir plus<\/a>\n<\/div><\/article><\/div><\/div><!-- iso-container|iso-grid --><div class=\"paginator filter-decorations filter-pointer-underline filter-animation-fade\" role=\"navigation\"><\/div><\/div>\t\t\t\t<\/div>\n\t\t\t\t<\/div>\n\t\t\t\t\t<\/div>\n\t\t\t\t<\/div>\n\t\t\t\t<\/div>\n\t\t","protected":false},"excerpt":{"rendered":"<p>En 2016, Jacobi Carbons France est devenue la premi\u00e8re filiale du groupe Jacobi Carbons \u00e0 supprimer tous ses chariots \u00e9l\u00e9vateurs au diesel, rempla\u00e7ant ainsi toute sa flotte par huit engins \u00e9lectriques. L&rsquo;ensemble du projet a \u00e9t\u00e9 supervis\u00e9 par Usman Saeed, Directeur de production EMEA, qui savait que cette transition ferait toute la diff\u00e9rence, aussi bien&hellip;<\/p>\n","protected":false},"author":1,"featured_media":46673,"parent":0,"menu_order":0,"comment_status":"closed","ping_status":"closed","template":"","meta":{"_acf_changed":false,"footnotes":""},"class_list":["post-46837","page","type-page","status-publish","has-post-thumbnail","hentry","category-3341","category-3342","description-off"],"acf":[],"yoast_head":"<!-- This site is optimized with the Yoast SEO Premium plugin v27.3 (Yoast SEO v27.3) - https:\/\/yoast.com\/product\/yoast-seo-premium-wordpress\/ -->\n<title>Actualit\u00e9s - Jacobi Group<\/title>\n<meta name=\"robots\" content=\"index, follow, max-snippet:-1, max-image-preview:large, max-video-preview:-1\" \/>\n<link rel=\"canonical\" href=\"https:\/\/www.jacobi.net\/fr\/actualites\/\" \/>\n<meta property=\"og:locale\" content=\"fr_FR\" \/>\n<meta property=\"og:type\" content=\"article\" \/>\n<meta property=\"og:title\" content=\"Actualit\u00e9s\" \/>\n<meta property=\"og:url\" content=\"https:\/\/www.jacobi.net\/fr\/actualites\/\" \/>\n<meta property=\"og:site_name\" content=\"Jacobi Group\" \/>\n<meta property=\"article:publisher\" content=\"https:\/\/www.facebook.com\/JacobiCarbonsGroup\" \/>\n<meta property=\"article:modified_time\" content=\"2025-02-03T13:37:15+00:00\" \/>\n<meta property=\"og:image\" content=\"https:\/\/www.jacobi.net\/wp-content\/uploads\/2024\/04\/header.jpg\" \/>\n\t<meta property=\"og:image:width\" content=\"936\" \/>\n\t<meta property=\"og:image:height\" content=\"624\" \/>\n\t<meta property=\"og:image:type\" content=\"image\/jpeg\" \/>\n<meta name=\"twitter:card\" content=\"summary_large_image\" \/>\n<meta name=\"twitter:site\" content=\"@jacobi_carbons\" \/>\n<script type=\"application\/ld+json\" class=\"yoast-schema-graph\">{\"@context\":\"https:\\\/\\\/schema.org\",\"@graph\":[{\"@type\":\"WebPage\",\"@id\":\"https:\\\/\\\/www.jacobi.net\\\/fr\\\/actualites\\\/\",\"url\":\"https:\\\/\\\/www.jacobi.net\\\/fr\\\/actualites\\\/\",\"name\":\"Actualit\u00e9s - Jacobi Group\",\"isPartOf\":{\"@id\":\"https:\\\/\\\/www.jacobi.net\\\/fr\\\/#website\"},\"primaryImageOfPage\":{\"@id\":\"https:\\\/\\\/www.jacobi.net\\\/fr\\\/actualites\\\/#primaryimage\"},\"image\":{\"@id\":\"https:\\\/\\\/www.jacobi.net\\\/fr\\\/actualites\\\/#primaryimage\"},\"thumbnailUrl\":\"https:\\\/\\\/www.jacobi.net\\\/wp-content\\\/uploads\\\/2024\\\/04\\\/header.jpg\",\"datePublished\":\"2025-01-31T12:33:30+00:00\",\"dateModified\":\"2025-02-03T13:37:15+00:00\",\"breadcrumb\":{\"@id\":\"https:\\\/\\\/www.jacobi.net\\\/fr\\\/actualites\\\/#breadcrumb\"},\"inLanguage\":\"fr-FR\",\"potentialAction\":[{\"@type\":\"ReadAction\",\"target\":[\"https:\\\/\\\/www.jacobi.net\\\/fr\\\/actualites\\\/\"]}]},{\"@type\":\"ImageObject\",\"inLanguage\":\"fr-FR\",\"@id\":\"https:\\\/\\\/www.jacobi.net\\\/fr\\\/actualites\\\/#primaryimage\",\"url\":\"https:\\\/\\\/www.jacobi.net\\\/wp-content\\\/uploads\\\/2024\\\/04\\\/header.jpg\",\"contentUrl\":\"https:\\\/\\\/www.jacobi.net\\\/wp-content\\\/uploads\\\/2024\\\/04\\\/header.jpg\",\"width\":936,\"height\":624},{\"@type\":\"BreadcrumbList\",\"@id\":\"https:\\\/\\\/www.jacobi.net\\\/fr\\\/actualites\\\/#breadcrumb\",\"itemListElement\":[{\"@type\":\"ListItem\",\"position\":1,\"name\":\"Home\",\"item\":\"https:\\\/\\\/www.jacobi.net\\\/fr\\\/accueil\\\/\"},{\"@type\":\"ListItem\",\"position\":2,\"name\":\"Actualit\u00e9s\"}]},{\"@type\":\"WebSite\",\"@id\":\"https:\\\/\\\/www.jacobi.net\\\/fr\\\/#website\",\"url\":\"https:\\\/\\\/www.jacobi.net\\\/fr\\\/\",\"name\":\"Jacobi Group\",\"description\":\"The Carbon Company\",\"publisher\":{\"@id\":\"https:\\\/\\\/www.jacobi.net\\\/fr\\\/#organization\"},\"potentialAction\":[{\"@type\":\"SearchAction\",\"target\":{\"@type\":\"EntryPoint\",\"urlTemplate\":\"https:\\\/\\\/www.jacobi.net\\\/fr\\\/?s={search_term_string}\"},\"query-input\":{\"@type\":\"PropertyValueSpecification\",\"valueRequired\":true,\"valueName\":\"search_term_string\"}}],\"inLanguage\":\"fr-FR\"},{\"@type\":\"Organization\",\"@id\":\"https:\\\/\\\/www.jacobi.net\\\/fr\\\/#organization\",\"name\":\"Jacobi Group\",\"url\":\"https:\\\/\\\/www.jacobi.net\\\/fr\\\/\",\"logo\":{\"@type\":\"ImageObject\",\"inLanguage\":\"fr-FR\",\"@id\":\"https:\\\/\\\/www.jacobi.net\\\/fr\\\/#\\\/schema\\\/logo\\\/image\\\/\",\"url\":\"https:\\\/\\\/www.jacobi.net\\\/wp-content\\\/uploads\\\/2020\\\/06\\\/jacobi-retina-header.png\",\"contentUrl\":\"https:\\\/\\\/www.jacobi.net\\\/wp-content\\\/uploads\\\/2020\\\/06\\\/jacobi-retina-header.png\",\"width\":196,\"height\":110,\"caption\":\"Jacobi Group\"},\"image\":{\"@id\":\"https:\\\/\\\/www.jacobi.net\\\/fr\\\/#\\\/schema\\\/logo\\\/image\\\/\"},\"sameAs\":[\"https:\\\/\\\/www.facebook.com\\\/JacobiCarbonsGroup\",\"https:\\\/\\\/x.com\\\/jacobi_carbons\",\"https:\\\/\\\/www.linkedin.com\\\/company\\\/jacobi-carbons\\\/\",\"https:\\\/\\\/www.youtube.com\\\/channel\\\/UCLMBd_DgwXBihVLpof8Lixg\",\"https:\\\/\\\/sv.wikipedia.org\\\/wiki\\\/Jacobi_Carbons\"]}]}<\/script>\n<!-- \/ Yoast SEO Premium plugin. -->","yoast_head_json":{"title":"Actualit\u00e9s - Jacobi Group","robots":{"index":"index","follow":"follow","max-snippet":"max-snippet:-1","max-image-preview":"max-image-preview:large","max-video-preview":"max-video-preview:-1"},"canonical":"https:\/\/www.jacobi.net\/fr\/actualites\/","og_locale":"fr_FR","og_type":"article","og_title":"Actualit\u00e9s","og_url":"https:\/\/www.jacobi.net\/fr\/actualites\/","og_site_name":"Jacobi Group","article_publisher":"https:\/\/www.facebook.com\/JacobiCarbonsGroup","article_modified_time":"2025-02-03T13:37:15+00:00","og_image":[{"width":936,"height":624,"url":"https:\/\/www.jacobi.net\/wp-content\/uploads\/2024\/04\/header.jpg","type":"image\/jpeg"}],"twitter_card":"summary_large_image","twitter_site":"@jacobi_carbons","schema":{"@context":"https:\/\/schema.org","@graph":[{"@type":"WebPage","@id":"https:\/\/www.jacobi.net\/fr\/actualites\/","url":"https:\/\/www.jacobi.net\/fr\/actualites\/","name":"Actualit\u00e9s - Jacobi Group","isPartOf":{"@id":"https:\/\/www.jacobi.net\/fr\/#website"},"primaryImageOfPage":{"@id":"https:\/\/www.jacobi.net\/fr\/actualites\/#primaryimage"},"image":{"@id":"https:\/\/www.jacobi.net\/fr\/actualites\/#primaryimage"},"thumbnailUrl":"https:\/\/www.jacobi.net\/wp-content\/uploads\/2024\/04\/header.jpg","datePublished":"2025-01-31T12:33:30+00:00","dateModified":"2025-02-03T13:37:15+00:00","breadcrumb":{"@id":"https:\/\/www.jacobi.net\/fr\/actualites\/#breadcrumb"},"inLanguage":"fr-FR","potentialAction":[{"@type":"ReadAction","target":["https:\/\/www.jacobi.net\/fr\/actualites\/"]}]},{"@type":"ImageObject","inLanguage":"fr-FR","@id":"https:\/\/www.jacobi.net\/fr\/actualites\/#primaryimage","url":"https:\/\/www.jacobi.net\/wp-content\/uploads\/2024\/04\/header.jpg","contentUrl":"https:\/\/www.jacobi.net\/wp-content\/uploads\/2024\/04\/header.jpg","width":936,"height":624},{"@type":"BreadcrumbList","@id":"https:\/\/www.jacobi.net\/fr\/actualites\/#breadcrumb","itemListElement":[{"@type":"ListItem","position":1,"name":"Home","item":"https:\/\/www.jacobi.net\/fr\/accueil\/"},{"@type":"ListItem","position":2,"name":"Actualit\u00e9s"}]},{"@type":"WebSite","@id":"https:\/\/www.jacobi.net\/fr\/#website","url":"https:\/\/www.jacobi.net\/fr\/","name":"Jacobi Group","description":"The Carbon Company","publisher":{"@id":"https:\/\/www.jacobi.net\/fr\/#organization"},"potentialAction":[{"@type":"SearchAction","target":{"@type":"EntryPoint","urlTemplate":"https:\/\/www.jacobi.net\/fr\/?s={search_term_string}"},"query-input":{"@type":"PropertyValueSpecification","valueRequired":true,"valueName":"search_term_string"}}],"inLanguage":"fr-FR"},{"@type":"Organization","@id":"https:\/\/www.jacobi.net\/fr\/#organization","name":"Jacobi Group","url":"https:\/\/www.jacobi.net\/fr\/","logo":{"@type":"ImageObject","inLanguage":"fr-FR","@id":"https:\/\/www.jacobi.net\/fr\/#\/schema\/logo\/image\/","url":"https:\/\/www.jacobi.net\/wp-content\/uploads\/2020\/06\/jacobi-retina-header.png","contentUrl":"https:\/\/www.jacobi.net\/wp-content\/uploads\/2020\/06\/jacobi-retina-header.png","width":196,"height":110,"caption":"Jacobi Group"},"image":{"@id":"https:\/\/www.jacobi.net\/fr\/#\/schema\/logo\/image\/"},"sameAs":["https:\/\/www.facebook.com\/JacobiCarbonsGroup","https:\/\/x.com\/jacobi_carbons","https:\/\/www.linkedin.com\/company\/jacobi-carbons\/","https:\/\/www.youtube.com\/channel\/UCLMBd_DgwXBihVLpof8Lixg","https:\/\/sv.wikipedia.org\/wiki\/Jacobi_Carbons"]}]}},"_links":{"self":[{"href":"https:\/\/www.jacobi.net\/fr\/wp-json\/wp\/v2\/pages\/46837","targetHints":{"allow":["GET"]}}],"collection":[{"href":"https:\/\/www.jacobi.net\/fr\/wp-json\/wp\/v2\/pages"}],"about":[{"href":"https:\/\/www.jacobi.net\/fr\/wp-json\/wp\/v2\/types\/page"}],"author":[{"embeddable":true,"href":"https:\/\/www.jacobi.net\/fr\/wp-json\/wp\/v2\/users\/1"}],"replies":[{"embeddable":true,"href":"https:\/\/www.jacobi.net\/fr\/wp-json\/wp\/v2\/comments?post=46837"}],"version-history":[{"count":0,"href":"https:\/\/www.jacobi.net\/fr\/wp-json\/wp\/v2\/pages\/46837\/revisions"}],"wp:featuredmedia":[{"embeddable":true,"href":"https:\/\/www.jacobi.net\/fr\/wp-json\/wp\/v2\/media\/46673"}],"wp:attachment":[{"href":"https:\/\/www.jacobi.net\/fr\/wp-json\/wp\/v2\/media?parent=46837"}],"curies":[{"name":"wp","href":"https:\/\/api.w.org\/{rel}","templated":true}]}}