{"id":38761,"date":"2018-05-24T08:52:08","date_gmt":"2018-05-24T08:52:08","guid":{"rendered":"https:\/\/www.jacobi.net\/imprint\/"},"modified":"2024-09-27T16:11:23","modified_gmt":"2024-09-27T16:11:23","slug":"imprint","status":"publish","type":"page","link":"https:\/\/www.jacobi.net\/fr\/imprint\/","title":{"rendered":"Imprint"},"content":{"rendered":"\t\t<div data-elementor-type=\"wp-page\" data-elementor-id=\"38761\" class=\"elementor elementor-38761 elementor-29118\" data-elementor-post-type=\"page\">\n\t\t\t\t<div class=\"elementor-element elementor-element-5670e48 e-flex e-con-boxed e-con e-parent\" data-id=\"5670e48\" data-element_type=\"container\" data-e-type=\"container\">\n\t\t\t\t\t<div class=\"e-con-inner\">\n\t\t\t\t<div class=\"elementor-element elementor-element-5581d383 elementor-widget elementor-widget-text-editor\" data-id=\"5581d383\" data-element_type=\"widget\" data-e-type=\"widget\" data-widget_type=\"text-editor.default\">\n\t\t\t\t<div class=\"elementor-widget-container\">\n\t\t\t\t\t\t\t\t\t<p><strong>Information according to \u00a7 5 TMG:<\/strong><\/p><p>Jacobi Carbons AB<br \/>Sl\u00f6djaregatan 1<br \/>SE-393 53 Kalmar<\/p><p><strong>Represented by:<\/strong><\/p><p>Mr. Remko Goudappel<\/p><p><strong>Contact:<\/strong><\/p><p>Telephone: +46 480 417550<br \/>Fax: +46 480 417559<br \/>E-Mail: info@jacobi.net<\/p><p><strong>Registered Information:<\/strong><\/p><p>Incorporated in Sweden<br \/>VAT identification: SE556140693401<\/p><p><strong>Dispute settlements:<\/strong><\/p><p>We are not willing or obliged to dispute resolution before any Consumer Advice Bureau.<\/p><p><strong>Liability for content:<\/strong><\/p><p>As a service provider we are responsible according to \u00a7 7 Abs.1 TMG for own contents on these sides according to the general laws. Nevertheless, as a service provider, we are not obliged to monitor transmitted or stored third-party information or to investigate circumstances that indicate an illegal activity according to \u00a7\u00a7 8 to 10 TMG.<\/p><p>Obligations to remove or block the use of information under general law remain unaffected. A liability regarding this subject, however, is only possible from the date of knowledge of a concrete infringement. Upon becoming aware of appropriate violations, we will remove the content immediately.<\/p><p><strong>Liability for links:<\/strong><\/p><p>Our offer contains links to external websites of third parties on whose contents we have no influence upon. Therefore, we cannot assume any liability for these external contents. For the contents of linked pages the respective provider or operator of the pages is always responsible. The linked pages were checked for possible legal violations at the time of linking. Unlawful content was not visible at the time of linkage. However, a permanent content control of the linked pages is without concrete evidence of an infringement is unreasonable. Upon notification of violations, we will remove those pages immediately.<\/p><p><strong>Copyright:<\/strong><\/p><p>The contents and works on these sides created by the side operators are subject to copyright. Duplication, editing, distribution and any kind of exploitation outside the limits of copyright require the written consent of the respective author or creator. Downloads and copies of this site are only allowed for private, non-commercial use.<\/p><p>As long as the contents on this side were not created by the operator, the copyrights of third parties will be respected. In particular, contents of third parties are marked as such. Should you still notice a copyright infringement attention, please let us know. We will immediately remove such content if we become aware of any violations.<\/p>\t\t\t\t\t\t\t\t<\/div>\n\t\t\t\t<\/div>\n\t\t\t\t\t<\/div>\n\t\t\t\t<\/div>\n\t\t\t\t<\/div>\n\t\t","protected":false},"excerpt":{"rendered":"","protected":false},"author":1,"featured_media":46673,"parent":0,"menu_order":0,"comment_status":"closed","ping_status":"closed","template":"elementor_header_footer","meta":{"_acf_changed":false,"footnotes":""},"class_list":["post-38761","page","type-page","status-publish","has-post-thumbnail","hentry"],"acf":[],"yoast_head":"<!-- This site is optimized with the Yoast SEO Premium plugin v27.4 (Yoast SEO v27.4) - https:\/\/yoast.com\/product\/yoast-seo-premium-wordpress\/ -->\n<title>Imprint - Groupe Jacobi<\/title>\n<meta name=\"description\" content=\"Ici, vous trouverez les informations d&#039;immatriculation de la soci\u00e9t\u00e9 Jacobi ainsi que celles concernant la responsabilit\u00e9 et les droits d&#039;auteur.\" \/>\n<meta name=\"robots\" content=\"index, follow, max-snippet:-1, max-image-preview:large, max-video-preview:-1\" \/>\n<link rel=\"canonical\" href=\"https:\/\/www.jacobi.net\/fr\/imprint\/\" \/>\n<meta property=\"og:locale\" content=\"fr_FR\" \/>\n<meta property=\"og:type\" content=\"article\" \/>\n<meta property=\"og:title\" content=\"Imprint\" \/>\n<meta property=\"og:description\" content=\"Ici, vous trouverez les informations d&#039;immatriculation de la soci\u00e9t\u00e9 Jacobi ainsi que celles concernant la responsabilit\u00e9 et les droits d&#039;auteur.\" \/>\n<meta property=\"og:url\" content=\"https:\/\/www.jacobi.net\/fr\/imprint\/\" \/>\n<meta property=\"og:site_name\" content=\"Jacobi Group\" \/>\n<meta property=\"article:publisher\" content=\"https:\/\/www.facebook.com\/JacobiCarbonsGroup\" \/>\n<meta property=\"article:modified_time\" content=\"2024-09-27T16:11:23+00:00\" \/>\n<meta property=\"og:image\" content=\"https:\/\/www.jacobi.net\/wp-content\/uploads\/2020\/04\/jacobi-logo-sttandard-1.png\" \/>\n\t<meta property=\"og:image:width\" content=\"102\" \/>\n\t<meta property=\"og:image:height\" content=\"120\" \/>\n\t<meta property=\"og:image:type\" content=\"image\/png\" \/>\n<meta name=\"twitter:card\" content=\"summary_large_image\" \/>\n<meta name=\"twitter:site\" content=\"@jacobi_carbons\" \/>\n<meta name=\"twitter:label1\" content=\"Dur\u00e9e de lecture estim\u00e9e\" \/>\n\t<meta name=\"twitter:data1\" content=\"2 minutes\" \/>\n<script type=\"application\/ld+json\" class=\"yoast-schema-graph\">{\"@context\":\"https:\\\/\\\/schema.org\",\"@graph\":[{\"@type\":\"WebPage\",\"@id\":\"https:\\\/\\\/www.jacobi.net\\\/fr\\\/imprint\\\/\",\"url\":\"https:\\\/\\\/www.jacobi.net\\\/fr\\\/imprint\\\/\",\"name\":\"Imprint - Groupe Jacobi\",\"isPartOf\":{\"@id\":\"https:\\\/\\\/www.jacobi.net\\\/fr\\\/#website\"},\"primaryImageOfPage\":{\"@id\":\"https:\\\/\\\/www.jacobi.net\\\/fr\\\/imprint\\\/#primaryimage\"},\"image\":{\"@id\":\"https:\\\/\\\/www.jacobi.net\\\/fr\\\/imprint\\\/#primaryimage\"},\"thumbnailUrl\":\"https:\\\/\\\/www.jacobi.net\\\/wp-content\\\/uploads\\\/2024\\\/04\\\/header.jpg\",\"datePublished\":\"2018-05-24T08:52:08+00:00\",\"dateModified\":\"2024-09-27T16:11:23+00:00\",\"description\":\"Ici, vous trouverez les informations d'immatriculation de la soci\u00e9t\u00e9 Jacobi ainsi que celles concernant la responsabilit\u00e9 et les droits d'auteur.\",\"breadcrumb\":{\"@id\":\"https:\\\/\\\/www.jacobi.net\\\/fr\\\/imprint\\\/#breadcrumb\"},\"inLanguage\":\"fr-FR\",\"potentialAction\":[{\"@type\":\"ReadAction\",\"target\":[\"https:\\\/\\\/www.jacobi.net\\\/fr\\\/imprint\\\/\"]}]},{\"@type\":\"ImageObject\",\"inLanguage\":\"fr-FR\",\"@id\":\"https:\\\/\\\/www.jacobi.net\\\/fr\\\/imprint\\\/#primaryimage\",\"url\":\"https:\\\/\\\/www.jacobi.net\\\/wp-content\\\/uploads\\\/2024\\\/04\\\/header.jpg\",\"contentUrl\":\"https:\\\/\\\/www.jacobi.net\\\/wp-content\\\/uploads\\\/2024\\\/04\\\/header.jpg\",\"width\":936,\"height\":624},{\"@type\":\"BreadcrumbList\",\"@id\":\"https:\\\/\\\/www.jacobi.net\\\/fr\\\/imprint\\\/#breadcrumb\",\"itemListElement\":[{\"@type\":\"ListItem\",\"position\":1,\"name\":\"Home\",\"item\":\"https:\\\/\\\/www.jacobi.net\\\/fr\\\/accueil\\\/\"},{\"@type\":\"ListItem\",\"position\":2,\"name\":\"Imprint\"}]},{\"@type\":\"WebSite\",\"@id\":\"https:\\\/\\\/www.jacobi.net\\\/fr\\\/#website\",\"url\":\"https:\\\/\\\/www.jacobi.net\\\/fr\\\/\",\"name\":\"Jacobi Group\",\"description\":\"The Carbon Company\",\"publisher\":{\"@id\":\"https:\\\/\\\/www.jacobi.net\\\/fr\\\/#organization\"},\"potentialAction\":[{\"@type\":\"SearchAction\",\"target\":{\"@type\":\"EntryPoint\",\"urlTemplate\":\"https:\\\/\\\/www.jacobi.net\\\/fr\\\/?s={search_term_string}\"},\"query-input\":{\"@type\":\"PropertyValueSpecification\",\"valueRequired\":true,\"valueName\":\"search_term_string\"}}],\"inLanguage\":\"fr-FR\"},{\"@type\":\"Organization\",\"@id\":\"https:\\\/\\\/www.jacobi.net\\\/fr\\\/#organization\",\"name\":\"Jacobi Group\",\"url\":\"https:\\\/\\\/www.jacobi.net\\\/fr\\\/\",\"logo\":{\"@type\":\"ImageObject\",\"inLanguage\":\"fr-FR\",\"@id\":\"https:\\\/\\\/www.jacobi.net\\\/fr\\\/#\\\/schema\\\/logo\\\/image\\\/\",\"url\":\"https:\\\/\\\/www.jacobi.net\\\/wp-content\\\/uploads\\\/2020\\\/06\\\/jacobi-retina-header.png\",\"contentUrl\":\"https:\\\/\\\/www.jacobi.net\\\/wp-content\\\/uploads\\\/2020\\\/06\\\/jacobi-retina-header.png\",\"width\":196,\"height\":110,\"caption\":\"Jacobi Group\"},\"image\":{\"@id\":\"https:\\\/\\\/www.jacobi.net\\\/fr\\\/#\\\/schema\\\/logo\\\/image\\\/\"},\"sameAs\":[\"https:\\\/\\\/www.facebook.com\\\/JacobiCarbonsGroup\",\"https:\\\/\\\/x.com\\\/jacobi_carbons\",\"https:\\\/\\\/www.linkedin.com\\\/company\\\/jacobi-carbons\\\/\",\"https:\\\/\\\/www.youtube.com\\\/channel\\\/UCLMBd_DgwXBihVLpof8Lixg\",\"https:\\\/\\\/sv.wikipedia.org\\\/wiki\\\/Jacobi_Carbons\"]}]}<\/script>\n<!-- \/ Yoast SEO Premium plugin. -->","yoast_head_json":{"title":"Imprint - Groupe Jacobi","description":"Ici, vous trouverez les informations d'immatriculation de la soci\u00e9t\u00e9 Jacobi ainsi que celles concernant la responsabilit\u00e9 et les droits d'auteur.","robots":{"index":"index","follow":"follow","max-snippet":"max-snippet:-1","max-image-preview":"max-image-preview:large","max-video-preview":"max-video-preview:-1"},"canonical":"https:\/\/www.jacobi.net\/fr\/imprint\/","og_locale":"fr_FR","og_type":"article","og_title":"Imprint","og_description":"Ici, vous trouverez les informations d'immatriculation de la soci\u00e9t\u00e9 Jacobi ainsi que celles concernant la responsabilit\u00e9 et les droits d'auteur.","og_url":"https:\/\/www.jacobi.net\/fr\/imprint\/","og_site_name":"Jacobi Group","article_publisher":"https:\/\/www.facebook.com\/JacobiCarbonsGroup","article_modified_time":"2024-09-27T16:11:23+00:00","og_image":[{"width":102,"height":120,"url":"https:\/\/www.jacobi.net\/wp-content\/uploads\/2020\/04\/jacobi-logo-sttandard-1.png","type":"image\/png"}],"twitter_card":"summary_large_image","twitter_site":"@jacobi_carbons","twitter_misc":{"Dur\u00e9e de lecture estim\u00e9e":"2 minutes"},"schema":{"@context":"https:\/\/schema.org","@graph":[{"@type":"WebPage","@id":"https:\/\/www.jacobi.net\/fr\/imprint\/","url":"https:\/\/www.jacobi.net\/fr\/imprint\/","name":"Imprint - Groupe Jacobi","isPartOf":{"@id":"https:\/\/www.jacobi.net\/fr\/#website"},"primaryImageOfPage":{"@id":"https:\/\/www.jacobi.net\/fr\/imprint\/#primaryimage"},"image":{"@id":"https:\/\/www.jacobi.net\/fr\/imprint\/#primaryimage"},"thumbnailUrl":"https:\/\/www.jacobi.net\/wp-content\/uploads\/2024\/04\/header.jpg","datePublished":"2018-05-24T08:52:08+00:00","dateModified":"2024-09-27T16:11:23+00:00","description":"Ici, vous trouverez les informations d'immatriculation de la soci\u00e9t\u00e9 Jacobi ainsi que celles concernant la responsabilit\u00e9 et les droits d'auteur.","breadcrumb":{"@id":"https:\/\/www.jacobi.net\/fr\/imprint\/#breadcrumb"},"inLanguage":"fr-FR","potentialAction":[{"@type":"ReadAction","target":["https:\/\/www.jacobi.net\/fr\/imprint\/"]}]},{"@type":"ImageObject","inLanguage":"fr-FR","@id":"https:\/\/www.jacobi.net\/fr\/imprint\/#primaryimage","url":"https:\/\/www.jacobi.net\/wp-content\/uploads\/2024\/04\/header.jpg","contentUrl":"https:\/\/www.jacobi.net\/wp-content\/uploads\/2024\/04\/header.jpg","width":936,"height":624},{"@type":"BreadcrumbList","@id":"https:\/\/www.jacobi.net\/fr\/imprint\/#breadcrumb","itemListElement":[{"@type":"ListItem","position":1,"name":"Home","item":"https:\/\/www.jacobi.net\/fr\/accueil\/"},{"@type":"ListItem","position":2,"name":"Imprint"}]},{"@type":"WebSite","@id":"https:\/\/www.jacobi.net\/fr\/#website","url":"https:\/\/www.jacobi.net\/fr\/","name":"Jacobi Group","description":"The Carbon Company","publisher":{"@id":"https:\/\/www.jacobi.net\/fr\/#organization"},"potentialAction":[{"@type":"SearchAction","target":{"@type":"EntryPoint","urlTemplate":"https:\/\/www.jacobi.net\/fr\/?s={search_term_string}"},"query-input":{"@type":"PropertyValueSpecification","valueRequired":true,"valueName":"search_term_string"}}],"inLanguage":"fr-FR"},{"@type":"Organization","@id":"https:\/\/www.jacobi.net\/fr\/#organization","name":"Jacobi Group","url":"https:\/\/www.jacobi.net\/fr\/","logo":{"@type":"ImageObject","inLanguage":"fr-FR","@id":"https:\/\/www.jacobi.net\/fr\/#\/schema\/logo\/image\/","url":"https:\/\/www.jacobi.net\/wp-content\/uploads\/2020\/06\/jacobi-retina-header.png","contentUrl":"https:\/\/www.jacobi.net\/wp-content\/uploads\/2020\/06\/jacobi-retina-header.png","width":196,"height":110,"caption":"Jacobi Group"},"image":{"@id":"https:\/\/www.jacobi.net\/fr\/#\/schema\/logo\/image\/"},"sameAs":["https:\/\/www.facebook.com\/JacobiCarbonsGroup","https:\/\/x.com\/jacobi_carbons","https:\/\/www.linkedin.com\/company\/jacobi-carbons\/","https:\/\/www.youtube.com\/channel\/UCLMBd_DgwXBihVLpof8Lixg","https:\/\/sv.wikipedia.org\/wiki\/Jacobi_Carbons"]}]}},"_links":{"self":[{"href":"https:\/\/www.jacobi.net\/fr\/wp-json\/wp\/v2\/pages\/38761","targetHints":{"allow":["GET"]}}],"collection":[{"href":"https:\/\/www.jacobi.net\/fr\/wp-json\/wp\/v2\/pages"}],"about":[{"href":"https:\/\/www.jacobi.net\/fr\/wp-json\/wp\/v2\/types\/page"}],"author":[{"embeddable":true,"href":"https:\/\/www.jacobi.net\/fr\/wp-json\/wp\/v2\/users\/1"}],"replies":[{"embeddable":true,"href":"https:\/\/www.jacobi.net\/fr\/wp-json\/wp\/v2\/comments?post=38761"}],"version-history":[{"count":0,"href":"https:\/\/www.jacobi.net\/fr\/wp-json\/wp\/v2\/pages\/38761\/revisions"}],"wp:featuredmedia":[{"embeddable":true,"href":"https:\/\/www.jacobi.net\/fr\/wp-json\/wp\/v2\/media\/46673"}],"wp:attachment":[{"href":"https:\/\/www.jacobi.net\/fr\/wp-json\/wp\/v2\/media?parent=38761"}],"curies":[{"name":"wp","href":"https:\/\/api.w.org\/{rel}","templated":true}]}}