{"id":38412,"date":"2021-04-08T15:42:22","date_gmt":"2021-04-08T15:42:22","guid":{"rendered":"https:\/\/www.jacobi.net\/?page_id=38412"},"modified":"2024-09-27T16:06:47","modified_gmt":"2024-09-27T16:06:47","slug":"a-propos-de-nous","status":"publish","type":"page","link":"https:\/\/www.jacobi.net\/fr\/a-propos-de-nous\/","title":{"rendered":"\u00c0 propos de nous"},"content":{"rendered":"\t\t<div data-elementor-type=\"wp-page\" data-elementor-id=\"38412\" class=\"elementor elementor-38412 elementor-14870\" data-elementor-post-type=\"page\">\n\t\t\t\t<div class=\"elementor-element elementor-element-1abfe0e2 e-flex e-con-boxed e-con e-parent\" data-id=\"1abfe0e2\" data-element_type=\"container\" data-e-type=\"container\">\n\t\t\t\t\t<div class=\"e-con-inner\">\n\t\t<div class=\"elementor-element elementor-element-db7ebda e-flex e-con-boxed e-con e-child\" data-id=\"db7ebda\" data-element_type=\"container\" data-e-type=\"container\">\n\t\t\t\t\t<div class=\"e-con-inner\">\n\t\t\t\t<div class=\"elementor-element elementor-element-35a72840 elementor-widget elementor-widget-text-editor\" data-id=\"35a72840\" data-element_type=\"widget\" data-e-type=\"widget\" data-widget_type=\"text-editor.default\">\n\t\t\t\t<div class=\"elementor-widget-container\">\n\t\t\t\t\t\t\t\t\t<p>\u00c0 PROPOS<\/p>\t\t\t\t\t\t\t\t<\/div>\n\t\t\t\t<\/div>\n\t\t\t\t<div class=\"elementor-element elementor-element-1decaf6a elementor-widget-divider--view-line elementor-widget elementor-widget-divider\" data-id=\"1decaf6a\" data-element_type=\"widget\" data-e-type=\"widget\" data-widget_type=\"divider.default\">\n\t\t\t\t<div class=\"elementor-widget-container\">\n\t\t\t\t\t\t\t<div class=\"elementor-divider\">\n\t\t\t<span class=\"elementor-divider-separator\">\n\t\t\t\t\t\t<\/span>\n\t\t<\/div>\n\t\t\t\t\t\t<\/div>\n\t\t\t\t<\/div>\n\t\t\t\t\t<\/div>\n\t\t\t\t<\/div>\n\t\t\t\t\t<\/div>\n\t\t\t\t<\/div>\n\t\t<div class=\"elementor-element elementor-element-828f64c e-flex e-con-boxed e-con e-parent\" data-id=\"828f64c\" data-element_type=\"container\" data-e-type=\"container\">\n\t\t\t\t\t<div class=\"e-con-inner\">\n\t\t\t\t<div class=\"elementor-element elementor-element-127929bc elementor-widget elementor-widget-image\" data-id=\"127929bc\" data-element_type=\"widget\" data-e-type=\"widget\" data-widget_type=\"image.default\">\n\t\t\t\t<div class=\"elementor-widget-container\">\n\t\t\t\t\t\t\t\t\t\t\t\t\t\t\t<img fetchpriority=\"high\" decoding=\"async\" width=\"1200\" height=\"493\" src=\"https:\/\/www.jacobi.net\/wp-content\/uploads\/2024\/03\/Filters-3-About-Us-page.png\" class=\"attachment-full size-full wp-image-45083\" alt=\"\" srcset=\"https:\/\/www.jacobi.net\/wp-content\/uploads\/2024\/03\/Filters-3-About-Us-page.png 1200w, https:\/\/www.jacobi.net\/wp-content\/uploads\/2024\/03\/Filters-3-About-Us-page-300x123.png 300w, https:\/\/www.jacobi.net\/wp-content\/uploads\/2024\/03\/Filters-3-About-Us-page-1024x421.png 1024w, https:\/\/www.jacobi.net\/wp-content\/uploads\/2024\/03\/Filters-3-About-Us-page-768x316.png 768w\" sizes=\"(max-width: 1200px) 100vw, 1200px\" \/>\t\t\t\t\t\t\t\t\t\t\t\t\t\t\t<\/div>\n\t\t\t\t<\/div>\n\t\t\t\t\t<\/div>\n\t\t\t\t<\/div>\n\t\t<div class=\"elementor-element elementor-element-2bd6fe6a e-flex e-con-boxed e-con e-parent\" data-id=\"2bd6fe6a\" data-element_type=\"container\" data-e-type=\"container\">\n\t\t\t\t\t<div class=\"e-con-inner\">\n\t\t\t\t<div class=\"elementor-element elementor-element-1cc5f175 elementor-widget elementor-widget-heading\" data-id=\"1cc5f175\" data-element_type=\"widget\" data-e-type=\"widget\" data-widget_type=\"heading.default\">\n\t\t\t\t<div class=\"elementor-widget-container\">\n\t\t\t\t\t<h2 class=\"elementor-heading-title elementor-size-default\">Le groupe Jacobi est\u2026<\/h2>\t\t\t\t<\/div>\n\t\t\t\t<\/div>\n\t\t\t\t\t<\/div>\n\t\t\t\t<\/div>\n\t\t<div class=\"elementor-element elementor-element-43f6fcf4 e-flex e-con-boxed e-con e-parent\" data-id=\"43f6fcf4\" data-element_type=\"container\" data-e-type=\"container\">\n\t\t\t\t\t<div class=\"e-con-inner\">\n\t\t<div class=\"elementor-element elementor-element-3d08af74 e-con-full e-flex e-con e-child\" data-id=\"3d08af74\" data-element_type=\"container\" data-e-type=\"container\">\n\t\t\t\t<div class=\"elementor-element elementor-element-1df761a8 elementor-widget elementor-widget-text-editor\" data-id=\"1df761a8\" data-element_type=\"widget\" data-e-type=\"widget\" data-widget_type=\"text-editor.default\">\n\t\t\t\t<div class=\"elementor-widget-container\">\n\t\t\t\t\t\t\t\t\t<p>\u2026 une filiale en propri\u00e9t\u00e9 exclusive d\u2019Osaka Gas Chemicals Co., Ltd. (OGC). OGC a fait l\u2019acquisition de Jacobi en 2014.<\/p><p>\u2026 engag\u00e9 \u00e0 devenir le fournisseur le plus respectueux de l\u2019environnement et le plus \u00e9cologique de l\u2019industrie. Avec un accent particulier sur la s\u00e9curit\u00e9, les besoins de sa client\u00e8le, de ses employ\u00e9s et des communaut\u00e9s o\u00f9 il op\u00e8re. Avec une approche innovante pour r\u00e9pondre aux besoins de ses futurs clients et r\u00e9duire son impact sur l\u2019environnement.<\/p><p>\u2026 le premier fabricant au monde de charbon actif \u00e0 base de coques de noix de coco, avec une capacit\u00e9 de production deux fois sup\u00e9rieure \u00e0 celle de ses concurrents. La coque de noix de coco est la mati\u00e8re premi\u00e8re la plus durable en mati\u00e8re de charbon actif.<\/p><p>\u2026 une organisation de production \u00e0 \u00e9chelle mondiale, avec 20 sites de fabrication et de transformation ainsi que 2 usines de r\u00e9activation en Europe.<\/p>\t\t\t\t\t\t\t\t<\/div>\n\t\t\t\t<\/div>\n\t\t\t\t<\/div>\n\t\t<div class=\"elementor-element elementor-element-16f6bc0b e-con-full e-flex e-con e-child\" data-id=\"16f6bc0b\" data-element_type=\"container\" data-e-type=\"container\">\n\t\t\t\t<div class=\"elementor-element elementor-element-74cd895f elementor-widget elementor-widget-text-editor\" data-id=\"74cd895f\" data-element_type=\"widget\" data-e-type=\"widget\" data-widget_type=\"text-editor.default\">\n\t\t\t\t<div class=\"elementor-widget-container\">\n\t\t\t\t\t\t\t\t\t<p>\u2026 le fournisseur de la plus importante gamme de charbons actifs, dont des charbons actifs \u00e0 base de coques de noix de coco, de charbon bitumineux, de lignite et de bois. La soci\u00e9t\u00e9 propose des charbons, disponibles sous la forme de charbon en poudre, en granul\u00e9s, extrud\u00e9, sph\u00e9rique et en feutre, ainsi que des r\u00e9sines \u00e9changeuses d\u2019ions et des services d\u2019entretien de filtres.<\/p><p>\u2026engag\u00e9 \u00e0 \u00eatre l\u2019acteur le plus innovant, gr\u00e2ce \u00e0 un groupe R&amp;D particuli\u00e8rement performant situ\u00e9 au Japon.<\/p><p>\u2026 dot\u00e9 de plus de 1 850 professionnels tr\u00e8s impliqu\u00e9s.<\/p><p>\u2026 engag\u00e9 dans une seule et m\u00eame mission, \u00eatre le fournisseur pr\u00e9f\u00e9r\u00e9 de ses clients pour son charbon actif, sa r\u00e9sine \u00e9changeuse d\u2019ions et ses solutions de service d\u2019entretien de filtres, avec un support technique et un service client\u00e8le irr\u00e9prochable.<\/p>\t\t\t\t\t\t\t\t<\/div>\n\t\t\t\t<\/div>\n\t\t\t\t<\/div>\n\t\t\t\t\t<\/div>\n\t\t\t\t<\/div>\n\t\t<div class=\"elementor-element elementor-element-6bb63ea4 e-flex e-con-boxed e-con e-parent\" data-id=\"6bb63ea4\" data-element_type=\"container\" data-e-type=\"container\">\n\t\t\t\t\t<div class=\"e-con-inner\">\n\t\t<div class=\"elementor-element elementor-element-c74ed56 e-con-full e-flex e-con e-child\" data-id=\"c74ed56\" data-element_type=\"container\" data-e-type=\"container\">\n\t\t\t\t<div class=\"elementor-element elementor-element-4d2e3fd elementor-widget elementor-widget-image\" data-id=\"4d2e3fd\" data-element_type=\"widget\" data-e-type=\"widget\" data-widget_type=\"image.default\">\n\t\t\t\t<div class=\"elementor-widget-container\">\n\t\t\t\t\t\t\t\t\t\t\t\t\t\t\t<img decoding=\"async\" width=\"800\" height=\"800\" src=\"https:\/\/www.jacobi.net\/wp-content\/uploads\/2020\/07\/About-Us-Page-22-1.jpg\" class=\"attachment-full size-full wp-image-35283\" alt=\"\" srcset=\"https:\/\/www.jacobi.net\/wp-content\/uploads\/2020\/07\/About-Us-Page-22-1.jpg 800w, https:\/\/www.jacobi.net\/wp-content\/uploads\/2020\/07\/About-Us-Page-22-1-300x300.jpg 300w, https:\/\/www.jacobi.net\/wp-content\/uploads\/2020\/07\/About-Us-Page-22-1-150x150.jpg 150w, https:\/\/www.jacobi.net\/wp-content\/uploads\/2020\/07\/About-Us-Page-22-1-768x768.jpg 768w, https:\/\/www.jacobi.net\/wp-content\/uploads\/2020\/07\/About-Us-Page-22-1-595xh.jpg 595w\" sizes=\"(max-width: 800px) 100vw, 800px\" \/>\t\t\t\t\t\t\t\t\t\t\t\t\t\t\t<\/div>\n\t\t\t\t<\/div>\n\t\t\t\t<div class=\"elementor-element elementor-element-33488034 elementor-widget elementor-widget-text-editor\" data-id=\"33488034\" data-element_type=\"widget\" data-e-type=\"widget\" data-widget_type=\"text-editor.default\">\n\t\t\t\t<div class=\"elementor-widget-container\">\n\t\t\t\t\t\t\t\t\t<h3><strong><span style=\"font-size: 14pt;\">Une soci\u00e9t\u00e9 engag\u00e9e dans la qualit\u00e9<\/span><\/strong><\/h3><p>Jacobi Carbons a une approche qualit\u00e9 rigoureuse, du premier appel jusqu\u2019\u00e0 la phase finale de livraison, la soci\u00e9t\u00e9 s\u2019assure ainsi que le produit livr\u00e9 r\u00e9pond ou d\u00e9passe les attentes du client.<\/p><p>Jacobi Carbons est une organisation accr\u00e9dit\u00e9e qui r\u00e9pond aux normes internationales rigoureuses ISO-9000, avec des accr\u00e9ditations locales pour ses points de production, de distribution et de gestion administrative.<\/p><p>Nos proc\u00e9dures d\u2019assurance qualit\u00e9 rigoureuses vous assurent un produit de qualit\u00e9, un conditionnement des produits haut de gamme et un service client\u00e8le toujours excellent.<\/p>\t\t\t\t\t\t\t\t<\/div>\n\t\t\t\t<\/div>\n\t\t\t\t<\/div>\n\t\t<div class=\"elementor-element elementor-element-5f704b74 e-con-full e-flex e-con e-child\" data-id=\"5f704b74\" data-element_type=\"container\" data-e-type=\"container\">\n\t\t\t\t<div class=\"elementor-element elementor-element-53876c71 elementor-widget elementor-widget-image\" data-id=\"53876c71\" data-element_type=\"widget\" data-e-type=\"widget\" data-widget_type=\"image.default\">\n\t\t\t\t<div class=\"elementor-widget-container\">\n\t\t\t\t\t\t\t\t\t\t\t\t\t\t\t<img decoding=\"async\" width=\"800\" height=\"800\" src=\"https:\/\/www.jacobi.net\/wp-content\/uploads\/2020\/07\/About-Us-Page-1.jpg\" class=\"attachment-full size-full wp-image-35238\" alt=\"\" srcset=\"https:\/\/www.jacobi.net\/wp-content\/uploads\/2020\/07\/About-Us-Page-1.jpg 800w, https:\/\/www.jacobi.net\/wp-content\/uploads\/2020\/07\/About-Us-Page-1-300x300.jpg 300w, https:\/\/www.jacobi.net\/wp-content\/uploads\/2020\/07\/About-Us-Page-1-150x150.jpg 150w, https:\/\/www.jacobi.net\/wp-content\/uploads\/2020\/07\/About-Us-Page-1-768x768.jpg 768w, https:\/\/www.jacobi.net\/wp-content\/uploads\/2020\/07\/About-Us-Page-1-595xh.jpg 595w\" sizes=\"(max-width: 800px) 100vw, 800px\" \/>\t\t\t\t\t\t\t\t\t\t\t\t\t\t\t<\/div>\n\t\t\t\t<\/div>\n\t\t\t\t<div class=\"elementor-element elementor-element-7d6ae58f elementor-widget elementor-widget-text-editor\" data-id=\"7d6ae58f\" data-element_type=\"widget\" data-e-type=\"widget\" data-widget_type=\"text-editor.default\">\n\t\t\t\t<div class=\"elementor-widget-container\">\n\t\t\t\t\t\t\t\t\t<h3><span style=\"font-size: 14pt;\"><strong>Une soci\u00e9t\u00e9 responsable<\/strong><\/span><\/h3><p>Jacobi Carbons est consciente des responsabilit\u00e9s qui incombent \u00e0 un grand groupe quant au bien-\u00eatre et au respect des droits de ses employ\u00e9s ainsi que de ses partenaires. En effet de nombreux sites de production du groupe se situent dans des pays en d\u00e9veloppement, et il est donc important de s\u2019assurer que l\u2019impact social de ses op\u00e9rations reste positif et qu\u2019il ne se fait pas au d\u00e9triment des r\u00e9gions dans lesquelles nous op\u00e9rons. Jacobi souscrit pleinement aux lignes directives d\u2019organisations comme la SIDA (Agence su\u00e9doise de d\u00e9veloppement et de coop\u00e9ration internationale) qui demandent aux investisseurs de prot\u00e9ger tous les employ\u00e9s et leurs familles, de ne pas exploiter des personnes jeunes ou vuln\u00e9rables et de contribuer activement \u00e0 la communaut\u00e9 locale. Jacobi Carbons est oppos\u00e9 au travail des enfants et respecte la loi en mati\u00e8re de salaire minimum et de conditions de travail.<\/p>\t\t\t\t\t\t\t\t<\/div>\n\t\t\t\t<\/div>\n\t\t\t\t<\/div>\n\t\t<div class=\"elementor-element elementor-element-6d81bcc7 e-con-full e-flex e-con e-child\" data-id=\"6d81bcc7\" data-element_type=\"container\" data-e-type=\"container\">\n\t\t\t\t<div class=\"elementor-element elementor-element-4d373333 elementor-widget elementor-widget-image\" data-id=\"4d373333\" data-element_type=\"widget\" data-e-type=\"widget\" data-widget_type=\"image.default\">\n\t\t\t\t<div class=\"elementor-widget-container\">\n\t\t\t\t\t\t\t\t\t\t\t\t\t\t\t<img loading=\"lazy\" decoding=\"async\" width=\"800\" height=\"800\" src=\"https:\/\/www.jacobi.net\/wp-content\/uploads\/2020\/07\/About-Us-Page-3.jpg\" class=\"attachment-full size-full wp-image-35256\" alt=\"\" srcset=\"https:\/\/www.jacobi.net\/wp-content\/uploads\/2020\/07\/About-Us-Page-3.jpg 800w, https:\/\/www.jacobi.net\/wp-content\/uploads\/2020\/07\/About-Us-Page-3-300x300.jpg 300w, https:\/\/www.jacobi.net\/wp-content\/uploads\/2020\/07\/About-Us-Page-3-150x150.jpg 150w, https:\/\/www.jacobi.net\/wp-content\/uploads\/2020\/07\/About-Us-Page-3-768x768.jpg 768w, https:\/\/www.jacobi.net\/wp-content\/uploads\/2020\/07\/About-Us-Page-3-595xh.jpg 595w\" sizes=\"(max-width: 800px) 100vw, 800px\" \/>\t\t\t\t\t\t\t\t\t\t\t\t\t\t\t<\/div>\n\t\t\t\t<\/div>\n\t\t\t\t<div class=\"elementor-element elementor-element-5a0fd7d elementor-widget elementor-widget-text-editor\" data-id=\"5a0fd7d\" data-element_type=\"widget\" data-e-type=\"widget\" data-widget_type=\"text-editor.default\">\n\t\t\t\t<div class=\"elementor-widget-container\">\n\t\t\t\t\t\t\t\t\t<h3><span style=\"font-size: 14pt;\"><strong>Une soci\u00e9t\u00e9 au d\u00e9veloppement durable<\/strong><\/span><\/h3><p>Le bon usage des ressources naturelles de la terre est crucial dans la conception des locaux de Jacobi Carbons. La production de charbon actif a un impact sur l\u2019environnement. Ce facteur peut \u00eatre att\u00e9nu\u00e9 gr\u00e2ce \u00e0 une gestion prudente des process, au choix de mati\u00e8res premi\u00e8res durables et \u00e0 la r\u00e9utilisation des sous-produits. Toutes les installations de Jacobi sont dot\u00e9es d\u2019un \u00e9quipement moderne, au process optimis\u00e9. La r\u00e9utilisation de la chaleur g\u00e9n\u00e9r\u00e9e et de l\u2019eau utilis\u00e9e est effectu\u00e9e d\u00e8s que possible. Tout surplus d\u2019\u00e9nergie d\u00e9gag\u00e9 est r\u00e9inject\u00e9 dans les r\u00e9seaux locaux.<\/p>\t\t\t\t\t\t\t\t<\/div>\n\t\t\t\t<\/div>\n\t\t\t\t<\/div>\n\t\t\t\t\t<\/div>\n\t\t\t\t<\/div>\n\t\t\t\t<\/div>\n\t\t","protected":false},"excerpt":{"rendered":"","protected":false},"author":1,"featured_media":46673,"parent":0,"menu_order":0,"comment_status":"closed","ping_status":"closed","template":"","meta":{"_acf_changed":false,"footnotes":""},"class_list":["post-38412","page","type-page","status-publish","has-post-thumbnail","hentry"],"acf":[],"yoast_head":"<!-- This site is optimized with the Yoast SEO Premium plugin v27.5 (Yoast SEO v27.5) - https:\/\/yoast.com\/product\/yoast-seo-premium-wordpress\/ -->\n<title>\u00c0 propos de nous - Groupe Jacobi<\/title>\n<meta name=\"description\" content=\"Fournisseur de la plus vaste gamme de charbons actifs de l&#039;industrie, dont ceux \u00e0 base de coques de noix de coco, de charbon bitumineux, de lignite et de bois.\" \/>\n<meta name=\"robots\" content=\"index, follow, max-snippet:-1, max-image-preview:large, max-video-preview:-1\" \/>\n<link rel=\"canonical\" href=\"https:\/\/www.jacobi.net\/fr\/a-propos-de-nous\/\" \/>\n<meta property=\"og:locale\" content=\"fr_FR\" \/>\n<meta property=\"og:type\" content=\"article\" \/>\n<meta property=\"og:title\" content=\"\u00c0 propos de nous\" \/>\n<meta property=\"og:description\" content=\"Fournisseur de la plus vaste gamme de charbons actifs de l&#039;industrie, dont ceux \u00e0 base de coques de noix de coco, de charbon bitumineux, de lignite et de bois.\" \/>\n<meta property=\"og:url\" content=\"https:\/\/www.jacobi.net\/fr\/a-propos-de-nous\/\" \/>\n<meta property=\"og:site_name\" content=\"Jacobi Group\" \/>\n<meta property=\"article:publisher\" content=\"https:\/\/www.facebook.com\/JacobiCarbonsGroup\" \/>\n<meta property=\"article:modified_time\" content=\"2024-09-27T16:06:47+00:00\" \/>\n<meta property=\"og:image\" content=\"https:\/\/www.jacobi.net\/wp-content\/uploads\/2020\/04\/jacobi-logo-sttandard-1.png\" \/>\n\t<meta property=\"og:image:width\" content=\"102\" \/>\n\t<meta property=\"og:image:height\" content=\"120\" \/>\n\t<meta property=\"og:image:type\" content=\"image\/png\" \/>\n<meta name=\"twitter:card\" content=\"summary_large_image\" \/>\n<meta name=\"twitter:site\" content=\"@jacobi_carbons\" \/>\n<meta name=\"twitter:label1\" content=\"Dur\u00e9e de lecture estim\u00e9e\" \/>\n\t<meta name=\"twitter:data1\" content=\"4 minutes\" \/>\n<script type=\"application\/ld+json\" class=\"yoast-schema-graph\">{\"@context\":\"https:\\\/\\\/schema.org\",\"@graph\":[{\"@type\":\"WebPage\",\"@id\":\"https:\\\/\\\/www.jacobi.net\\\/fr\\\/a-propos-de-nous\\\/\",\"url\":\"https:\\\/\\\/www.jacobi.net\\\/fr\\\/a-propos-de-nous\\\/\",\"name\":\"\u00c0 propos de nous - Groupe Jacobi\",\"isPartOf\":{\"@id\":\"https:\\\/\\\/www.jacobi.net\\\/fr\\\/#website\"},\"primaryImageOfPage\":{\"@id\":\"https:\\\/\\\/www.jacobi.net\\\/fr\\\/a-propos-de-nous\\\/#primaryimage\"},\"image\":{\"@id\":\"https:\\\/\\\/www.jacobi.net\\\/fr\\\/a-propos-de-nous\\\/#primaryimage\"},\"thumbnailUrl\":\"https:\\\/\\\/www.jacobi.net\\\/wp-content\\\/uploads\\\/2024\\\/04\\\/header.jpg\",\"datePublished\":\"2021-04-08T15:42:22+00:00\",\"dateModified\":\"2024-09-27T16:06:47+00:00\",\"description\":\"Fournisseur de la plus vaste gamme de charbons actifs de l'industrie, dont ceux \u00e0 base de coques de noix de coco, de charbon bitumineux, de lignite et de bois.\",\"breadcrumb\":{\"@id\":\"https:\\\/\\\/www.jacobi.net\\\/fr\\\/a-propos-de-nous\\\/#breadcrumb\"},\"inLanguage\":\"fr-FR\",\"potentialAction\":[{\"@type\":\"ReadAction\",\"target\":[\"https:\\\/\\\/www.jacobi.net\\\/fr\\\/a-propos-de-nous\\\/\"]}]},{\"@type\":\"ImageObject\",\"inLanguage\":\"fr-FR\",\"@id\":\"https:\\\/\\\/www.jacobi.net\\\/fr\\\/a-propos-de-nous\\\/#primaryimage\",\"url\":\"https:\\\/\\\/www.jacobi.net\\\/wp-content\\\/uploads\\\/2024\\\/04\\\/header.jpg\",\"contentUrl\":\"https:\\\/\\\/www.jacobi.net\\\/wp-content\\\/uploads\\\/2024\\\/04\\\/header.jpg\",\"width\":936,\"height\":624},{\"@type\":\"BreadcrumbList\",\"@id\":\"https:\\\/\\\/www.jacobi.net\\\/fr\\\/a-propos-de-nous\\\/#breadcrumb\",\"itemListElement\":[{\"@type\":\"ListItem\",\"position\":1,\"name\":\"Home\",\"item\":\"https:\\\/\\\/www.jacobi.net\\\/fr\\\/accueil\\\/\"},{\"@type\":\"ListItem\",\"position\":2,\"name\":\"\u00c0 propos de nous\"}]},{\"@type\":\"WebSite\",\"@id\":\"https:\\\/\\\/www.jacobi.net\\\/fr\\\/#website\",\"url\":\"https:\\\/\\\/www.jacobi.net\\\/fr\\\/\",\"name\":\"Jacobi Group\",\"description\":\"The Carbon Company\",\"publisher\":{\"@id\":\"https:\\\/\\\/www.jacobi.net\\\/fr\\\/#organization\"},\"potentialAction\":[{\"@type\":\"SearchAction\",\"target\":{\"@type\":\"EntryPoint\",\"urlTemplate\":\"https:\\\/\\\/www.jacobi.net\\\/fr\\\/?s={search_term_string}\"},\"query-input\":{\"@type\":\"PropertyValueSpecification\",\"valueRequired\":true,\"valueName\":\"search_term_string\"}}],\"inLanguage\":\"fr-FR\"},{\"@type\":\"Organization\",\"@id\":\"https:\\\/\\\/www.jacobi.net\\\/fr\\\/#organization\",\"name\":\"Jacobi Group\",\"url\":\"https:\\\/\\\/www.jacobi.net\\\/fr\\\/\",\"logo\":{\"@type\":\"ImageObject\",\"inLanguage\":\"fr-FR\",\"@id\":\"https:\\\/\\\/www.jacobi.net\\\/fr\\\/#\\\/schema\\\/logo\\\/image\\\/\",\"url\":\"https:\\\/\\\/www.jacobi.net\\\/wp-content\\\/uploads\\\/2020\\\/06\\\/jacobi-retina-header.png\",\"contentUrl\":\"https:\\\/\\\/www.jacobi.net\\\/wp-content\\\/uploads\\\/2020\\\/06\\\/jacobi-retina-header.png\",\"width\":196,\"height\":110,\"caption\":\"Jacobi Group\"},\"image\":{\"@id\":\"https:\\\/\\\/www.jacobi.net\\\/fr\\\/#\\\/schema\\\/logo\\\/image\\\/\"},\"sameAs\":[\"https:\\\/\\\/www.facebook.com\\\/JacobiCarbonsGroup\",\"https:\\\/\\\/x.com\\\/jacobi_carbons\",\"https:\\\/\\\/www.linkedin.com\\\/company\\\/jacobi-carbons\\\/\",\"https:\\\/\\\/www.youtube.com\\\/channel\\\/UCLMBd_DgwXBihVLpof8Lixg\",\"https:\\\/\\\/sv.wikipedia.org\\\/wiki\\\/Jacobi_Carbons\"]}]}<\/script>\n<!-- \/ Yoast SEO Premium plugin. -->","yoast_head_json":{"title":"\u00c0 propos de nous - Groupe Jacobi","description":"Fournisseur de la plus vaste gamme de charbons actifs de l'industrie, dont ceux \u00e0 base de coques de noix de coco, de charbon bitumineux, de lignite et de bois.","robots":{"index":"index","follow":"follow","max-snippet":"max-snippet:-1","max-image-preview":"max-image-preview:large","max-video-preview":"max-video-preview:-1"},"canonical":"https:\/\/www.jacobi.net\/fr\/a-propos-de-nous\/","og_locale":"fr_FR","og_type":"article","og_title":"\u00c0 propos de nous","og_description":"Fournisseur de la plus vaste gamme de charbons actifs de l'industrie, dont ceux \u00e0 base de coques de noix de coco, de charbon bitumineux, de lignite et de bois.","og_url":"https:\/\/www.jacobi.net\/fr\/a-propos-de-nous\/","og_site_name":"Jacobi Group","article_publisher":"https:\/\/www.facebook.com\/JacobiCarbonsGroup","article_modified_time":"2024-09-27T16:06:47+00:00","og_image":[{"width":102,"height":120,"url":"https:\/\/www.jacobi.net\/wp-content\/uploads\/2020\/04\/jacobi-logo-sttandard-1.png","type":"image\/png"}],"twitter_card":"summary_large_image","twitter_site":"@jacobi_carbons","twitter_misc":{"Dur\u00e9e de lecture estim\u00e9e":"4 minutes"},"schema":{"@context":"https:\/\/schema.org","@graph":[{"@type":"WebPage","@id":"https:\/\/www.jacobi.net\/fr\/a-propos-de-nous\/","url":"https:\/\/www.jacobi.net\/fr\/a-propos-de-nous\/","name":"\u00c0 propos de nous - Groupe Jacobi","isPartOf":{"@id":"https:\/\/www.jacobi.net\/fr\/#website"},"primaryImageOfPage":{"@id":"https:\/\/www.jacobi.net\/fr\/a-propos-de-nous\/#primaryimage"},"image":{"@id":"https:\/\/www.jacobi.net\/fr\/a-propos-de-nous\/#primaryimage"},"thumbnailUrl":"https:\/\/www.jacobi.net\/wp-content\/uploads\/2024\/04\/header.jpg","datePublished":"2021-04-08T15:42:22+00:00","dateModified":"2024-09-27T16:06:47+00:00","description":"Fournisseur de la plus vaste gamme de charbons actifs de l'industrie, dont ceux \u00e0 base de coques de noix de coco, de charbon bitumineux, de lignite et de bois.","breadcrumb":{"@id":"https:\/\/www.jacobi.net\/fr\/a-propos-de-nous\/#breadcrumb"},"inLanguage":"fr-FR","potentialAction":[{"@type":"ReadAction","target":["https:\/\/www.jacobi.net\/fr\/a-propos-de-nous\/"]}]},{"@type":"ImageObject","inLanguage":"fr-FR","@id":"https:\/\/www.jacobi.net\/fr\/a-propos-de-nous\/#primaryimage","url":"https:\/\/www.jacobi.net\/wp-content\/uploads\/2024\/04\/header.jpg","contentUrl":"https:\/\/www.jacobi.net\/wp-content\/uploads\/2024\/04\/header.jpg","width":936,"height":624},{"@type":"BreadcrumbList","@id":"https:\/\/www.jacobi.net\/fr\/a-propos-de-nous\/#breadcrumb","itemListElement":[{"@type":"ListItem","position":1,"name":"Home","item":"https:\/\/www.jacobi.net\/fr\/accueil\/"},{"@type":"ListItem","position":2,"name":"\u00c0 propos de nous"}]},{"@type":"WebSite","@id":"https:\/\/www.jacobi.net\/fr\/#website","url":"https:\/\/www.jacobi.net\/fr\/","name":"Jacobi Group","description":"The Carbon Company","publisher":{"@id":"https:\/\/www.jacobi.net\/fr\/#organization"},"potentialAction":[{"@type":"SearchAction","target":{"@type":"EntryPoint","urlTemplate":"https:\/\/www.jacobi.net\/fr\/?s={search_term_string}"},"query-input":{"@type":"PropertyValueSpecification","valueRequired":true,"valueName":"search_term_string"}}],"inLanguage":"fr-FR"},{"@type":"Organization","@id":"https:\/\/www.jacobi.net\/fr\/#organization","name":"Jacobi Group","url":"https:\/\/www.jacobi.net\/fr\/","logo":{"@type":"ImageObject","inLanguage":"fr-FR","@id":"https:\/\/www.jacobi.net\/fr\/#\/schema\/logo\/image\/","url":"https:\/\/www.jacobi.net\/wp-content\/uploads\/2020\/06\/jacobi-retina-header.png","contentUrl":"https:\/\/www.jacobi.net\/wp-content\/uploads\/2020\/06\/jacobi-retina-header.png","width":196,"height":110,"caption":"Jacobi Group"},"image":{"@id":"https:\/\/www.jacobi.net\/fr\/#\/schema\/logo\/image\/"},"sameAs":["https:\/\/www.facebook.com\/JacobiCarbonsGroup","https:\/\/x.com\/jacobi_carbons","https:\/\/www.linkedin.com\/company\/jacobi-carbons\/","https:\/\/www.youtube.com\/channel\/UCLMBd_DgwXBihVLpof8Lixg","https:\/\/sv.wikipedia.org\/wiki\/Jacobi_Carbons"]}]}},"_links":{"self":[{"href":"https:\/\/www.jacobi.net\/fr\/wp-json\/wp\/v2\/pages\/38412","targetHints":{"allow":["GET"]}}],"collection":[{"href":"https:\/\/www.jacobi.net\/fr\/wp-json\/wp\/v2\/pages"}],"about":[{"href":"https:\/\/www.jacobi.net\/fr\/wp-json\/wp\/v2\/types\/page"}],"author":[{"embeddable":true,"href":"https:\/\/www.jacobi.net\/fr\/wp-json\/wp\/v2\/users\/1"}],"replies":[{"embeddable":true,"href":"https:\/\/www.jacobi.net\/fr\/wp-json\/wp\/v2\/comments?post=38412"}],"version-history":[{"count":0,"href":"https:\/\/www.jacobi.net\/fr\/wp-json\/wp\/v2\/pages\/38412\/revisions"}],"wp:featuredmedia":[{"embeddable":true,"href":"https:\/\/www.jacobi.net\/fr\/wp-json\/wp\/v2\/media\/46673"}],"wp:attachment":[{"href":"https:\/\/www.jacobi.net\/fr\/wp-json\/wp\/v2\/media?parent=38412"}],"curies":[{"name":"wp","href":"https:\/\/api.w.org\/{rel}","templated":true}]}}