{"id":46842,"date":"2025-01-31T12:33:30","date_gmt":"2025-01-31T12:33:30","guid":{"rendered":"https:\/\/www.jacobi.net\/company-news\/"},"modified":"2025-02-03T13:31:54","modified_gmt":"2025-02-03T13:31:54","slug":"noticias","status":"publish","type":"page","link":"https:\/\/www.jacobi.net\/es\/noticias\/","title":{"rendered":"Noticias"},"content":{"rendered":"\t\t<div data-elementor-type=\"wp-page\" data-elementor-id=\"46842\" class=\"elementor elementor-46842 elementor-46806\" data-elementor-post-type=\"page\">\n\t\t\t\t<div class=\"elementor-element elementor-element-d9b428a e-grid e-con-boxed e-con e-parent\" data-id=\"d9b428a\" data-element_type=\"container\" data-e-type=\"container\">\n\t\t\t\t\t<div class=\"e-con-inner\">\n\t\t\t\t<div class=\"elementor-element elementor-element-5a46579 elementor-widget elementor-widget-the7_elements\" data-id=\"5a46579\" data-element_type=\"widget\" data-e-type=\"widget\" data-widget_type=\"the7_elements.default\">\n\t\t\t\t<div class=\"elementor-widget-container\">\n\t\t\t\t\t<div class=\"portfolio-shortcode the7-elementor-widget the7_elements-5a46579 mode-masonry classic-layout-list description-under-image quick-scale-img meta-info-off content-bg-on enable-bg-rollover resize-by-browser-width widget-with-filter loading-effect-none enable-pagination-scroll jquery-filter\" data-padding=\"15px\" data-mobile-columns-num=\"1\" data-tablet-columns-num=\"2\" data-desktop-columns-num=\"3\" data-wide-desktop-columns-num=\"3\" data-post-limit=\"10\" data-pagination-mode=\"pages\" data-scroll-offset=\"0\" aria-live=\"assertive\"><div class=\"iso-filter filter-decorations extras-off filter filter-pointer-default show-filter-categories   filter-bg-decoration\"><div class=\"filter-categories\" data-default-order=\"\" data-default-orderby=\"\"><a href=\"https:\/\/www.jacobi.net\/es\/noticias\/\" class=\"show-all filter-item act\" data-filter=\"*\" aria-label=\"Apply filter: Ver todo\">Ver todo<\/a><a href=\"https:\/\/www.jacobi.net\/es\/noticias\/?term=noticias-de-la-compania\" class=\"filter-item noticias-de-la-compania\" data-filter=\".category-3352\" aria-label=\"Apply filter: Noticias de la compa\u00f1\u00eda\">Noticias de la compa\u00f1\u00eda<\/a><a href=\"https:\/\/www.jacobi.net\/es\/noticias\/?term=personas\" class=\"filter-item personas\" data-filter=\".category-3381\" aria-label=\"Apply filter: Personal\">Personal<\/a><a href=\"https:\/\/www.jacobi.net\/es\/noticias\/?term=planeta\" class=\"filter-item planeta\" data-filter=\".category-3338\" aria-label=\"Apply filter: Planeta\">Planeta<\/a><\/div><\/div><div class=\"iso-container dt-isotope custom-iso-columns\"><div class=\"visible wf-cell iso-item category-3338 category-3337\" data-post-id=\"38862\" data-date=\"2021-05-10T13:02:38+00:00\" data-name=\"El horno EcoGreen\"><article class=\"post visible post-38862 type-post status-publish format-standard has-post-thumbnail hentry category-planeta category-sostenibilidad category-3338 category-3337 description-off\" data-name=\"El horno EcoGreen\" data-date=\"2021-05-10T13:02:38+00:00\">\n\n\t<div class=\"post-thumbnail-wrap\">\n\t\t<div class=\"post-thumbnail\">\n\n\t\t\t<a class=\"post-thumbnail-rollover img-css-resize-wrapper\" aria-label=\"Post image\" href=\"https:\/\/www.jacobi.net\/es\/el-horno-ecogreen\/\"><img fetchpriority=\"high\" decoding=\"async\" width=\"1200\" height=\"800\" src=\"https:\/\/www.jacobi.net\/wp-content\/uploads\/2020\/06\/article-ecogreen-v2.jpg\" class=\"attachment-full size-full preload-me aspect\" alt=\"Horno EcoGreen\" srcset=\"https:\/\/www.jacobi.net\/wp-content\/uploads\/2020\/06\/article-ecogreen-v2.jpg 1200w, https:\/\/www.jacobi.net\/wp-content\/uploads\/2020\/06\/article-ecogreen-v2-300x200.jpg 300w, https:\/\/www.jacobi.net\/wp-content\/uploads\/2020\/06\/article-ecogreen-v2-1024x683.jpg 1024w, https:\/\/www.jacobi.net\/wp-content\/uploads\/2020\/06\/article-ecogreen-v2-768x512.jpg 768w, https:\/\/www.jacobi.net\/wp-content\/uploads\/2020\/06\/article-ecogreen-v2-595xh.jpg 595w\" sizes=\"(max-width: 1200px) 100vw, 1200px\" style=\"--ratio: 1200 \/ 800;\" \/><span class=\"the7-hover-icon\"><svg aria-hidden=\"true\" class=\"e-font-icon-svg e-fas-plus\" viewBox=\"0 0 448 512\" xmlns=\"http:\/\/www.w3.org\/2000\/svg\"><path d=\"M416 208H272V64c0-17.67-14.33-32-32-32h-32c-17.67 0-32 14.33-32 32v144H32c-17.67 0-32 14.33-32 32v32c0 17.67 14.33 32 32 32h144v144c0 17.67 14.33 32 32 32h32c17.67 0 32-14.33 32-32V304h144c17.67 0 32-14.33 32-32v-32c0-17.67-14.33-32-32-32z\"><\/path><\/svg><\/span><\/a>\n\t\t<\/div>\n\t<\/div>\n\n\n<div class=\"post-entry-content\">\n\n\t<h3 class=\"ele-entry-title\"><a href=\"https:\/\/www.jacobi.net\/es\/el-horno-ecogreen\/\" rel=\"bookmark\" title=\"El horno EcoGreen\">El horno EcoGreen<\/a><\/h3><div class=\"entry-excerpt\"><p>Como gran empresa internacional, Jacobi debe tomar muy en serio su impacto sobre el planeta. Entre bastidores hemos trabajado en cumplir nuestros objetivos relacionados con la sostenibilidad durante a\u00f1os. Para&hellip;<\/p>\n<\/div><a href=\"https:\/\/www.jacobi.net\/es\/el-horno-ecogreen\/\" target=\"\" aria-label=\"Read more about El horno EcoGreen\" class=\"box-button elementor-button elementor-size-xs\">Leer m\u00e1s<\/a>\n<\/div><\/article><\/div><div class=\"visible wf-cell iso-item category-3381 category-3338 category-3337\" data-post-id=\"38878\" data-date=\"2021-05-10T11:20:35+00:00\" data-name=\"D\u00eda Mundial del Agua 2021\"><article class=\"post visible post-38878 type-post status-publish format-standard has-post-thumbnail hentry category-personas category-planeta category-sostenibilidad category-3381 category-3338 category-3337 description-off\" data-name=\"D\u00eda Mundial del Agua 2021\" data-date=\"2021-05-10T11:20:35+00:00\">\n\n\t<div class=\"post-thumbnail-wrap\">\n\t\t<div class=\"post-thumbnail\">\n\n\t\t\t<a class=\"post-thumbnail-rollover img-css-resize-wrapper\" aria-label=\"Post image\" href=\"https:\/\/www.jacobi.net\/es\/dia-mundial-del-agua-2021\/\"><img decoding=\"async\" width=\"1200\" height=\"800\" src=\"https:\/\/www.jacobi.net\/wp-content\/uploads\/2021\/03\/Jac643-Water-Day-Header-2.png\" class=\"attachment-full size-full preload-me aspect\" alt=\"\" srcset=\"https:\/\/www.jacobi.net\/wp-content\/uploads\/2021\/03\/Jac643-Water-Day-Header-2.png 1200w, https:\/\/www.jacobi.net\/wp-content\/uploads\/2021\/03\/Jac643-Water-Day-Header-2-300x200.png 300w, https:\/\/www.jacobi.net\/wp-content\/uploads\/2021\/03\/Jac643-Water-Day-Header-2-1024x683.png 1024w, https:\/\/www.jacobi.net\/wp-content\/uploads\/2021\/03\/Jac643-Water-Day-Header-2-768x512.png 768w, https:\/\/www.jacobi.net\/wp-content\/uploads\/2021\/03\/Jac643-Water-Day-Header-2-595xh.png 595w\" sizes=\"(max-width: 1200px) 100vw, 1200px\" style=\"--ratio: 1200 \/ 800;\" \/><span class=\"the7-hover-icon\"><svg aria-hidden=\"true\" class=\"e-font-icon-svg e-fas-plus\" viewBox=\"0 0 448 512\" xmlns=\"http:\/\/www.w3.org\/2000\/svg\"><path d=\"M416 208H272V64c0-17.67-14.33-32-32-32h-32c-17.67 0-32 14.33-32 32v144H32c-17.67 0-32 14.33-32 32v32c0 17.67 14.33 32 32 32h144v144c0 17.67 14.33 32 32 32h32c17.67 0 32-14.33 32-32V304h144c17.67 0 32-14.33 32-32v-32c0-17.67-14.33-32-32-32z\"><\/path><\/svg><\/span><\/a>\n\t\t<\/div>\n\t<\/div>\n\n\n<div class=\"post-entry-content\">\n\n\t<h3 class=\"ele-entry-title\"><a href=\"https:\/\/www.jacobi.net\/es\/dia-mundial-del-agua-2021\/\" rel=\"bookmark\" title=\"D\u00eda Mundial del Agua 2021\">D\u00eda Mundial del Agua 2021<\/a><\/h3><div class=\"entry-excerpt\"><p>Desde 1993, el 22 de marzo es el D\u00eda Mundial del Agua. El agua es uno de los recursos m\u00e1s preciados e importantes del planeta y es vital para la&hellip;<\/p>\n<\/div><a href=\"https:\/\/www.jacobi.net\/es\/dia-mundial-del-agua-2021\/\" target=\"\" aria-label=\"Read more about D\u00eda Mundial del Agua 2021\" class=\"box-button elementor-button elementor-size-xs\">Leer m\u00e1s<\/a>\n<\/div><\/article><\/div><div class=\"visible wf-cell iso-item category-3352\" data-post-id=\"38830\" data-date=\"2020-10-25T15:58:45+00:00\" data-name=\"El grupo Jacobi crece con la adquisici\u00f3n de la compa\u00f1\u00eda finlandesa Finex, fabricante de resinas de intercambio i\u00f3nico\"><article class=\"post visible post-38830 type-post status-publish format-standard has-post-thumbnail hentry category-noticias-de-la-compania category-3352 description-off\" data-name=\"El grupo Jacobi crece con la adquisici\u00f3n de la compa\u00f1\u00eda finlandesa Finex, fabricante de resinas de intercambio i\u00f3nico\" data-date=\"2020-10-25T15:58:45+00:00\">\n\n\t<div class=\"post-thumbnail-wrap\">\n\t\t<div class=\"post-thumbnail\">\n\n\t\t\t<a class=\"post-thumbnail-rollover img-css-resize-wrapper\" aria-label=\"Post image\" href=\"https:\/\/www.jacobi.net\/es\/el-grupo-jacobi-crece-con-la-adquisicion-de-la-compania-finlandesa-finex-fabricante-de-resinas-de-intercambio-ionico\/\"><img decoding=\"async\" width=\"1200\" height=\"800\" src=\"https:\/\/www.jacobi.net\/wp-content\/uploads\/2020\/10\/resinex.jpg\" class=\"attachment-full size-full preload-me aspect\" alt=\"\" srcset=\"https:\/\/www.jacobi.net\/wp-content\/uploads\/2020\/10\/resinex.jpg 1200w, https:\/\/www.jacobi.net\/wp-content\/uploads\/2020\/10\/resinex-300x200.jpg 300w, https:\/\/www.jacobi.net\/wp-content\/uploads\/2020\/10\/resinex-1024x683.jpg 1024w, https:\/\/www.jacobi.net\/wp-content\/uploads\/2020\/10\/resinex-768x512.jpg 768w, https:\/\/www.jacobi.net\/wp-content\/uploads\/2020\/10\/resinex-595xh.jpg 595w\" sizes=\"(max-width: 1200px) 100vw, 1200px\" style=\"--ratio: 1200 \/ 800;\" \/><span class=\"the7-hover-icon\"><svg aria-hidden=\"true\" class=\"e-font-icon-svg e-fas-plus\" viewBox=\"0 0 448 512\" xmlns=\"http:\/\/www.w3.org\/2000\/svg\"><path d=\"M416 208H272V64c0-17.67-14.33-32-32-32h-32c-17.67 0-32 14.33-32 32v144H32c-17.67 0-32 14.33-32 32v32c0 17.67 14.33 32 32 32h144v144c0 17.67 14.33 32 32 32h32c17.67 0 32-14.33 32-32V304h144c17.67 0 32-14.33 32-32v-32c0-17.67-14.33-32-32-32z\"><\/path><\/svg><\/span><\/a>\n\t\t<\/div>\n\t<\/div>\n\n\n<div class=\"post-entry-content\">\n\n\t<h3 class=\"ele-entry-title\"><a href=\"https:\/\/www.jacobi.net\/es\/el-grupo-jacobi-crece-con-la-adquisicion-de-la-compania-finlandesa-finex-fabricante-de-resinas-de-intercambio-ionico\/\" rel=\"bookmark\" title=\"El grupo Jacobi crece con la adquisici\u00f3n de la compa\u00f1\u00eda finlandesa Finex, fabricante de resinas de intercambio i\u00f3nico\">El grupo Jacobi crece con la adquisici\u00f3n de la compa\u00f1\u00eda finlandesa Finex, fabricante de resinas de intercambio i\u00f3nico<\/a><\/h3><div class=\"entry-excerpt\"><p>Hoy estamos orgullosos de anunciar que Jacobi ha adquirido la compa\u00f1\u00eda finlandesa Finex Oy, fabricante de resinas de intercambio i\u00f3nico. Por lo tanto, se va a incorporar a la secci\u00f3n&hellip;<\/p>\n<\/div><a href=\"https:\/\/www.jacobi.net\/es\/el-grupo-jacobi-crece-con-la-adquisicion-de-la-compania-finlandesa-finex-fabricante-de-resinas-de-intercambio-ionico\/\" target=\"\" aria-label=\"Read more about El grupo Jacobi crece con la adquisici\u00f3n de la compa\u00f1\u00eda finlandesa Finex, fabricante de resinas de intercambio i\u00f3nico\" class=\"box-button elementor-button elementor-size-xs\">Leer m\u00e1s<\/a>\n<\/div><\/article><\/div><div class=\"visible wf-cell iso-item category-3338 category-3337\" data-post-id=\"38825\" data-date=\"2020-09-04T15:58:46+00:00\" data-name=\"Cocos: \u00bfuna materia prima sostenible?\"><article class=\"post visible post-38825 type-post status-publish format-standard has-post-thumbnail hentry category-planeta category-sostenibilidad category-3338 category-3337 description-off\" data-name=\"Cocos: \u00bfuna materia prima sostenible?\" data-date=\"2020-09-04T15:58:46+00:00\">\n\n\t<div class=\"post-thumbnail-wrap\">\n\t\t<div class=\"post-thumbnail\">\n\n\t\t\t<a class=\"post-thumbnail-rollover img-css-resize-wrapper\" aria-label=\"Post image\" href=\"https:\/\/www.jacobi.net\/es\/cocos-una-materia-prima-sostenible\/\"><img loading=\"lazy\" decoding=\"async\" width=\"900\" height=\"600\" src=\"https:\/\/www.jacobi.net\/wp-content\/uploads\/2020\/09\/coconut-post-900x600-1.jpg\" class=\"attachment-full size-full preload-me aspect\" alt=\"\" srcset=\"https:\/\/www.jacobi.net\/wp-content\/uploads\/2020\/09\/coconut-post-900x600-1.jpg 900w, https:\/\/www.jacobi.net\/wp-content\/uploads\/2020\/09\/coconut-post-900x600-1-300x200.jpg 300w, https:\/\/www.jacobi.net\/wp-content\/uploads\/2020\/09\/coconut-post-900x600-1-768x512.jpg 768w, https:\/\/www.jacobi.net\/wp-content\/uploads\/2020\/09\/coconut-post-900x600-1-595xh.jpg 595w\" sizes=\"(max-width: 900px) 100vw, 900px\" style=\"--ratio: 900 \/ 600;\" \/><span class=\"the7-hover-icon\"><svg aria-hidden=\"true\" class=\"e-font-icon-svg e-fas-plus\" viewBox=\"0 0 448 512\" xmlns=\"http:\/\/www.w3.org\/2000\/svg\"><path d=\"M416 208H272V64c0-17.67-14.33-32-32-32h-32c-17.67 0-32 14.33-32 32v144H32c-17.67 0-32 14.33-32 32v32c0 17.67 14.33 32 32 32h144v144c0 17.67 14.33 32 32 32h32c17.67 0 32-14.33 32-32V304h144c17.67 0 32-14.33 32-32v-32c0-17.67-14.33-32-32-32z\"><\/path><\/svg><\/span><\/a>\n\t\t<\/div>\n\t<\/div>\n\n\n<div class=\"post-entry-content\">\n\n\t<h3 class=\"ele-entry-title\"><a href=\"https:\/\/www.jacobi.net\/es\/cocos-una-materia-prima-sostenible\/\" rel=\"bookmark\" title=\"Cocos: \u00bfuna materia prima sostenible?\">Cocos: \u00bfuna materia prima sostenible?<\/a><\/h3><div class=\"entry-excerpt\"><p>Con motivo del d\u00eda mundial del coco, pensamos que ser\u00eda una buena idea conocer con m\u00e1s detalle algunos datos interesantes sobre el humilde coco. \u00a1Sigue leyendo para conocer algunas revelaciones&hellip;<\/p>\n<\/div><a href=\"https:\/\/www.jacobi.net\/es\/cocos-una-materia-prima-sostenible\/\" target=\"\" aria-label=\"Read more about Cocos: \u00bfuna materia prima sostenible?\" class=\"box-button elementor-button elementor-size-xs\">Leer m\u00e1s<\/a>\n<\/div><\/article><\/div><div class=\"visible wf-cell iso-item category-3338 category-3337\" data-post-id=\"38813\" data-date=\"2020-06-05T15:58:50+00:00\" data-name=\"Cambio de di\u00e9sel a el\u00e9ctricas\"><article class=\"post visible post-38813 type-post status-publish format-standard has-post-thumbnail hentry category-planeta category-sostenibilidad category-3338 category-3337 description-off\" data-name=\"Cambio de di\u00e9sel a el\u00e9ctricas\" data-date=\"2020-06-05T15:58:50+00:00\">\n\n\t<div class=\"post-thumbnail-wrap\">\n\t\t<div class=\"post-thumbnail\">\n\n\t\t\t<a class=\"post-thumbnail-rollover img-css-resize-wrapper\" aria-label=\"Post image\" href=\"https:\/\/www.jacobi.net\/es\/cambio-de-diesel-a-electricas\/\"><img loading=\"lazy\" decoding=\"async\" width=\"1200\" height=\"800\" src=\"https:\/\/www.jacobi.net\/wp-content\/uploads\/2020\/06\/article-forklifts-1.jpg\" class=\"attachment-full size-full preload-me aspect\" alt=\"Nuevas carretillas elevadoras el\u00e9ctricas\" srcset=\"https:\/\/www.jacobi.net\/wp-content\/uploads\/2020\/06\/article-forklifts-1.jpg 1200w, https:\/\/www.jacobi.net\/wp-content\/uploads\/2020\/06\/article-forklifts-1-300x200.jpg 300w, https:\/\/www.jacobi.net\/wp-content\/uploads\/2020\/06\/article-forklifts-1-1024x683.jpg 1024w, https:\/\/www.jacobi.net\/wp-content\/uploads\/2020\/06\/article-forklifts-1-768x512.jpg 768w, https:\/\/www.jacobi.net\/wp-content\/uploads\/2020\/06\/article-forklifts-1-595xh.jpg 595w\" sizes=\"(max-width: 1200px) 100vw, 1200px\" style=\"--ratio: 1200 \/ 800;\" \/><span class=\"the7-hover-icon\"><svg aria-hidden=\"true\" class=\"e-font-icon-svg e-fas-plus\" viewBox=\"0 0 448 512\" xmlns=\"http:\/\/www.w3.org\/2000\/svg\"><path d=\"M416 208H272V64c0-17.67-14.33-32-32-32h-32c-17.67 0-32 14.33-32 32v144H32c-17.67 0-32 14.33-32 32v32c0 17.67 14.33 32 32 32h144v144c0 17.67 14.33 32 32 32h32c17.67 0 32-14.33 32-32V304h144c17.67 0 32-14.33 32-32v-32c0-17.67-14.33-32-32-32z\"><\/path><\/svg><\/span><\/a>\n\t\t<\/div>\n\t<\/div>\n\n\n<div class=\"post-entry-content\">\n\n\t<h3 class=\"ele-entry-title\"><a href=\"https:\/\/www.jacobi.net\/es\/cambio-de-diesel-a-electricas\/\" rel=\"bookmark\" title=\"Cambio de di\u00e9sel a el\u00e9ctricas\">Cambio de di\u00e9sel a el\u00e9ctricas<\/a><\/h3><div class=\"entry-excerpt\"><p>En 2016, Jacobi Carbons Francia se convirti\u00f3 en el primero del grupo Jacobi Carbons en eliminar todas las carretillas elevadoras di\u00e9sel, sustituyendo toda la flota por ocho el\u00e9ctricas.<\/p>\n<\/div><a href=\"https:\/\/www.jacobi.net\/es\/cambio-de-diesel-a-electricas\/\" target=\"\" aria-label=\"Read more about Cambio de di\u00e9sel a el\u00e9ctricas\" class=\"box-button elementor-button elementor-size-xs\">Leer m\u00e1s<\/a>\n<\/div><\/article><\/div><\/div><!-- iso-container|iso-grid --><div class=\"paginator filter-decorations filter-pointer-underline filter-animation-fade\" role=\"navigation\"><\/div><\/div>\t\t\t\t<\/div>\n\t\t\t\t<\/div>\n\t\t\t\t\t<\/div>\n\t\t\t\t<\/div>\n\t\t\t\t<\/div>\n\t\t","protected":false},"excerpt":{"rendered":"<p>Ver todoActualit\u00e9 de l&#8217;entreprisePersonnelPlan\u00e8te La Journ\u00e9e mondiale de l&#8217;eau 2021 Depuis 1993, le 22 mars est la Journ\u00e9e mondiale de l&#8217;eau. L&#8217;eau est l&#8217;une des ressources plan\u00e9taires les plus pr\u00e9cieuses et les plus importantes car elle est indispensable \u00e0 la\u2026 Leer m\u00e1s La noix de coco : une mati\u00e8re premi\u00e8re durable ? Dans le cadre&hellip;<\/p>\n","protected":false},"author":1,"featured_media":46678,"parent":0,"menu_order":0,"comment_status":"closed","ping_status":"closed","template":"","meta":{"_acf_changed":false,"footnotes":""},"class_list":["post-46842","page","type-page","status-publish","has-post-thumbnail","hentry","category-3338","category-3337","description-off"],"acf":[],"yoast_head":"<!-- This site is optimized with the Yoast SEO Premium plugin v27.3 (Yoast SEO v27.3) - https:\/\/yoast.com\/product\/yoast-seo-premium-wordpress\/ -->\n<title>Noticias - Jacobi Group<\/title>\n<meta name=\"robots\" content=\"index, follow, max-snippet:-1, max-image-preview:large, max-video-preview:-1\" \/>\n<link rel=\"canonical\" href=\"https:\/\/www.jacobi.net\/es\/noticias\/\" \/>\n<meta property=\"og:locale\" content=\"es_ES\" \/>\n<meta property=\"og:type\" content=\"article\" \/>\n<meta property=\"og:title\" content=\"Noticias\" \/>\n<meta property=\"og:description\" content=\"Ver todoActualit\u00e9 de l&#8217;entreprisePersonnelPlan\u00e8te La Journ\u00e9e mondiale de l&#8217;eau 2021 Depuis 1993, le 22 mars est la Journ\u00e9e mondiale de l&#8217;eau. L&#8217;eau est l&#8217;une des ressources plan\u00e9taires les plus pr\u00e9cieuses et les plus importantes car elle est indispensable \u00e0 la\u2026 Leer m\u00e1s La noix de coco : une mati\u00e8re premi\u00e8re durable ? Dans le cadre&hellip;\" \/>\n<meta property=\"og:url\" content=\"https:\/\/www.jacobi.net\/es\/noticias\/\" \/>\n<meta property=\"og:site_name\" content=\"Jacobi Group\" \/>\n<meta property=\"article:publisher\" content=\"https:\/\/www.facebook.com\/JacobiCarbonsGroup\" \/>\n<meta property=\"article:modified_time\" content=\"2025-02-03T13:31:54+00:00\" \/>\n<meta property=\"og:image\" content=\"https:\/\/www.jacobi.net\/wp-content\/uploads\/2024\/04\/header.jpg\" \/>\n\t<meta property=\"og:image:width\" content=\"936\" \/>\n\t<meta property=\"og:image:height\" content=\"624\" \/>\n\t<meta property=\"og:image:type\" content=\"image\/jpeg\" \/>\n<meta name=\"twitter:card\" content=\"summary_large_image\" \/>\n<meta name=\"twitter:site\" content=\"@jacobi_carbons\" \/>\n<meta name=\"twitter:label1\" content=\"Tiempo de lectura\" \/>\n\t<meta name=\"twitter:data1\" content=\"2 minutos\" \/>\n<script type=\"application\/ld+json\" class=\"yoast-schema-graph\">{\"@context\":\"https:\\\/\\\/schema.org\",\"@graph\":[{\"@type\":\"WebPage\",\"@id\":\"https:\\\/\\\/www.jacobi.net\\\/es\\\/noticias\\\/\",\"url\":\"https:\\\/\\\/www.jacobi.net\\\/es\\\/noticias\\\/\",\"name\":\"Noticias - Jacobi Group\",\"isPartOf\":{\"@id\":\"https:\\\/\\\/www.jacobi.net\\\/es\\\/#website\"},\"primaryImageOfPage\":{\"@id\":\"https:\\\/\\\/www.jacobi.net\\\/es\\\/noticias\\\/#primaryimage\"},\"image\":{\"@id\":\"https:\\\/\\\/www.jacobi.net\\\/es\\\/noticias\\\/#primaryimage\"},\"thumbnailUrl\":\"https:\\\/\\\/www.jacobi.net\\\/wp-content\\\/uploads\\\/2024\\\/04\\\/header.jpg\",\"datePublished\":\"2025-01-31T12:33:30+00:00\",\"dateModified\":\"2025-02-03T13:31:54+00:00\",\"breadcrumb\":{\"@id\":\"https:\\\/\\\/www.jacobi.net\\\/es\\\/noticias\\\/#breadcrumb\"},\"inLanguage\":\"es\",\"potentialAction\":[{\"@type\":\"ReadAction\",\"target\":[\"https:\\\/\\\/www.jacobi.net\\\/es\\\/noticias\\\/\"]}]},{\"@type\":\"ImageObject\",\"inLanguage\":\"es\",\"@id\":\"https:\\\/\\\/www.jacobi.net\\\/es\\\/noticias\\\/#primaryimage\",\"url\":\"https:\\\/\\\/www.jacobi.net\\\/wp-content\\\/uploads\\\/2024\\\/04\\\/header.jpg\",\"contentUrl\":\"https:\\\/\\\/www.jacobi.net\\\/wp-content\\\/uploads\\\/2024\\\/04\\\/header.jpg\",\"width\":936,\"height\":624},{\"@type\":\"BreadcrumbList\",\"@id\":\"https:\\\/\\\/www.jacobi.net\\\/es\\\/noticias\\\/#breadcrumb\",\"itemListElement\":[{\"@type\":\"ListItem\",\"position\":1,\"name\":\"Home\",\"item\":\"https:\\\/\\\/www.jacobi.net\\\/es\\\/inicio\\\/\"},{\"@type\":\"ListItem\",\"position\":2,\"name\":\"Noticias\"}]},{\"@type\":\"WebSite\",\"@id\":\"https:\\\/\\\/www.jacobi.net\\\/es\\\/#website\",\"url\":\"https:\\\/\\\/www.jacobi.net\\\/es\\\/\",\"name\":\"Jacobi Group\",\"description\":\"The Carbon Company\",\"publisher\":{\"@id\":\"https:\\\/\\\/www.jacobi.net\\\/es\\\/#organization\"},\"potentialAction\":[{\"@type\":\"SearchAction\",\"target\":{\"@type\":\"EntryPoint\",\"urlTemplate\":\"https:\\\/\\\/www.jacobi.net\\\/es\\\/?s={search_term_string}\"},\"query-input\":{\"@type\":\"PropertyValueSpecification\",\"valueRequired\":true,\"valueName\":\"search_term_string\"}}],\"inLanguage\":\"es\"},{\"@type\":\"Organization\",\"@id\":\"https:\\\/\\\/www.jacobi.net\\\/es\\\/#organization\",\"name\":\"Jacobi Group\",\"url\":\"https:\\\/\\\/www.jacobi.net\\\/es\\\/\",\"logo\":{\"@type\":\"ImageObject\",\"inLanguage\":\"es\",\"@id\":\"https:\\\/\\\/www.jacobi.net\\\/es\\\/#\\\/schema\\\/logo\\\/image\\\/\",\"url\":\"https:\\\/\\\/www.jacobi.net\\\/wp-content\\\/uploads\\\/2020\\\/06\\\/jacobi-retina-header.png\",\"contentUrl\":\"https:\\\/\\\/www.jacobi.net\\\/wp-content\\\/uploads\\\/2020\\\/06\\\/jacobi-retina-header.png\",\"width\":196,\"height\":110,\"caption\":\"Jacobi Group\"},\"image\":{\"@id\":\"https:\\\/\\\/www.jacobi.net\\\/es\\\/#\\\/schema\\\/logo\\\/image\\\/\"},\"sameAs\":[\"https:\\\/\\\/www.facebook.com\\\/JacobiCarbonsGroup\",\"https:\\\/\\\/x.com\\\/jacobi_carbons\",\"https:\\\/\\\/www.linkedin.com\\\/company\\\/jacobi-carbons\\\/\",\"https:\\\/\\\/www.youtube.com\\\/channel\\\/UCLMBd_DgwXBihVLpof8Lixg\",\"https:\\\/\\\/sv.wikipedia.org\\\/wiki\\\/Jacobi_Carbons\"]}]}<\/script>\n<!-- \/ Yoast SEO Premium plugin. -->","yoast_head_json":{"title":"Noticias - Jacobi Group","robots":{"index":"index","follow":"follow","max-snippet":"max-snippet:-1","max-image-preview":"max-image-preview:large","max-video-preview":"max-video-preview:-1"},"canonical":"https:\/\/www.jacobi.net\/es\/noticias\/","og_locale":"es_ES","og_type":"article","og_title":"Noticias","og_description":"Ver todoActualit\u00e9 de l&#8217;entreprisePersonnelPlan\u00e8te La Journ\u00e9e mondiale de l&#8217;eau 2021 Depuis 1993, le 22 mars est la Journ\u00e9e mondiale de l&#8217;eau. L&#8217;eau est l&#8217;une des ressources plan\u00e9taires les plus pr\u00e9cieuses et les plus importantes car elle est indispensable \u00e0 la\u2026 Leer m\u00e1s La noix de coco : une mati\u00e8re premi\u00e8re durable ? Dans le cadre&hellip;","og_url":"https:\/\/www.jacobi.net\/es\/noticias\/","og_site_name":"Jacobi Group","article_publisher":"https:\/\/www.facebook.com\/JacobiCarbonsGroup","article_modified_time":"2025-02-03T13:31:54+00:00","og_image":[{"width":936,"height":624,"url":"https:\/\/www.jacobi.net\/wp-content\/uploads\/2024\/04\/header.jpg","type":"image\/jpeg"}],"twitter_card":"summary_large_image","twitter_site":"@jacobi_carbons","twitter_misc":{"Tiempo de lectura":"2 minutos"},"schema":{"@context":"https:\/\/schema.org","@graph":[{"@type":"WebPage","@id":"https:\/\/www.jacobi.net\/es\/noticias\/","url":"https:\/\/www.jacobi.net\/es\/noticias\/","name":"Noticias - Jacobi Group","isPartOf":{"@id":"https:\/\/www.jacobi.net\/es\/#website"},"primaryImageOfPage":{"@id":"https:\/\/www.jacobi.net\/es\/noticias\/#primaryimage"},"image":{"@id":"https:\/\/www.jacobi.net\/es\/noticias\/#primaryimage"},"thumbnailUrl":"https:\/\/www.jacobi.net\/wp-content\/uploads\/2024\/04\/header.jpg","datePublished":"2025-01-31T12:33:30+00:00","dateModified":"2025-02-03T13:31:54+00:00","breadcrumb":{"@id":"https:\/\/www.jacobi.net\/es\/noticias\/#breadcrumb"},"inLanguage":"es","potentialAction":[{"@type":"ReadAction","target":["https:\/\/www.jacobi.net\/es\/noticias\/"]}]},{"@type":"ImageObject","inLanguage":"es","@id":"https:\/\/www.jacobi.net\/es\/noticias\/#primaryimage","url":"https:\/\/www.jacobi.net\/wp-content\/uploads\/2024\/04\/header.jpg","contentUrl":"https:\/\/www.jacobi.net\/wp-content\/uploads\/2024\/04\/header.jpg","width":936,"height":624},{"@type":"BreadcrumbList","@id":"https:\/\/www.jacobi.net\/es\/noticias\/#breadcrumb","itemListElement":[{"@type":"ListItem","position":1,"name":"Home","item":"https:\/\/www.jacobi.net\/es\/inicio\/"},{"@type":"ListItem","position":2,"name":"Noticias"}]},{"@type":"WebSite","@id":"https:\/\/www.jacobi.net\/es\/#website","url":"https:\/\/www.jacobi.net\/es\/","name":"Jacobi Group","description":"The Carbon Company","publisher":{"@id":"https:\/\/www.jacobi.net\/es\/#organization"},"potentialAction":[{"@type":"SearchAction","target":{"@type":"EntryPoint","urlTemplate":"https:\/\/www.jacobi.net\/es\/?s={search_term_string}"},"query-input":{"@type":"PropertyValueSpecification","valueRequired":true,"valueName":"search_term_string"}}],"inLanguage":"es"},{"@type":"Organization","@id":"https:\/\/www.jacobi.net\/es\/#organization","name":"Jacobi Group","url":"https:\/\/www.jacobi.net\/es\/","logo":{"@type":"ImageObject","inLanguage":"es","@id":"https:\/\/www.jacobi.net\/es\/#\/schema\/logo\/image\/","url":"https:\/\/www.jacobi.net\/wp-content\/uploads\/2020\/06\/jacobi-retina-header.png","contentUrl":"https:\/\/www.jacobi.net\/wp-content\/uploads\/2020\/06\/jacobi-retina-header.png","width":196,"height":110,"caption":"Jacobi Group"},"image":{"@id":"https:\/\/www.jacobi.net\/es\/#\/schema\/logo\/image\/"},"sameAs":["https:\/\/www.facebook.com\/JacobiCarbonsGroup","https:\/\/x.com\/jacobi_carbons","https:\/\/www.linkedin.com\/company\/jacobi-carbons\/","https:\/\/www.youtube.com\/channel\/UCLMBd_DgwXBihVLpof8Lixg","https:\/\/sv.wikipedia.org\/wiki\/Jacobi_Carbons"]}]}},"_links":{"self":[{"href":"https:\/\/www.jacobi.net\/es\/wp-json\/wp\/v2\/pages\/46842","targetHints":{"allow":["GET"]}}],"collection":[{"href":"https:\/\/www.jacobi.net\/es\/wp-json\/wp\/v2\/pages"}],"about":[{"href":"https:\/\/www.jacobi.net\/es\/wp-json\/wp\/v2\/types\/page"}],"author":[{"embeddable":true,"href":"https:\/\/www.jacobi.net\/es\/wp-json\/wp\/v2\/users\/1"}],"replies":[{"embeddable":true,"href":"https:\/\/www.jacobi.net\/es\/wp-json\/wp\/v2\/comments?post=46842"}],"version-history":[{"count":0,"href":"https:\/\/www.jacobi.net\/es\/wp-json\/wp\/v2\/pages\/46842\/revisions"}],"wp:featuredmedia":[{"embeddable":true,"href":"https:\/\/www.jacobi.net\/es\/wp-json\/wp\/v2\/media\/46678"}],"wp:attachment":[{"href":"https:\/\/www.jacobi.net\/es\/wp-json\/wp\/v2\/media?parent=46842"}],"curies":[{"name":"wp","href":"https:\/\/api.w.org\/{rel}","templated":true}]}}