{"id":38778,"date":"2015-02-12T23:14:32","date_gmt":"2015-02-12T23:14:32","guid":{"rendered":"https:\/\/www.jacobi.net\/certification-regulations\/"},"modified":"2024-10-18T11:13:27","modified_gmt":"2024-10-18T11:13:27","slug":"certificacion-y-normativa","status":"publish","type":"page","link":"https:\/\/www.jacobi.net\/es\/certificacion-y-normativa\/","title":{"rendered":"Certificaci\u00f3n y Normativa"},"content":{"rendered":"\t\t<div data-elementor-type=\"wp-page\" data-elementor-id=\"38778\" class=\"elementor elementor-38778 elementor-14428\" data-elementor-post-type=\"page\">\n\t\t\t\t<div class=\"elementor-element elementor-element-3511be42 e-flex e-con-boxed e-con e-parent\" data-id=\"3511be42\" data-element_type=\"container\" data-e-type=\"container\">\n\t\t\t\t\t<div class=\"e-con-inner\">\n\t\t\t\t<div class=\"elementor-element elementor-element-3127e224 elementor-widget elementor-widget-text-editor\" data-id=\"3127e224\" data-element_type=\"widget\" data-e-type=\"widget\" data-widget_type=\"text-editor.default\">\n\t\t\t\t<div class=\"elementor-widget-container\">\n\t\t\t\t\t\t\t\t\t<h3><span class=\"breadcrumb-1\">Hay muchos organismos diferentes que legislan y controlan nuestra industria, aqu\u00ed encontrar\u00e1s una lista con algunos de ellos a los que estamos afiliados.<\/span><\/h3><p>American Society for Testing and Materials\u00a0(Sociedad Americana para Pruebas y Materiales)<br \/><a href=\"http:\/\/www.astm.org\/\" target=\"_blank\" rel=\"noopener\">www.astm.org<\/a><\/p><p>National Sanitary Foundation (Fundaci\u00f3n Nacional Sanitaria)<br \/><a href=\"http:\/\/www.nsf.org\/\" target=\"_blank\" rel=\"noopener\">www.nsf.org<\/a><\/p><p>Enlace a los productos enumerados de la NSF de Jacobi:<br \/><a href=\"http:\/\/info.nsf.org\/Certified\/Common\/Company.asp?CompanyName=Jacobi&amp;x=0&amp;y=0\" target=\"_blank\" rel=\"noopener\">http:\/\/info.nsf.org\/Certified\/Common\/Company.asp?CompanyName=Jacobi&amp;x=0&amp;y=0<\/a><\/p><p>REACH<br \/><a href=\"http:\/\/ec.europa.eu\/environment\/chemicals\/reach\/reach_intro.htm\" target=\"_blank\" rel=\"noopener\">http:\/\/ec.europa.eu\/environment\/chemicals\/reach\/reach_intro.htm<\/a><\/p><p>European Chemicals Agency (ECHA) (Agencia Europea de Sustancias Qu\u00edmicas)<br \/><a href=\"http:\/\/echa.europa.eu\/\" target=\"_blank\" rel=\"noopener\">http:\/\/echa.europa.eu<\/a><\/p><p>Bureau Veritas Group<br \/><a href=\"http:\/\/www.bureauveritas.com\/\" target=\"_blank\" rel=\"noopener\">www.bureauveritas.com<\/a><\/p><p>SGS Group<br \/><a href=\"http:\/\/www.sgs.com\/\" target=\"_blank\" rel=\"noopener\">www.sgs.com<\/a><\/p><p>\u00a0<\/p><h3>Enlaces externos<\/h3><p>The Water and Sewerage Journal (Agua y Saneamiento)<\/p><p><a href=\"http:\/\/mediapack.waterjournal.co.uk\/\">http:\/\/mediapack.waterjournal.co.uk\/<\/a><\/p><p>\u00a0<\/p><h3>Compa\u00f1\u00edas del grupo<\/h3><p>Compa\u00f1\u00eda matriz de Jacobi: Osaka Gas<\/p><p><a href=\"http:\/\/www.ogc.co.jp\/shirasagi\/e\/\">Visite la p\u00e1gina web de Osaka Gas. Haga clic aqu\u00ed.<\/a><\/p><p>Divisi\u00f3n operacional: Resinex<\/p><p><a href=\"https:\/\/resinex.jacobi.net\/\">Visite la p\u00e1gina web de Resinex. Haga clic aqu\u00ed.<\/a><\/p><p>\u00a0<\/p><h3>T\u00e9rminos y Condiciones Generales de Venta<\/h3><p><a href=\"https:\/\/www.jacobi.net\/wp-content\/uploads\/2022\/05\/TermsConditions-22-JCG-GER.pdf\">Alemania<\/a><\/p><p>\u00a0<\/p><h3>Certificaci\u00f3n Sostenible<\/h3><p><a href=\"https:\/\/www.wqa.org\/Find-Products\/ctl\/Detail\/mid\/1054\/cid\/JACOBI_CARBONS_INC\/sid\/54\/keyword\/Jacobi\" target=\"_blank\" rel=\"noopener\">https:\/\/www.wqa.org\/Find-Products\/ctl\/Detail\/mid\/1054\/cid\/JACOBI_CARBONS_INC\/sid\/54\/keyword\/Jacobi<\/a><\/p>\t\t\t\t\t\t\t\t<\/div>\n\t\t\t\t<\/div>\n\t\t\t\t\t<\/div>\n\t\t\t\t<\/div>\n\t\t\t\t<\/div>\n\t\t","protected":false},"excerpt":{"rendered":"","protected":false},"author":1,"featured_media":46678,"parent":0,"menu_order":0,"comment_status":"closed","ping_status":"closed","template":"","meta":{"_acf_changed":false,"footnotes":""},"class_list":["post-38778","page","type-page","status-publish","has-post-thumbnail","hentry"],"acf":[],"yoast_head":"<!-- This site is optimized with the Yoast SEO Premium plugin v27.3 (Yoast SEO v27.3) - https:\/\/yoast.com\/product\/yoast-seo-premium-wordpress\/ -->\n<title>Certificaci\u00f3n y Normativa - Jacobi Group<\/title>\n<meta name=\"description\" content=\"Hay muchos organismos diferentes que legislan nuestra industria. Encuentre informaci\u00f3n sobre algunos de ellos a los que Jacobi Carbons est\u00e1 afiliado.\" \/>\n<meta name=\"robots\" content=\"index, follow, max-snippet:-1, max-image-preview:large, max-video-preview:-1\" \/>\n<link rel=\"canonical\" href=\"https:\/\/www.jacobi.net\/es\/certificacion-y-normativa\/\" \/>\n<meta property=\"og:locale\" content=\"es_ES\" \/>\n<meta property=\"og:type\" content=\"article\" \/>\n<meta property=\"og:title\" content=\"Certificaci\u00f3n y Normativa\" \/>\n<meta property=\"og:description\" content=\"Hay muchos organismos diferentes que legislan nuestra industria. Encuentre informaci\u00f3n sobre algunos de ellos a los que Jacobi Carbons est\u00e1 afiliado.\" \/>\n<meta property=\"og:url\" content=\"https:\/\/www.jacobi.net\/es\/certificacion-y-normativa\/\" \/>\n<meta property=\"og:site_name\" content=\"Jacobi Group\" \/>\n<meta property=\"article:publisher\" content=\"https:\/\/www.facebook.com\/JacobiCarbonsGroup\" \/>\n<meta property=\"article:modified_time\" content=\"2024-10-18T11:13:27+00:00\" \/>\n<meta property=\"og:image\" content=\"https:\/\/www.jacobi.net\/wp-content\/uploads\/2020\/04\/jacobi-logo-sttandard-1.png\" \/>\n\t<meta property=\"og:image:width\" content=\"102\" \/>\n\t<meta property=\"og:image:height\" content=\"120\" \/>\n\t<meta property=\"og:image:type\" content=\"image\/png\" \/>\n<meta name=\"twitter:card\" content=\"summary_large_image\" \/>\n<meta name=\"twitter:site\" content=\"@jacobi_carbons\" \/>\n<meta name=\"twitter:label1\" content=\"Tiempo de lectura\" \/>\n\t<meta name=\"twitter:data1\" content=\"1 minuto\" \/>\n<script type=\"application\/ld+json\" class=\"yoast-schema-graph\">{\"@context\":\"https:\\\/\\\/schema.org\",\"@graph\":[{\"@type\":\"WebPage\",\"@id\":\"https:\\\/\\\/www.jacobi.net\\\/es\\\/certificacion-y-normativa\\\/\",\"url\":\"https:\\\/\\\/www.jacobi.net\\\/es\\\/certificacion-y-normativa\\\/\",\"name\":\"Certificaci\u00f3n y Normativa - Jacobi Group\",\"isPartOf\":{\"@id\":\"https:\\\/\\\/www.jacobi.net\\\/es\\\/#website\"},\"primaryImageOfPage\":{\"@id\":\"https:\\\/\\\/www.jacobi.net\\\/es\\\/certificacion-y-normativa\\\/#primaryimage\"},\"image\":{\"@id\":\"https:\\\/\\\/www.jacobi.net\\\/es\\\/certificacion-y-normativa\\\/#primaryimage\"},\"thumbnailUrl\":\"https:\\\/\\\/www.jacobi.net\\\/wp-content\\\/uploads\\\/2024\\\/04\\\/header.jpg\",\"datePublished\":\"2015-02-12T23:14:32+00:00\",\"dateModified\":\"2024-10-18T11:13:27+00:00\",\"description\":\"Hay muchos organismos diferentes que legislan nuestra industria. Encuentre informaci\u00f3n sobre algunos de ellos a los que Jacobi Carbons est\u00e1 afiliado.\",\"breadcrumb\":{\"@id\":\"https:\\\/\\\/www.jacobi.net\\\/es\\\/certificacion-y-normativa\\\/#breadcrumb\"},\"inLanguage\":\"es\",\"potentialAction\":[{\"@type\":\"ReadAction\",\"target\":[\"https:\\\/\\\/www.jacobi.net\\\/es\\\/certificacion-y-normativa\\\/\"]}]},{\"@type\":\"ImageObject\",\"inLanguage\":\"es\",\"@id\":\"https:\\\/\\\/www.jacobi.net\\\/es\\\/certificacion-y-normativa\\\/#primaryimage\",\"url\":\"https:\\\/\\\/www.jacobi.net\\\/wp-content\\\/uploads\\\/2024\\\/04\\\/header.jpg\",\"contentUrl\":\"https:\\\/\\\/www.jacobi.net\\\/wp-content\\\/uploads\\\/2024\\\/04\\\/header.jpg\",\"width\":936,\"height\":624},{\"@type\":\"BreadcrumbList\",\"@id\":\"https:\\\/\\\/www.jacobi.net\\\/es\\\/certificacion-y-normativa\\\/#breadcrumb\",\"itemListElement\":[{\"@type\":\"ListItem\",\"position\":1,\"name\":\"Home\",\"item\":\"https:\\\/\\\/www.jacobi.net\\\/es\\\/inicio\\\/\"},{\"@type\":\"ListItem\",\"position\":2,\"name\":\"Certificaci\u00f3n y Normativa\"}]},{\"@type\":\"WebSite\",\"@id\":\"https:\\\/\\\/www.jacobi.net\\\/es\\\/#website\",\"url\":\"https:\\\/\\\/www.jacobi.net\\\/es\\\/\",\"name\":\"Jacobi Group\",\"description\":\"The Carbon Company\",\"publisher\":{\"@id\":\"https:\\\/\\\/www.jacobi.net\\\/es\\\/#organization\"},\"potentialAction\":[{\"@type\":\"SearchAction\",\"target\":{\"@type\":\"EntryPoint\",\"urlTemplate\":\"https:\\\/\\\/www.jacobi.net\\\/es\\\/?s={search_term_string}\"},\"query-input\":{\"@type\":\"PropertyValueSpecification\",\"valueRequired\":true,\"valueName\":\"search_term_string\"}}],\"inLanguage\":\"es\"},{\"@type\":\"Organization\",\"@id\":\"https:\\\/\\\/www.jacobi.net\\\/es\\\/#organization\",\"name\":\"Jacobi Group\",\"url\":\"https:\\\/\\\/www.jacobi.net\\\/es\\\/\",\"logo\":{\"@type\":\"ImageObject\",\"inLanguage\":\"es\",\"@id\":\"https:\\\/\\\/www.jacobi.net\\\/es\\\/#\\\/schema\\\/logo\\\/image\\\/\",\"url\":\"https:\\\/\\\/www.jacobi.net\\\/wp-content\\\/uploads\\\/2020\\\/06\\\/jacobi-retina-header.png\",\"contentUrl\":\"https:\\\/\\\/www.jacobi.net\\\/wp-content\\\/uploads\\\/2020\\\/06\\\/jacobi-retina-header.png\",\"width\":196,\"height\":110,\"caption\":\"Jacobi Group\"},\"image\":{\"@id\":\"https:\\\/\\\/www.jacobi.net\\\/es\\\/#\\\/schema\\\/logo\\\/image\\\/\"},\"sameAs\":[\"https:\\\/\\\/www.facebook.com\\\/JacobiCarbonsGroup\",\"https:\\\/\\\/x.com\\\/jacobi_carbons\",\"https:\\\/\\\/www.linkedin.com\\\/company\\\/jacobi-carbons\\\/\",\"https:\\\/\\\/www.youtube.com\\\/channel\\\/UCLMBd_DgwXBihVLpof8Lixg\",\"https:\\\/\\\/sv.wikipedia.org\\\/wiki\\\/Jacobi_Carbons\"]}]}<\/script>\n<!-- \/ Yoast SEO Premium plugin. -->","yoast_head_json":{"title":"Certificaci\u00f3n y Normativa - Jacobi Group","description":"Hay muchos organismos diferentes que legislan nuestra industria. Encuentre informaci\u00f3n sobre algunos de ellos a los que Jacobi Carbons est\u00e1 afiliado.","robots":{"index":"index","follow":"follow","max-snippet":"max-snippet:-1","max-image-preview":"max-image-preview:large","max-video-preview":"max-video-preview:-1"},"canonical":"https:\/\/www.jacobi.net\/es\/certificacion-y-normativa\/","og_locale":"es_ES","og_type":"article","og_title":"Certificaci\u00f3n y Normativa","og_description":"Hay muchos organismos diferentes que legislan nuestra industria. Encuentre informaci\u00f3n sobre algunos de ellos a los que Jacobi Carbons est\u00e1 afiliado.","og_url":"https:\/\/www.jacobi.net\/es\/certificacion-y-normativa\/","og_site_name":"Jacobi Group","article_publisher":"https:\/\/www.facebook.com\/JacobiCarbonsGroup","article_modified_time":"2024-10-18T11:13:27+00:00","og_image":[{"width":102,"height":120,"url":"https:\/\/www.jacobi.net\/wp-content\/uploads\/2020\/04\/jacobi-logo-sttandard-1.png","type":"image\/png"}],"twitter_card":"summary_large_image","twitter_site":"@jacobi_carbons","twitter_misc":{"Tiempo de lectura":"1 minuto"},"schema":{"@context":"https:\/\/schema.org","@graph":[{"@type":"WebPage","@id":"https:\/\/www.jacobi.net\/es\/certificacion-y-normativa\/","url":"https:\/\/www.jacobi.net\/es\/certificacion-y-normativa\/","name":"Certificaci\u00f3n y Normativa - Jacobi Group","isPartOf":{"@id":"https:\/\/www.jacobi.net\/es\/#website"},"primaryImageOfPage":{"@id":"https:\/\/www.jacobi.net\/es\/certificacion-y-normativa\/#primaryimage"},"image":{"@id":"https:\/\/www.jacobi.net\/es\/certificacion-y-normativa\/#primaryimage"},"thumbnailUrl":"https:\/\/www.jacobi.net\/wp-content\/uploads\/2024\/04\/header.jpg","datePublished":"2015-02-12T23:14:32+00:00","dateModified":"2024-10-18T11:13:27+00:00","description":"Hay muchos organismos diferentes que legislan nuestra industria. Encuentre informaci\u00f3n sobre algunos de ellos a los que Jacobi Carbons est\u00e1 afiliado.","breadcrumb":{"@id":"https:\/\/www.jacobi.net\/es\/certificacion-y-normativa\/#breadcrumb"},"inLanguage":"es","potentialAction":[{"@type":"ReadAction","target":["https:\/\/www.jacobi.net\/es\/certificacion-y-normativa\/"]}]},{"@type":"ImageObject","inLanguage":"es","@id":"https:\/\/www.jacobi.net\/es\/certificacion-y-normativa\/#primaryimage","url":"https:\/\/www.jacobi.net\/wp-content\/uploads\/2024\/04\/header.jpg","contentUrl":"https:\/\/www.jacobi.net\/wp-content\/uploads\/2024\/04\/header.jpg","width":936,"height":624},{"@type":"BreadcrumbList","@id":"https:\/\/www.jacobi.net\/es\/certificacion-y-normativa\/#breadcrumb","itemListElement":[{"@type":"ListItem","position":1,"name":"Home","item":"https:\/\/www.jacobi.net\/es\/inicio\/"},{"@type":"ListItem","position":2,"name":"Certificaci\u00f3n y Normativa"}]},{"@type":"WebSite","@id":"https:\/\/www.jacobi.net\/es\/#website","url":"https:\/\/www.jacobi.net\/es\/","name":"Jacobi Group","description":"The Carbon Company","publisher":{"@id":"https:\/\/www.jacobi.net\/es\/#organization"},"potentialAction":[{"@type":"SearchAction","target":{"@type":"EntryPoint","urlTemplate":"https:\/\/www.jacobi.net\/es\/?s={search_term_string}"},"query-input":{"@type":"PropertyValueSpecification","valueRequired":true,"valueName":"search_term_string"}}],"inLanguage":"es"},{"@type":"Organization","@id":"https:\/\/www.jacobi.net\/es\/#organization","name":"Jacobi Group","url":"https:\/\/www.jacobi.net\/es\/","logo":{"@type":"ImageObject","inLanguage":"es","@id":"https:\/\/www.jacobi.net\/es\/#\/schema\/logo\/image\/","url":"https:\/\/www.jacobi.net\/wp-content\/uploads\/2020\/06\/jacobi-retina-header.png","contentUrl":"https:\/\/www.jacobi.net\/wp-content\/uploads\/2020\/06\/jacobi-retina-header.png","width":196,"height":110,"caption":"Jacobi Group"},"image":{"@id":"https:\/\/www.jacobi.net\/es\/#\/schema\/logo\/image\/"},"sameAs":["https:\/\/www.facebook.com\/JacobiCarbonsGroup","https:\/\/x.com\/jacobi_carbons","https:\/\/www.linkedin.com\/company\/jacobi-carbons\/","https:\/\/www.youtube.com\/channel\/UCLMBd_DgwXBihVLpof8Lixg","https:\/\/sv.wikipedia.org\/wiki\/Jacobi_Carbons"]}]}},"_links":{"self":[{"href":"https:\/\/www.jacobi.net\/es\/wp-json\/wp\/v2\/pages\/38778","targetHints":{"allow":["GET"]}}],"collection":[{"href":"https:\/\/www.jacobi.net\/es\/wp-json\/wp\/v2\/pages"}],"about":[{"href":"https:\/\/www.jacobi.net\/es\/wp-json\/wp\/v2\/types\/page"}],"author":[{"embeddable":true,"href":"https:\/\/www.jacobi.net\/es\/wp-json\/wp\/v2\/users\/1"}],"replies":[{"embeddable":true,"href":"https:\/\/www.jacobi.net\/es\/wp-json\/wp\/v2\/comments?post=38778"}],"version-history":[{"count":0,"href":"https:\/\/www.jacobi.net\/es\/wp-json\/wp\/v2\/pages\/38778\/revisions"}],"wp:featuredmedia":[{"embeddable":true,"href":"https:\/\/www.jacobi.net\/es\/wp-json\/wp\/v2\/media\/46678"}],"wp:attachment":[{"href":"https:\/\/www.jacobi.net\/es\/wp-json\/wp\/v2\/media?parent=38778"}],"curies":[{"name":"wp","href":"https:\/\/api.w.org\/{rel}","templated":true}]}}