{"id":36284,"date":"2020-12-15T14:09:41","date_gmt":"2020-12-15T14:09:41","guid":{"rendered":"https:\/\/www.jacobi.net\/?page_id=36284"},"modified":"2021-10-19T16:08:49","modified_gmt":"2021-10-19T16:08:49","slug":"sobre-carbones-activos","status":"publish","type":"page","link":"https:\/\/www.jacobi.net\/es\/sobre-carbones-activos\/","title":{"rendered":"Sobre carbones activos"},"content":{"rendered":"<p>[vc_row][vc_column][vc_custom_heading text=\u00bbFREQUENTLY ASKED QUESTIONS\u00bb font_container=\u00bbtag:h1|font_size:16|text_align:left|color:%233a3a3a|line_height:1&#8243; google_fonts=\u00bbfont_family:Noto%20Sans%3Aregular%2Citalic%2C700%2C700italic|font_style:400%20regular%3A400%3Anormal\u00bb el_class=\u00bbeg-spaced-title\u00bb css=\u00bb.vc_custom_1604309598228{margin-left: 2px !important;}\u00bb][vc_separator color=\u00bbcustom\u00bb css=\u00bb.vc_custom_1594139538869{margin-top: -3px !important;}\u00bb accent_color=\u00bb#3a3a3a\u00bb][ultimate_spacer height=\u00bb20&#8243;][vc_row_inner][vc_column_inner width=\u00bb1\/2&#8243;][vc_toggle title=\u00bbWhat is meant by activated carbon?\u00bb style=\u00bbsquare_outline\u00bb]Activated carbon is a processed natural material that is high in carbon content. For example, coal, wood or coconut are perfect raw materials for this. The resulting product has a high porosity and can adsorb molecules of pollutants and trap them, thus purifying air, gases and liquids.[\/vc_toggle][ultimate_spacer height=\u00bb5&#8243;][vc_toggle title=\u00bbWhat forms can activated carbon be supplied in?\u00bb style=\u00bbsquare_outline\u00bb]Activated carbon can be manufactured commercially in granular, pelletised and powdered forms. Different sizes are defined for different applications. For example, in air or gas treatment, the restriction to flow is import, and so coarse particles are used to minimise pressure loss. In liquid treatment, where the removal process is slower, then finer particles are used to improve the rate, or kinetics, of the purification process.[\/vc_toggle][ultimate_spacer height=\u00bb5&#8243;][vc_toggle title=\u00bbHow does activated carbon work?\u00bb style=\u00bbsquare_outline\u00bb]Activated carbon works by a process of adsorption. This is an attraction of a molecule to the carbon\u2019s vast internal surface by weak forces, known as London forces. The molecule is held in place and cannot be removed, unless the process conditions change, for example heating or pressure. This can be useful as an activated carbon can be used to concentrate material on its surface, that can be later stripped and recovered. The use of activated carbon for gold recovery is one common example of this.<\/p>\n<p>In some cases, the activated carbon is chemically treated to remove pollutants and in this case the resulting reacted compound is generally not recovered.<\/p>\n<p>Activated carbon surface is also not completely inert, and a variety of catalytic processes can be achieved using and taking advantage of the extended internal surface area available.[\/vc_toggle][\/vc_column_inner][vc_column_inner width=\u00bb1\/2&#8243;][vc_toggle title=\u00bbHow can activated carbon be used?\u00bb style=\u00bbsquare_outline\u00bb]How an activated carbon is used depends very much on the application duty, and its form. For example, powdered activated carbon (PAC) is used to treat drinking water, by simply adding the required amount directly to the water and then separating the resulting coagulation matter (as well as other solids) before sending the treated water to the network. The contact with the organics present results in adsorption of them and the purification of the water.<\/p>\n<p>Granular carbons (or extruded pellets) are used in fixed filter beds, with the air, gas or liquid passing through it with a determined residence (or contact) time. During this contact the unwanted organics are removed and the treated effluent is purified.[\/vc_toggle][ultimate_spacer height=\u00bb5&#8243;][vc_toggle title=\u00bbHow is activated carbon made?\u00bb style=\u00bbsquare_outline\u00bb]Activated carbon is commercially manufactured from coal, wood, fruit stones (mainly coconut but also walnut, peach) and derivatives of other processes (gas raffinates). Of these coal, wood and coconut are the most widely available.<\/p>\n<p>The product is manufactured by a thermal process, but in the case of raw materials such as wood, a promoter (such as an acid) is also used to develop the required porosity.<\/p>\n<p>Downstream processes crush, screen, wash and\/or grind the multitude of products to the client\u2019s requirements.[\/vc_toggle][ultimate_spacer height=\u00bb5&#8243;][vc_toggle title=\u00bbWhat are the main uses of activated carbon?\u00bb style=\u00bbsquare_outline\u00bb]There are hundreds of different applications for activated carbon ranging from odour control of cat litter to the preparation of the most modern pharmaceuticals.<\/p>\n<p>Around the home, activated carbon may be present in domestic appliances; will most likely have treated the municipal water supply, purified the soft drinks in the refrigerator, and been used in the production of chemicals, in turn used to manufacture electronics, furniture and construction materials.<\/p>\n<p>And more; our waste is burned to generate electricity, the gases from which are purified by activated carbon. Odour control again at sewage processing facilities, uses activated carbon, and the reclamation of precious metals from mining spoils is big business.[\/vc_toggle][ultimate_spacer height=\u00bb5&#8243;][vc_toggle title=\u00bbWhat are the benefits of using activated carbon?\u00bb style=\u00bbsquare_outline\u00bb]If it is not already apparent, activated carbon purifies our world. It makes water drinkable; the air breathable and food stuffs edible. It ensures we have the best healthcare, and that we can enjoy the freedoms, and technological advances of the modern world.<\/p>\n<p>With Jacobi, we can all create a Pure World, just as we have been doing since 1916.[\/vc_toggle][\/vc_column_inner][\/vc_row_inner][ultimate_spacer height=\u00bb50&#8243;][\/vc_column][\/vc_row][vc_row margin_top=\u00bb0&#8243; margin_bottom=\u00bb0&#8243; bg_type=\u00bbno_bg\u00bb][vc_column animation=\u00bb\u00bb][vc_custom_heading text=\u00bbSOBRE CARBONES ACTIVOS\u00bb font_container=\u00bbtag:h1|font_size:16|text_align:left|color:%233a3a3a|line_height:1&#8243; google_fonts=\u00bbfont_family:Noto%20Sans%3Aregular%2Citalic%2C700%2C700italic|font_style:400%20regular%3A400%3Anormal\u00bb el_class=\u00bbeg-spaced-title\u00bb css=\u00bb.vc_custom_1594139616934{margin-left: 2px !important;}\u00bb][vc_separator color=\u00bbcustom\u00bb css=\u00bb.vc_custom_1594139538869{margin-top: -3px !important;}\u00bb accent_color=\u00bb#3a3a3a\u00bb][ultimate_spacer height=\u00bb20&#8243;][vc_column_text]<\/p>\n<p style=\"text-align: left;\">El carb\u00f3n activo tiene muchos usos, desde la filtraci\u00f3n a la depuraci\u00f3n, y m\u00e1s all\u00e1. Aqu\u00ed podr\u00e1 examinar algunos de los usos de los muchos mercados en los que nuestros productos de carb\u00f3n activo se usan junto a una explicaci\u00f3n de c\u00f3mo funcionan. Siga las nuevas publicaciones para estar al d\u00eda sobre el carb\u00f3n activo.<\/p>\n<p>[\/vc_column_text][ultimate_spacer height=\u00bb50&#8243;][\/vc_column][\/vc_row]<\/p>\n","protected":false},"excerpt":{"rendered":"<p>[vc_row][vc_column][vc_custom_heading text=\u00bbFREQUENTLY ASKED QUESTIONS\u00bb font_container=\u00bbtag:h1|font_size:16|text_align:left|color:%233a3a3a|line_height:1&#8243; google_fonts=\u00bbfont_family:Noto%20Sans%3Aregular%2Citalic%2C700%2C700italic|font_style:400%20regular%3A400%3Anormal\u00bb el_class=\u00bbeg-spaced-title\u00bb css=\u00bb.vc_custom_1604309598228{margin-left: 2px !important;}\u00bb][vc_separator color=\u00bbcustom\u00bb css=\u00bb.vc_custom_1594139538869{margin-top: -3px !important;}\u00bb accent_color=\u00bb#3a3a3a\u00bb][ultimate_spacer height=\u00bb20&#8243;][vc_row_inner][vc_column_inner width=\u00bb1\/2&#8243;][vc_toggle title=\u00bbWhat is meant by activated carbon?\u00bb style=\u00bbsquare_outline\u00bb]Activated carbon is a processed natural material that is high in carbon content. For example, coal, wood or coconut are perfect raw materials for this. The resulting product has a high porosity&hellip;<\/p>\n","protected":false},"author":5,"featured_media":0,"parent":0,"menu_order":0,"comment_status":"closed","ping_status":"closed","template":"","meta":{"_acf_changed":false,"footnotes":""},"class_list":["post-36284","page","type-page","status-publish","hentry"],"acf":[],"yoast_head":"<!-- This site is optimized with the Yoast SEO Premium plugin v27.4 (Yoast SEO v27.4) - https:\/\/yoast.com\/product\/yoast-seo-premium-wordpress\/ -->\n<title>Sobre carbones activos - Groupe Jacobi<\/title>\n<meta name=\"description\" content=\"Le charbon actif a de nombreuses applications, allant de la filtration \u00e0 la purification, et bien au-del\u00e0. D\u00e9couvrez comment de nombreux march\u00e9s ont recours aux produits de la marque Jacobi.\" \/>\n<meta name=\"robots\" content=\"index, follow, max-snippet:-1, max-image-preview:large, max-video-preview:-1\" \/>\n<link rel=\"canonical\" href=\"https:\/\/www.jacobi.net\/es\/sobre-carbones-activos\/\" \/>\n<meta property=\"og:locale\" content=\"es_ES\" \/>\n<meta property=\"og:type\" content=\"article\" \/>\n<meta property=\"og:title\" content=\"Sobre carbones activos - Groupe Jacobi\" \/>\n<meta property=\"og:description\" content=\"Le charbon actif a de nombreuses applications, allant de la filtration \u00e0 la purification, et bien au-del\u00e0. D\u00e9couvrez comment de nombreux march\u00e9s ont recours aux produits de la marque Jacobi.\" \/>\n<meta property=\"og:url\" content=\"https:\/\/www.jacobi.net\/es\/sobre-carbones-activos\/\" \/>\n<meta property=\"og:site_name\" content=\"Jacobi Group\" \/>\n<meta property=\"article:publisher\" content=\"https:\/\/www.facebook.com\/JacobiCarbonsGroup\" \/>\n<meta property=\"article:modified_time\" content=\"2021-10-19T16:08:49+00:00\" \/>\n<meta property=\"og:image\" content=\"https:\/\/www.jacobi.net\/wp-content\/uploads\/2020\/04\/jacobi-logo-sttandard-1.png\" \/>\n\t<meta property=\"og:image:width\" content=\"102\" \/>\n\t<meta property=\"og:image:height\" content=\"120\" \/>\n\t<meta property=\"og:image:type\" content=\"image\/png\" \/>\n<meta name=\"twitter:card\" content=\"summary_large_image\" \/>\n<meta name=\"twitter:title\" content=\"Sobre carbones activos\" \/>\n<meta name=\"twitter:site\" content=\"@jacobi_carbons\" \/>\n<meta name=\"twitter:label1\" content=\"Tiempo de lectura\" \/>\n\t<meta name=\"twitter:data1\" content=\"5 minutos\" \/>\n<script type=\"application\/ld+json\" class=\"yoast-schema-graph\">{\"@context\":\"https:\\\/\\\/schema.org\",\"@graph\":[{\"@type\":\"WebPage\",\"@id\":\"https:\\\/\\\/www.jacobi.net\\\/es\\\/sobre-carbones-activos\\\/\",\"url\":\"https:\\\/\\\/www.jacobi.net\\\/es\\\/sobre-carbones-activos\\\/\",\"name\":\"Sobre carbones activos - Groupe Jacobi\",\"isPartOf\":{\"@id\":\"https:\\\/\\\/www.jacobi.net\\\/es\\\/#website\"},\"datePublished\":\"2020-12-15T14:09:41+00:00\",\"dateModified\":\"2021-10-19T16:08:49+00:00\",\"description\":\"Le charbon actif a de nombreuses applications, allant de la filtration \u00e0 la purification, et bien au-del\u00e0. D\u00e9couvrez comment de nombreux march\u00e9s ont recours aux produits de la marque Jacobi.\",\"breadcrumb\":{\"@id\":\"https:\\\/\\\/www.jacobi.net\\\/es\\\/sobre-carbones-activos\\\/#breadcrumb\"},\"inLanguage\":\"es\",\"potentialAction\":[{\"@type\":\"ReadAction\",\"target\":[\"https:\\\/\\\/www.jacobi.net\\\/es\\\/sobre-carbones-activos\\\/\"]}]},{\"@type\":\"BreadcrumbList\",\"@id\":\"https:\\\/\\\/www.jacobi.net\\\/es\\\/sobre-carbones-activos\\\/#breadcrumb\",\"itemListElement\":[{\"@type\":\"ListItem\",\"position\":1,\"name\":\"Home\",\"item\":\"https:\\\/\\\/www.jacobi.net\\\/es\\\/inicio\\\/\"},{\"@type\":\"ListItem\",\"position\":2,\"name\":\"Sobre carbones activos\"}]},{\"@type\":\"WebSite\",\"@id\":\"https:\\\/\\\/www.jacobi.net\\\/es\\\/#website\",\"url\":\"https:\\\/\\\/www.jacobi.net\\\/es\\\/\",\"name\":\"Jacobi Group\",\"description\":\"The Carbon Company\",\"publisher\":{\"@id\":\"https:\\\/\\\/www.jacobi.net\\\/es\\\/#organization\"},\"potentialAction\":[{\"@type\":\"SearchAction\",\"target\":{\"@type\":\"EntryPoint\",\"urlTemplate\":\"https:\\\/\\\/www.jacobi.net\\\/es\\\/?s={search_term_string}\"},\"query-input\":{\"@type\":\"PropertyValueSpecification\",\"valueRequired\":true,\"valueName\":\"search_term_string\"}}],\"inLanguage\":\"es\"},{\"@type\":\"Organization\",\"@id\":\"https:\\\/\\\/www.jacobi.net\\\/es\\\/#organization\",\"name\":\"Jacobi Group\",\"url\":\"https:\\\/\\\/www.jacobi.net\\\/es\\\/\",\"logo\":{\"@type\":\"ImageObject\",\"inLanguage\":\"es\",\"@id\":\"https:\\\/\\\/www.jacobi.net\\\/es\\\/#\\\/schema\\\/logo\\\/image\\\/\",\"url\":\"https:\\\/\\\/www.jacobi.net\\\/wp-content\\\/uploads\\\/2020\\\/06\\\/jacobi-retina-header.png\",\"contentUrl\":\"https:\\\/\\\/www.jacobi.net\\\/wp-content\\\/uploads\\\/2020\\\/06\\\/jacobi-retina-header.png\",\"width\":196,\"height\":110,\"caption\":\"Jacobi Group\"},\"image\":{\"@id\":\"https:\\\/\\\/www.jacobi.net\\\/es\\\/#\\\/schema\\\/logo\\\/image\\\/\"},\"sameAs\":[\"https:\\\/\\\/www.facebook.com\\\/JacobiCarbonsGroup\",\"https:\\\/\\\/x.com\\\/jacobi_carbons\",\"https:\\\/\\\/www.linkedin.com\\\/company\\\/jacobi-carbons\\\/\",\"https:\\\/\\\/www.youtube.com\\\/channel\\\/UCLMBd_DgwXBihVLpof8Lixg\",\"https:\\\/\\\/sv.wikipedia.org\\\/wiki\\\/Jacobi_Carbons\"]}]}<\/script>\n<!-- \/ Yoast SEO Premium plugin. -->","yoast_head_json":{"title":"Sobre carbones activos - Groupe Jacobi","description":"Le charbon actif a de nombreuses applications, allant de la filtration \u00e0 la purification, et bien au-del\u00e0. D\u00e9couvrez comment de nombreux march\u00e9s ont recours aux produits de la marque Jacobi.","robots":{"index":"index","follow":"follow","max-snippet":"max-snippet:-1","max-image-preview":"max-image-preview:large","max-video-preview":"max-video-preview:-1"},"canonical":"https:\/\/www.jacobi.net\/es\/sobre-carbones-activos\/","og_locale":"es_ES","og_type":"article","og_title":"Sobre carbones activos - Groupe Jacobi","og_description":"Le charbon actif a de nombreuses applications, allant de la filtration \u00e0 la purification, et bien au-del\u00e0. D\u00e9couvrez comment de nombreux march\u00e9s ont recours aux produits de la marque Jacobi.","og_url":"https:\/\/www.jacobi.net\/es\/sobre-carbones-activos\/","og_site_name":"Jacobi Group","article_publisher":"https:\/\/www.facebook.com\/JacobiCarbonsGroup","article_modified_time":"2021-10-19T16:08:49+00:00","og_image":[{"width":102,"height":120,"url":"https:\/\/www.jacobi.net\/wp-content\/uploads\/2020\/04\/jacobi-logo-sttandard-1.png","type":"image\/png"}],"twitter_card":"summary_large_image","twitter_title":"Sobre carbones activos","twitter_site":"@jacobi_carbons","twitter_misc":{"Tiempo de lectura":"5 minutos"},"schema":{"@context":"https:\/\/schema.org","@graph":[{"@type":"WebPage","@id":"https:\/\/www.jacobi.net\/es\/sobre-carbones-activos\/","url":"https:\/\/www.jacobi.net\/es\/sobre-carbones-activos\/","name":"Sobre carbones activos - Groupe Jacobi","isPartOf":{"@id":"https:\/\/www.jacobi.net\/es\/#website"},"datePublished":"2020-12-15T14:09:41+00:00","dateModified":"2021-10-19T16:08:49+00:00","description":"Le charbon actif a de nombreuses applications, allant de la filtration \u00e0 la purification, et bien au-del\u00e0. D\u00e9couvrez comment de nombreux march\u00e9s ont recours aux produits de la marque Jacobi.","breadcrumb":{"@id":"https:\/\/www.jacobi.net\/es\/sobre-carbones-activos\/#breadcrumb"},"inLanguage":"es","potentialAction":[{"@type":"ReadAction","target":["https:\/\/www.jacobi.net\/es\/sobre-carbones-activos\/"]}]},{"@type":"BreadcrumbList","@id":"https:\/\/www.jacobi.net\/es\/sobre-carbones-activos\/#breadcrumb","itemListElement":[{"@type":"ListItem","position":1,"name":"Home","item":"https:\/\/www.jacobi.net\/es\/inicio\/"},{"@type":"ListItem","position":2,"name":"Sobre carbones activos"}]},{"@type":"WebSite","@id":"https:\/\/www.jacobi.net\/es\/#website","url":"https:\/\/www.jacobi.net\/es\/","name":"Jacobi Group","description":"The Carbon Company","publisher":{"@id":"https:\/\/www.jacobi.net\/es\/#organization"},"potentialAction":[{"@type":"SearchAction","target":{"@type":"EntryPoint","urlTemplate":"https:\/\/www.jacobi.net\/es\/?s={search_term_string}"},"query-input":{"@type":"PropertyValueSpecification","valueRequired":true,"valueName":"search_term_string"}}],"inLanguage":"es"},{"@type":"Organization","@id":"https:\/\/www.jacobi.net\/es\/#organization","name":"Jacobi Group","url":"https:\/\/www.jacobi.net\/es\/","logo":{"@type":"ImageObject","inLanguage":"es","@id":"https:\/\/www.jacobi.net\/es\/#\/schema\/logo\/image\/","url":"https:\/\/www.jacobi.net\/wp-content\/uploads\/2020\/06\/jacobi-retina-header.png","contentUrl":"https:\/\/www.jacobi.net\/wp-content\/uploads\/2020\/06\/jacobi-retina-header.png","width":196,"height":110,"caption":"Jacobi Group"},"image":{"@id":"https:\/\/www.jacobi.net\/es\/#\/schema\/logo\/image\/"},"sameAs":["https:\/\/www.facebook.com\/JacobiCarbonsGroup","https:\/\/x.com\/jacobi_carbons","https:\/\/www.linkedin.com\/company\/jacobi-carbons\/","https:\/\/www.youtube.com\/channel\/UCLMBd_DgwXBihVLpof8Lixg","https:\/\/sv.wikipedia.org\/wiki\/Jacobi_Carbons"]}]}},"_links":{"self":[{"href":"https:\/\/www.jacobi.net\/es\/wp-json\/wp\/v2\/pages\/36284","targetHints":{"allow":["GET"]}}],"collection":[{"href":"https:\/\/www.jacobi.net\/es\/wp-json\/wp\/v2\/pages"}],"about":[{"href":"https:\/\/www.jacobi.net\/es\/wp-json\/wp\/v2\/types\/page"}],"author":[{"embeddable":true,"href":"https:\/\/www.jacobi.net\/es\/wp-json\/wp\/v2\/users\/5"}],"replies":[{"embeddable":true,"href":"https:\/\/www.jacobi.net\/es\/wp-json\/wp\/v2\/comments?post=36284"}],"version-history":[{"count":0,"href":"https:\/\/www.jacobi.net\/es\/wp-json\/wp\/v2\/pages\/36284\/revisions"}],"wp:attachment":[{"href":"https:\/\/www.jacobi.net\/es\/wp-json\/wp\/v2\/media?parent=36284"}],"curies":[{"name":"wp","href":"https:\/\/api.w.org\/{rel}","templated":true}]}}