{"id":38173,"date":"2015-02-12T23:14:32","date_gmt":"2015-02-12T23:14:32","guid":{"rendered":"https:\/\/www.jacobi.net\/certification-regulations\/"},"modified":"2024-10-08T04:28:58","modified_gmt":"2024-10-08T04:28:58","slug":"zertifizierungen-und-vorschriften","status":"publish","type":"page","link":"https:\/\/www.jacobi.net\/de\/zertifizierungen-und-vorschriften\/","title":{"rendered":"Zertifizierungen Und Vorschriften"},"content":{"rendered":"\t\t<div data-elementor-type=\"wp-page\" data-elementor-id=\"38173\" class=\"elementor elementor-38173 elementor-14428\" data-elementor-post-type=\"page\">\n\t\t\t\t<div class=\"elementor-element elementor-element-3511be42 e-flex e-con-boxed e-con e-parent\" data-id=\"3511be42\" data-element_type=\"container\" data-e-type=\"container\">\n\t\t\t\t\t<div class=\"e-con-inner\">\n\t\t\t\t<div class=\"elementor-element elementor-element-3127e224 elementor-widget elementor-widget-text-editor\" data-id=\"3127e224\" data-element_type=\"widget\" data-e-type=\"widget\" data-widget_type=\"text-editor.default\">\n\t\t\t\t<div class=\"elementor-widget-container\">\n\t\t\t\t\t\t\t\t\t<h3><span class=\"breadcrumb-1\">There are many different bodies legislating our industry, here is a list of just a few of them that we are affiliated with.<br \/><\/span><\/h3><p>American Society for Testing and Materials<br \/><a href=\"http:\/\/www.astm.org\/\" target=\"_blank\" rel=\"noopener\">www.astm.org<\/a><\/p><p>National Sanitary Foundation<br \/><a href=\"http:\/\/www.nsf.org\/\" target=\"_blank\" rel=\"noopener\">www.nsf.org<\/a><\/p><p>Link to Jacobi&#8217;s NSF listed products:<br \/><a href=\"http:\/\/info.nsf.org\/Certified\/Common\/Company.asp?CompanyName=Jacobi&amp;x=0&amp;y=0\" target=\"_blank\" rel=\"noopener\">http:\/\/info.nsf.org\/Certified\/Common\/Company.asp?CompanyName=Jacobi&amp;x=0&amp;y=0<\/a><\/p><p>REACH<br \/><a href=\"http:\/\/ec.europa.eu\/environment\/chemicals\/reach\/reach_intro.htm\" target=\"_blank\" rel=\"noopener\">http:\/\/ec.europa.eu\/environment\/chemicals\/reach\/reach_intro.htm<\/a><\/p><p>European Chemicals Agency (ECHA)<br \/><a href=\"http:\/\/echa.europa.eu\/\" target=\"_blank\" rel=\"noopener\">http:\/\/echa.europa.eu<\/a><\/p><p>Bureau Veritas Group<br \/><a href=\"http:\/\/www.bureauveritas.com\/\" target=\"_blank\" rel=\"noopener\">www.bureauveritas.com<\/a><\/p><p>SGS Group<br \/><a href=\"http:\/\/www.sgs.com\/\" target=\"_blank\" rel=\"noopener\">www.sgs.com<\/a><\/p><p>\u00a0<\/p><h3>External Links<\/h3><p>The Water and Sewerage Journal<\/p><p><a href=\"http:\/\/mediapack.waterjournal.co.uk\/\">http:\/\/mediapack.waterjournal.co.uk\/<\/a><\/p><p>\u00a0<\/p><h3>Group Companies<\/h3><p>Jacobi Parent Company &#8211; Osaka Gas<\/p><p><a href=\"http:\/\/www.ogc.co.jp\/shirasagi\/e\/\">Visit the Osaka Gas Website. Click Here.<\/a><\/p><p>Operational Division &#8211; Resinex<\/p><p><a href=\"https:\/\/resinex.jacobi.net\/\">Visit the Resinex Website. Click Here.<\/a><\/p><p>\u00a0<\/p><h3>General Terms and Conditions of Sale<\/h3><p>Germany: \u00a0\u00a0<a href=\"https:\/\/www.jacobi.net\/wp-content\/uploads\/2022\/05\/TermsConditions-22-JCG-GER.pdf\">Click here<\/a><\/p><p>\u00a0<\/p><h3>Sustainability Certification<\/h3><p><a href=\"https:\/\/www.wqa.org\/Find-Products\/ctl\/Detail\/mid\/1054\/cid\/JACOBI_CARBONS_INC\/sid\/54\/keyword\/Jacobi\" target=\"_blank\" rel=\"noopener\">https:\/\/www.wqa.org\/Find-Products\/ctl\/Detail\/mid\/1054\/cid\/JACOBI_CARBONS_INC\/sid\/54\/keyword\/Jacobi<\/a><\/p>\t\t\t\t\t\t\t\t<\/div>\n\t\t\t\t<\/div>\n\t\t\t\t\t<\/div>\n\t\t\t\t<\/div>\n\t\t\t\t<\/div>\n\t\t","protected":false},"excerpt":{"rendered":"","protected":false},"author":1,"featured_media":46674,"parent":0,"menu_order":0,"comment_status":"closed","ping_status":"closed","template":"","meta":{"_acf_changed":false,"footnotes":""},"class_list":["post-38173","page","type-page","status-publish","has-post-thumbnail","hentry"],"acf":[],"yoast_head":"<!-- This site is optimized with the Yoast SEO Premium plugin v27.5 (Yoast SEO v27.5) - https:\/\/yoast.com\/product\/yoast-seo-premium-wordpress\/ -->\n<title>Zertifizierungen Und Vorschriften - Jacobi Group<\/title>\n<meta name=\"description\" content=\"Es gibt zahlreiche Beh\u00f6rden, die f\u00fcr die Gesetzgebung in unserer Branche zust\u00e4ndig sind. Lesen Sie hier weitere Informationen zu einigen der Unternehmen, mit denen Jacobi Carbons zusammenarbeitet.\" \/>\n<meta name=\"robots\" content=\"index, follow, max-snippet:-1, max-image-preview:large, max-video-preview:-1\" \/>\n<link rel=\"canonical\" href=\"https:\/\/www.jacobi.net\/de\/zertifizierungen-und-vorschriften\/\" \/>\n<meta property=\"og:locale\" content=\"de_DE\" \/>\n<meta property=\"og:type\" content=\"article\" \/>\n<meta property=\"og:title\" content=\"Zertifizierungen Und Vorschriften\" \/>\n<meta property=\"og:description\" content=\"Es gibt zahlreiche Beh\u00f6rden, die f\u00fcr die Gesetzgebung in unserer Branche zust\u00e4ndig sind. Lesen Sie hier weitere Informationen zu einigen der Unternehmen, mit denen Jacobi Carbons zusammenarbeitet.\" \/>\n<meta property=\"og:url\" content=\"https:\/\/www.jacobi.net\/de\/zertifizierungen-und-vorschriften\/\" \/>\n<meta property=\"og:site_name\" content=\"Jacobi Group\" \/>\n<meta property=\"article:publisher\" content=\"https:\/\/www.facebook.com\/JacobiCarbonsGroup\" \/>\n<meta property=\"article:modified_time\" content=\"2024-10-08T04:28:58+00:00\" \/>\n<meta property=\"og:image\" content=\"https:\/\/www.jacobi.net\/wp-content\/uploads\/2020\/04\/jacobi-logo-sttandard-1.png\" \/>\n\t<meta property=\"og:image:width\" content=\"102\" \/>\n\t<meta property=\"og:image:height\" content=\"120\" \/>\n\t<meta property=\"og:image:type\" content=\"image\/png\" \/>\n<meta name=\"twitter:card\" content=\"summary_large_image\" \/>\n<meta name=\"twitter:site\" content=\"@jacobi_carbons\" \/>\n<script type=\"application\/ld+json\" class=\"yoast-schema-graph\">{\"@context\":\"https:\\\/\\\/schema.org\",\"@graph\":[{\"@type\":\"WebPage\",\"@id\":\"https:\\\/\\\/www.jacobi.net\\\/de\\\/zertifizierungen-und-vorschriften\\\/\",\"url\":\"https:\\\/\\\/www.jacobi.net\\\/de\\\/zertifizierungen-und-vorschriften\\\/\",\"name\":\"Zertifizierungen Und Vorschriften - Jacobi Group\",\"isPartOf\":{\"@id\":\"https:\\\/\\\/www.jacobi.net\\\/de\\\/#website\"},\"primaryImageOfPage\":{\"@id\":\"https:\\\/\\\/www.jacobi.net\\\/de\\\/zertifizierungen-und-vorschriften\\\/#primaryimage\"},\"image\":{\"@id\":\"https:\\\/\\\/www.jacobi.net\\\/de\\\/zertifizierungen-und-vorschriften\\\/#primaryimage\"},\"thumbnailUrl\":\"https:\\\/\\\/www.jacobi.net\\\/wp-content\\\/uploads\\\/2024\\\/04\\\/header.jpg\",\"datePublished\":\"2015-02-12T23:14:32+00:00\",\"dateModified\":\"2024-10-08T04:28:58+00:00\",\"description\":\"Es gibt zahlreiche Beh\u00f6rden, die f\u00fcr die Gesetzgebung in unserer Branche zust\u00e4ndig sind. Lesen Sie hier weitere Informationen zu einigen der Unternehmen, mit denen Jacobi Carbons zusammenarbeitet.\",\"breadcrumb\":{\"@id\":\"https:\\\/\\\/www.jacobi.net\\\/de\\\/zertifizierungen-und-vorschriften\\\/#breadcrumb\"},\"inLanguage\":\"de-DE\",\"potentialAction\":[{\"@type\":\"ReadAction\",\"target\":[\"https:\\\/\\\/www.jacobi.net\\\/de\\\/zertifizierungen-und-vorschriften\\\/\"]}]},{\"@type\":\"ImageObject\",\"inLanguage\":\"de-DE\",\"@id\":\"https:\\\/\\\/www.jacobi.net\\\/de\\\/zertifizierungen-und-vorschriften\\\/#primaryimage\",\"url\":\"https:\\\/\\\/www.jacobi.net\\\/wp-content\\\/uploads\\\/2024\\\/04\\\/header.jpg\",\"contentUrl\":\"https:\\\/\\\/www.jacobi.net\\\/wp-content\\\/uploads\\\/2024\\\/04\\\/header.jpg\",\"width\":936,\"height\":624},{\"@type\":\"BreadcrumbList\",\"@id\":\"https:\\\/\\\/www.jacobi.net\\\/de\\\/zertifizierungen-und-vorschriften\\\/#breadcrumb\",\"itemListElement\":[{\"@type\":\"ListItem\",\"position\":1,\"name\":\"Home\",\"item\":\"https:\\\/\\\/www.jacobi.net\\\/de\\\/start\\\/\"},{\"@type\":\"ListItem\",\"position\":2,\"name\":\"Zertifizierungen Und Vorschriften\"}]},{\"@type\":\"WebSite\",\"@id\":\"https:\\\/\\\/www.jacobi.net\\\/de\\\/#website\",\"url\":\"https:\\\/\\\/www.jacobi.net\\\/de\\\/\",\"name\":\"Jacobi Group\",\"description\":\"The Carbon Company\",\"publisher\":{\"@id\":\"https:\\\/\\\/www.jacobi.net\\\/de\\\/#organization\"},\"potentialAction\":[{\"@type\":\"SearchAction\",\"target\":{\"@type\":\"EntryPoint\",\"urlTemplate\":\"https:\\\/\\\/www.jacobi.net\\\/de\\\/?s={search_term_string}\"},\"query-input\":{\"@type\":\"PropertyValueSpecification\",\"valueRequired\":true,\"valueName\":\"search_term_string\"}}],\"inLanguage\":\"de-DE\"},{\"@type\":\"Organization\",\"@id\":\"https:\\\/\\\/www.jacobi.net\\\/de\\\/#organization\",\"name\":\"Jacobi Group\",\"url\":\"https:\\\/\\\/www.jacobi.net\\\/de\\\/\",\"logo\":{\"@type\":\"ImageObject\",\"inLanguage\":\"de-DE\",\"@id\":\"https:\\\/\\\/www.jacobi.net\\\/de\\\/#\\\/schema\\\/logo\\\/image\\\/\",\"url\":\"https:\\\/\\\/www.jacobi.net\\\/wp-content\\\/uploads\\\/2020\\\/06\\\/jacobi-retina-header.png\",\"contentUrl\":\"https:\\\/\\\/www.jacobi.net\\\/wp-content\\\/uploads\\\/2020\\\/06\\\/jacobi-retina-header.png\",\"width\":196,\"height\":110,\"caption\":\"Jacobi Group\"},\"image\":{\"@id\":\"https:\\\/\\\/www.jacobi.net\\\/de\\\/#\\\/schema\\\/logo\\\/image\\\/\"},\"sameAs\":[\"https:\\\/\\\/www.facebook.com\\\/JacobiCarbonsGroup\",\"https:\\\/\\\/x.com\\\/jacobi_carbons\",\"https:\\\/\\\/www.linkedin.com\\\/company\\\/jacobi-carbons\\\/\",\"https:\\\/\\\/www.youtube.com\\\/channel\\\/UCLMBd_DgwXBihVLpof8Lixg\",\"https:\\\/\\\/sv.wikipedia.org\\\/wiki\\\/Jacobi_Carbons\"]}]}<\/script>\n<!-- \/ Yoast SEO Premium plugin. -->","yoast_head_json":{"title":"Zertifizierungen Und Vorschriften - Jacobi Group","description":"Es gibt zahlreiche Beh\u00f6rden, die f\u00fcr die Gesetzgebung in unserer Branche zust\u00e4ndig sind. Lesen Sie hier weitere Informationen zu einigen der Unternehmen, mit denen Jacobi Carbons zusammenarbeitet.","robots":{"index":"index","follow":"follow","max-snippet":"max-snippet:-1","max-image-preview":"max-image-preview:large","max-video-preview":"max-video-preview:-1"},"canonical":"https:\/\/www.jacobi.net\/de\/zertifizierungen-und-vorschriften\/","og_locale":"de_DE","og_type":"article","og_title":"Zertifizierungen Und Vorschriften","og_description":"Es gibt zahlreiche Beh\u00f6rden, die f\u00fcr die Gesetzgebung in unserer Branche zust\u00e4ndig sind. Lesen Sie hier weitere Informationen zu einigen der Unternehmen, mit denen Jacobi Carbons zusammenarbeitet.","og_url":"https:\/\/www.jacobi.net\/de\/zertifizierungen-und-vorschriften\/","og_site_name":"Jacobi Group","article_publisher":"https:\/\/www.facebook.com\/JacobiCarbonsGroup","article_modified_time":"2024-10-08T04:28:58+00:00","og_image":[{"width":102,"height":120,"url":"https:\/\/www.jacobi.net\/wp-content\/uploads\/2020\/04\/jacobi-logo-sttandard-1.png","type":"image\/png"}],"twitter_card":"summary_large_image","twitter_site":"@jacobi_carbons","schema":{"@context":"https:\/\/schema.org","@graph":[{"@type":"WebPage","@id":"https:\/\/www.jacobi.net\/de\/zertifizierungen-und-vorschriften\/","url":"https:\/\/www.jacobi.net\/de\/zertifizierungen-und-vorschriften\/","name":"Zertifizierungen Und Vorschriften - Jacobi Group","isPartOf":{"@id":"https:\/\/www.jacobi.net\/de\/#website"},"primaryImageOfPage":{"@id":"https:\/\/www.jacobi.net\/de\/zertifizierungen-und-vorschriften\/#primaryimage"},"image":{"@id":"https:\/\/www.jacobi.net\/de\/zertifizierungen-und-vorschriften\/#primaryimage"},"thumbnailUrl":"https:\/\/www.jacobi.net\/wp-content\/uploads\/2024\/04\/header.jpg","datePublished":"2015-02-12T23:14:32+00:00","dateModified":"2024-10-08T04:28:58+00:00","description":"Es gibt zahlreiche Beh\u00f6rden, die f\u00fcr die Gesetzgebung in unserer Branche zust\u00e4ndig sind. Lesen Sie hier weitere Informationen zu einigen der Unternehmen, mit denen Jacobi Carbons zusammenarbeitet.","breadcrumb":{"@id":"https:\/\/www.jacobi.net\/de\/zertifizierungen-und-vorschriften\/#breadcrumb"},"inLanguage":"de-DE","potentialAction":[{"@type":"ReadAction","target":["https:\/\/www.jacobi.net\/de\/zertifizierungen-und-vorschriften\/"]}]},{"@type":"ImageObject","inLanguage":"de-DE","@id":"https:\/\/www.jacobi.net\/de\/zertifizierungen-und-vorschriften\/#primaryimage","url":"https:\/\/www.jacobi.net\/wp-content\/uploads\/2024\/04\/header.jpg","contentUrl":"https:\/\/www.jacobi.net\/wp-content\/uploads\/2024\/04\/header.jpg","width":936,"height":624},{"@type":"BreadcrumbList","@id":"https:\/\/www.jacobi.net\/de\/zertifizierungen-und-vorschriften\/#breadcrumb","itemListElement":[{"@type":"ListItem","position":1,"name":"Home","item":"https:\/\/www.jacobi.net\/de\/start\/"},{"@type":"ListItem","position":2,"name":"Zertifizierungen Und Vorschriften"}]},{"@type":"WebSite","@id":"https:\/\/www.jacobi.net\/de\/#website","url":"https:\/\/www.jacobi.net\/de\/","name":"Jacobi Group","description":"The Carbon Company","publisher":{"@id":"https:\/\/www.jacobi.net\/de\/#organization"},"potentialAction":[{"@type":"SearchAction","target":{"@type":"EntryPoint","urlTemplate":"https:\/\/www.jacobi.net\/de\/?s={search_term_string}"},"query-input":{"@type":"PropertyValueSpecification","valueRequired":true,"valueName":"search_term_string"}}],"inLanguage":"de-DE"},{"@type":"Organization","@id":"https:\/\/www.jacobi.net\/de\/#organization","name":"Jacobi Group","url":"https:\/\/www.jacobi.net\/de\/","logo":{"@type":"ImageObject","inLanguage":"de-DE","@id":"https:\/\/www.jacobi.net\/de\/#\/schema\/logo\/image\/","url":"https:\/\/www.jacobi.net\/wp-content\/uploads\/2020\/06\/jacobi-retina-header.png","contentUrl":"https:\/\/www.jacobi.net\/wp-content\/uploads\/2020\/06\/jacobi-retina-header.png","width":196,"height":110,"caption":"Jacobi Group"},"image":{"@id":"https:\/\/www.jacobi.net\/de\/#\/schema\/logo\/image\/"},"sameAs":["https:\/\/www.facebook.com\/JacobiCarbonsGroup","https:\/\/x.com\/jacobi_carbons","https:\/\/www.linkedin.com\/company\/jacobi-carbons\/","https:\/\/www.youtube.com\/channel\/UCLMBd_DgwXBihVLpof8Lixg","https:\/\/sv.wikipedia.org\/wiki\/Jacobi_Carbons"]}]}},"_links":{"self":[{"href":"https:\/\/www.jacobi.net\/de\/wp-json\/wp\/v2\/pages\/38173","targetHints":{"allow":["GET"]}}],"collection":[{"href":"https:\/\/www.jacobi.net\/de\/wp-json\/wp\/v2\/pages"}],"about":[{"href":"https:\/\/www.jacobi.net\/de\/wp-json\/wp\/v2\/types\/page"}],"author":[{"embeddable":true,"href":"https:\/\/www.jacobi.net\/de\/wp-json\/wp\/v2\/users\/1"}],"replies":[{"embeddable":true,"href":"https:\/\/www.jacobi.net\/de\/wp-json\/wp\/v2\/comments?post=38173"}],"version-history":[{"count":0,"href":"https:\/\/www.jacobi.net\/de\/wp-json\/wp\/v2\/pages\/38173\/revisions"}],"wp:featuredmedia":[{"embeddable":true,"href":"https:\/\/www.jacobi.net\/de\/wp-json\/wp\/v2\/media\/46674"}],"wp:attachment":[{"href":"https:\/\/www.jacobi.net\/de\/wp-json\/wp\/v2\/media?parent=38173"}],"curies":[{"name":"wp","href":"https:\/\/api.w.org\/{rel}","templated":true}]}}